{"id":19640,"date":"2019-03-04T09:35:00","date_gmt":"2019-03-04T09:35:00","guid":{"rendered":"https:\/\/www.gernikagogoratuz.org\/?page_id=19640"},"modified":"2025-10-23T17:04:49","modified_gmt":"2025-10-23T16:04:49","slug":"maria-oianguren-idigoras","status":"publish","type":"page","link":"https:\/\/www.gernikagogoratuz.org\/en\/presentation\/maria-oianguren-idigoras\/","title":{"rendered":"Mar\u00eda Oianguren Id\u00edgoras"},"content":{"rendered":"<div class=\"wpb-content-wrapper\"><p>[vc_row content_width=&#8221;grid&#8221; css=&#8221;.vc_custom_1491569179737{padding-bottom: 90px !important;}&#8221;][vc_column offset=&#8221;vc_col-lg-6 vc_col-md-6 vc_col-xs-12&#8243;][vc_single_image image=&#8221;40995&#8243; img_size=&#8221;full&#8221; css=&#8221;&#8221;][vc_empty_space height=&#8221;35px&#8221;][\/vc_column][vc_column offset=&#8221;vc_col-lg-6 vc_col-md-6 vc_col-xs-12&#8243; el_id=&#8221;ficha-columna&#8221;]<div class=\"edgtf-elements-holder edgtf-responsive-mode-768\" ><div class=\"edgtf-elements-holder-item \" data-item-class=\"edgtf-elements-holder-custom-909009\" data-1280-1600=\"2% 7% 2% 5%\" data-1024-1280=\"2% 7% 2% 5%\" data-768-1024=\"2% 0% 2% 3%\" data-600-768=\"5% 0% 1% 0%\" >\n\t\t<div class=\"edgtf-elements-holder-item-inner\">\n\t\t<div class=\"edgtf-elements-holder-item-content edgtf-elements-holder-custom-909009\" style=\"padding: 2% 7% 2% 5%\">\n\t\t\t[vc_column_text][\/vc_column_text][vc_empty_space height=&#8221;35px&#8221;][vc_column_text]Director of Gernika Gogoratuz Peace Research Centre since 2002.<\/p>\n<p>Member of the AIPAZ\u00b4s Board of Directors, the Spanish Association of Research for Peace, Eurobasque. Basque Council of the European Movement, Gernikatik Mundura-ONGD and Board of the Urdaibai Biosphere Reserve Cooperation Council. She has been president of the Forum of Associations of Education in Human Rights and Peace (2007-2011) and president of the Consultative Council of the Plan for Coexistence and Human Rights of the Basque Government (2018-2020). She is also member of Women&#8217;s International League for Peace and Freedom (WILPF).<\/p>\n<p>Master\u2019s in Ethics for Social Construction, Deusto University, 2019-2020.<\/p>\n<p>Higher course in Business Management and Cultural Associations, organized by Xabide. Cultural Management and Communication, Complutense University of Madrid, 2001.<\/p>\n<p>Degree in Philosophy and Education Sciences from the EHU \/ UPV, 1989.[\/vc_column_text][vc_empty_space height=&#8221;35px&#8221;][vc_column_text]<\/p>\n<h3>Acknowledgements<\/h3>\n<p>The Basque Government <a href=\"https:\/\/www.euskadi.eus\/premio-rene-cassin-proyecto\/web01-s1lehbak\/es\/\" target=\"_blank\" rel=\"noopener noreferrer\"><strong>Ren\u00e9 Cassin Award for Human Right<\/strong><\/a>s, shared ex aequo with the International Peace Brigades (BIP), 2010.[\/vc_column_text][vc_empty_space height=&#8221;35px&#8221;][vc_column_text]<\/p>\n<h3>Publishing<\/h3>\n<ul>\n<li><a href=\"https:\/\/www.gernikagogoratuz.org\/portfolio-item\/paradigmas-seguridad-prohibicion-armas-nucleares\/\" target=\"_blank\" rel=\"noopener\">Paradigmas de la seguridad y prohibici\u00f3n de armas nucleares y aut\u00f3nomas<\/a>. Jokin Alberdi Bidaguren y Mar\u00eda Oianguren Idigoras (coords.). Doc 22. 2021<\/li>\n<li><a href=\"https:\/\/www.gernikagogoratuz.org\/en\/portfolio-item\/conflict-alternatives-life-maria-oianguren-idigoras\/\" target=\"_blank\" rel=\"noopener noreferrer\">Conflicto y alternativas de vida. la vida como pr\u00e1ctica emancipadora. <\/a>2020<\/li>\n<li><a href=\"https:\/\/www.gernikagogoratuz.org\/en\/portfolio-item\/laboratorios-para-la-construccion-social-de-memoria-en-el-pais-vasco-maria-oianguren-revista-por-la-paz-no-27-icip\/\" target=\"_blank\" rel=\"noopener noreferrer\">Laboratorios para la construcci\u00f3n social de memoria en el Pa\u00eds Vasco<\/a>. Revista Por la Paz. n\u00ba 27. ICIP. 2016<\/li>\n<li><a href=\"https:\/\/www.gernikagogoratuz.org\/en\/portfolio-item\/the-artivist-embarkation-alex-carrascosa-iratxe-momoitio-and-maria-oianguren\/\" target=\"_blank\" rel=\"noopener noreferrer\">La embarcada artivista \u2013 Itsasoratze artibista<\/a>. Alex Carrascosa, Iratxe Momoitio y Maria Oianguren. 2016<\/li>\n<li><a href=\"https:\/\/www.gernikagogoratuz.org\/en\/portfolio-item\/derechos-humanos-construccion-paz-pais-vasco\/\" target=\"_blank\" rel=\"noopener noreferrer\">Derechos humanos y construcci\u00f3n de paz en el Pa\u00eds Vasco<\/a>. Mila Garc\u00eda de la Torre, Mar\u00eda Oianguren, Gorka Ruiz y Josu Ugarte. 2012<\/li>\n<li><a href=\"https:\/\/www.gernikagogoratuz.org\/en\/portfolio-item\/experiencias-pedagogicas-memoria-victimas-terrorismo-dictaduras\/\" target=\"_blank\" rel=\"noopener noreferrer\">Experiencias pedag\u00f3gicas en torno a la memoria de las v\u00edctimas del terrorismo y las dictaduras<\/a>. Mar\u00eda Oianguren Idigoras y Karmele Soli\u00f1o Queiruga. 2010<\/li>\n<li><a href=\"https:\/\/www.gernikagogoratuz.org\/en\/portfolio-item\/historias-de-vida-lugares-simbolicos-y-reconstruccion-de-identidades-en-la-construccion\/\" target=\"_blank\" rel=\"noopener noreferrer\">Historias de vida, lugares simb\u00f3licos y reconstrucci\u00f3n de identidades en la construcci\u00f3n de la paz XIX Jornadas Internacionales de Cultura y Paz de Gernika<\/a>. 2010<\/li>\n<li><a href=\"https:\/\/www.gernikagogoratuz.org\/en\/portfolio-item\/cosmopolitismo-construccion-paz\/\" target=\"_blank\" rel=\"noopener noreferrer\">Cosmopolitismo y construcci\u00f3n local de paz. XVIII Jornadas Internacionales de Cultura y Paz de Gernika<\/a>. 2009<\/li>\n<li><a href=\"https:\/\/www.gernikagogoratuz.org\/en\/portfolio-item\/pedagogy-of-memory-the-bombing-of-guernica-peace-pedagogy-through-memory-and-art-by-maria-oianguren-and-alex-carrascosa-coords\/\" target=\"_blank\" rel=\"noopener noreferrer\">Pedagog\u00eda de la Memoria. El Bombardeo de Gernika. Pedagog\u00eda de Paz a trav\u00e9s de la memoria y el arte<\/a>. Mar\u00eda Oianguren y Alex Carrascosa (coords.). 2008<\/li>\n<li><a href=\"https:\/\/www.gernikagogoratuz.org\/en\/portfolio-item\/investigacion-paz-pais-vasco\/\" target=\"_blank\" rel=\"noopener noreferrer\">El papel de la investigaci\u00f3n para la paz ante la violencia en el Pa\u00eds Vasco<\/a>. 2006<\/li>\n<\/ul>\n<p>[\/vc_column_text][vc_empty_space height=&#8221;35px&#8221;][vc_column_text]<\/p>\n<h3>Contact information<\/h3>\n<p>[\/vc_column_text][vc_empty_space height=&#8221;35px&#8221;]\t\t<\/div>\n\t<\/div>\n\t<\/div><\/div><div class=\"edgtf-elements-holder edgtf-four-columns edgtf-responsive-mode-never\" ><div class=\"edgtf-elements-holder-item edgtf-vertical-alignment-top\" data-item-class=\"edgtf-elements-holder-custom-226192\" data-1280-1600=\"0px 10px 0px 33px\" data-1024-1280=\"0px 10px 0px 33px\" data-768-1024=\"0px 6px 0px 14px\" >\n\t\t<div class=\"edgtf-elements-holder-item-inner\">\n\t\t<div class=\"edgtf-elements-holder-item-content edgtf-elements-holder-custom-226192\" style=\"padding: 0px 10px 0px 33px\">\n\t\t\t[vc_empty_space height=&#8221;5px&#8221;][vc_column_text]<\/p>\n<h5>Email:<\/h5>\n<p>[\/vc_column_text][vc_empty_space height=&#8221;50px&#8221;]\t\t<\/div>\n\t<\/div>\n\t<\/div><div class=\"edgtf-elements-holder-item \" data-item-class=\"edgtf-elements-holder-custom-326897\" data-1280-1600=\"0px 0px 0px 0px\" data-1024-1280=\"0px 0px 0px 0px\" data-768-1024=\"2% 2% 2% 2%\" >\n\t\t<div class=\"edgtf-elements-holder-item-inner\">\n\t\t<div class=\"edgtf-elements-holder-item-content edgtf-elements-holder-custom-326897\" style=\"padding: 0px 0px 0px 0px\">\n\t\t\t[vc_column_text]<a href=\"mailto:mariaoianguren@gernikagogoratuz.org\">mariaoianguren@gernikagogoratuz.org<\/a>[\/vc_column_text][vc_empty_space height=&#8221;40px&#8221;]\t\t<\/div>\n\t<\/div>\n\t<\/div><\/div>[\/vc_column][\/vc_row]<\/p>\n<\/div>","protected":false},"excerpt":{"rendered":"<p>[vc_row content_width=&#8221;grid&#8221; css=&#8221;.vc_custom_1491569179737{padding-bottom: 90px !important;}&#8221;][vc_column offset=&#8221;vc_col-lg-6 vc_col-md-6 vc_col-xs-12&#8243;][vc_single_image image=&#8221;40995&#8243; img_size=&#8221;full&#8221; css=&#8221;&#8221;][vc_empty_space height=&#8221;35px&#8221;][\/vc_column][vc_column offset=&#8221;vc_col-lg-6 vc_col-md-6 vc_col-xs-12&#8243; el_id=&#8221;ficha-columna&#8221;][\/vc_column][\/vc_row]<\/p>\n","protected":false},"author":5,"featured_media":0,"parent":19632,"menu_order":0,"comment_status":"closed","ping_status":"closed","template":"full-width.php","meta":{"inline_featured_image":false,"footnotes":""},"class_list":["post-19640","page","type-page","status-publish","hentry"],"yoast_head":"<!-- This site is optimized with the Yoast SEO plugin v27.3 - https:\/\/yoast.com\/product\/yoast-seo-wordpress\/ -->\n<title>Gernika Gogoratuz. Centro de Investigaci\u00f3n por la Paz. Mar\u00eda Oianguren<\/title>\n<meta name=\"description\" content=\"Brief curriculum, profile and contact of Maria Oianguren, Director of Gernika Gogoratuz\" \/>\n<meta name=\"robots\" content=\"index, follow, max-snippet:-1, max-image-preview:large, max-video-preview:-1\" \/>\n<link rel=\"canonical\" href=\"https:\/\/www.gernikagogoratuz.org\/en\/presentation\/maria-oianguren-idigoras\/\" \/>\n<meta property=\"og:locale\" content=\"en_US\" \/>\n<meta property=\"og:type\" content=\"article\" \/>\n<meta property=\"og:title\" content=\"Gernika Gogoratuz. Centro de Investigaci\u00f3n por la Paz. Mar\u00eda Oianguren\" \/>\n<meta property=\"og:description\" content=\"Brief curriculum, profile and contact of Maria Oianguren, Director of Gernika Gogoratuz\" \/>\n<meta property=\"og:url\" content=\"https:\/\/www.gernikagogoratuz.org\/en\/presentation\/maria-oianguren-idigoras\/\" \/>\n<meta property=\"og:site_name\" content=\"Gernika Gogoratuz\" \/>\n<meta property=\"article:publisher\" content=\"https:\/\/www.facebook.com\/GernikaGogoratuzFundacion\" \/>\n<meta property=\"article:modified_time\" content=\"2025-10-23T16:04:49+00:00\" \/>\n<meta name=\"twitter:card\" content=\"summary_large_image\" \/>\n<meta name=\"twitter:site\" content=\"@GGogoratuz\" \/>\n<meta name=\"twitter:label1\" content=\"Est. reading time\" \/>\n\t<meta name=\"twitter:data1\" content=\"3 minutes\" \/>\n<script type=\"application\/ld+json\" class=\"yoast-schema-graph\">{\"@context\":\"https:\\\/\\\/schema.org\",\"@graph\":[{\"@type\":\"WebPage\",\"@id\":\"https:\\\/\\\/www.gernikagogoratuz.org\\\/en\\\/presentation\\\/maria-oianguren-idigoras\\\/\",\"url\":\"https:\\\/\\\/www.gernikagogoratuz.org\\\/en\\\/presentation\\\/maria-oianguren-idigoras\\\/\",\"name\":\"Gernika Gogoratuz. Centro de Investigaci\u00f3n por la Paz. Mar\u00eda Oianguren\",\"isPartOf\":{\"@id\":\"https:\\\/\\\/www.gernikagogoratuz.org\\\/en\\\/#website\"},\"datePublished\":\"2019-03-04T09:35:00+00:00\",\"dateModified\":\"2025-10-23T16:04:49+00:00\",\"description\":\"Brief curriculum, profile and contact of Maria Oianguren, Director of Gernika Gogoratuz\",\"breadcrumb\":{\"@id\":\"https:\\\/\\\/www.gernikagogoratuz.org\\\/en\\\/presentation\\\/maria-oianguren-idigoras\\\/#breadcrumb\"},\"inLanguage\":\"en-US\",\"potentialAction\":[{\"@type\":\"ReadAction\",\"target\":[\"https:\\\/\\\/www.gernikagogoratuz.org\\\/en\\\/presentation\\\/maria-oianguren-idigoras\\\/\"]}]},{\"@type\":\"BreadcrumbList\",\"@id\":\"https:\\\/\\\/www.gernikagogoratuz.org\\\/en\\\/presentation\\\/maria-oianguren-idigoras\\\/#breadcrumb\",\"itemListElement\":[{\"@type\":\"ListItem\",\"position\":1,\"name\":\"Portada\",\"item\":\"https:\\\/\\\/www.gernikagogoratuz.org\\\/en\\\/\"},{\"@type\":\"ListItem\",\"position\":2,\"name\":\"Presentation\",\"item\":\"https:\\\/\\\/www.gernikagogoratuz.org\\\/en\\\/presentation\\\/\"},{\"@type\":\"ListItem\",\"position\":3,\"name\":\"Mar\u00eda Oianguren Id\u00edgoras\"}]},{\"@type\":\"WebSite\",\"@id\":\"https:\\\/\\\/www.gernikagogoratuz.org\\\/en\\\/#website\",\"url\":\"https:\\\/\\\/www.gernikagogoratuz.org\\\/en\\\/\",\"name\":\"Gernika Gogoratuz\",\"description\":\"Centro de investigaci\u00f3n por la paz\",\"publisher\":{\"@id\":\"https:\\\/\\\/www.gernikagogoratuz.org\\\/en\\\/#organization\"},\"potentialAction\":[{\"@type\":\"SearchAction\",\"target\":{\"@type\":\"EntryPoint\",\"urlTemplate\":\"https:\\\/\\\/www.gernikagogoratuz.org\\\/en\\\/?s={search_term_string}\"},\"query-input\":{\"@type\":\"PropertyValueSpecification\",\"valueRequired\":true,\"valueName\":\"search_term_string\"}}],\"inLanguage\":\"en-US\"},{\"@type\":\"Organization\",\"@id\":\"https:\\\/\\\/www.gernikagogoratuz.org\\\/en\\\/#organization\",\"name\":\"Gernika Gogoratuz. Centro de Investigaci\u00f3n por la Paz.\",\"url\":\"https:\\\/\\\/www.gernikagogoratuz.org\\\/en\\\/\",\"logo\":{\"@type\":\"ImageObject\",\"inLanguage\":\"en-US\",\"@id\":\"https:\\\/\\\/www.gernikagogoratuz.org\\\/en\\\/#\\\/schema\\\/logo\\\/image\\\/\",\"url\":\"https:\\\/\\\/www.gernikagogoratuz.org\\\/wp-content\\\/uploads\\\/2018\\\/10\\\/gernikagogoratuzogo_es.svg\",\"contentUrl\":\"https:\\\/\\\/www.gernikagogoratuz.org\\\/wp-content\\\/uploads\\\/2018\\\/10\\\/gernikagogoratuzogo_es.svg\",\"width\":1,\"height\":1,\"caption\":\"Gernika Gogoratuz. Centro de Investigaci\u00f3n por la Paz.\"},\"image\":{\"@id\":\"https:\\\/\\\/www.gernikagogoratuz.org\\\/en\\\/#\\\/schema\\\/logo\\\/image\\\/\"},\"sameAs\":[\"https:\\\/\\\/www.facebook.com\\\/GernikaGogoratuzFundacion\",\"https:\\\/\\\/x.com\\\/GGogoratuz\",\"https:\\\/\\\/www.youtube.com\\\/user\\\/gernikagogoratuz\\\/videos\"]}]}<\/script>\n<!-- \/ Yoast SEO plugin. -->","yoast_head_json":{"title":"Gernika Gogoratuz. Centro de Investigaci\u00f3n por la Paz. Mar\u00eda Oianguren","description":"Brief curriculum, profile and contact of Maria Oianguren, Director of Gernika Gogoratuz","robots":{"index":"index","follow":"follow","max-snippet":"max-snippet:-1","max-image-preview":"max-image-preview:large","max-video-preview":"max-video-preview:-1"},"canonical":"https:\/\/www.gernikagogoratuz.org\/en\/presentation\/maria-oianguren-idigoras\/","og_locale":"en_US","og_type":"article","og_title":"Gernika Gogoratuz. Centro de Investigaci\u00f3n por la Paz. Mar\u00eda Oianguren","og_description":"Brief curriculum, profile and contact of Maria Oianguren, Director of Gernika Gogoratuz","og_url":"https:\/\/www.gernikagogoratuz.org\/en\/presentation\/maria-oianguren-idigoras\/","og_site_name":"Gernika Gogoratuz","article_publisher":"https:\/\/www.facebook.com\/GernikaGogoratuzFundacion","article_modified_time":"2025-10-23T16:04:49+00:00","twitter_card":"summary_large_image","twitter_site":"@GGogoratuz","twitter_misc":{"Est. reading time":"3 minutes"},"schema":{"@context":"https:\/\/schema.org","@graph":[{"@type":"WebPage","@id":"https:\/\/www.gernikagogoratuz.org\/en\/presentation\/maria-oianguren-idigoras\/","url":"https:\/\/www.gernikagogoratuz.org\/en\/presentation\/maria-oianguren-idigoras\/","name":"Gernika Gogoratuz. Centro de Investigaci\u00f3n por la Paz. Mar\u00eda Oianguren","isPartOf":{"@id":"https:\/\/www.gernikagogoratuz.org\/en\/#website"},"datePublished":"2019-03-04T09:35:00+00:00","dateModified":"2025-10-23T16:04:49+00:00","description":"Brief curriculum, profile and contact of Maria Oianguren, Director of Gernika Gogoratuz","breadcrumb":{"@id":"https:\/\/www.gernikagogoratuz.org\/en\/presentation\/maria-oianguren-idigoras\/#breadcrumb"},"inLanguage":"en-US","potentialAction":[{"@type":"ReadAction","target":["https:\/\/www.gernikagogoratuz.org\/en\/presentation\/maria-oianguren-idigoras\/"]}]},{"@type":"BreadcrumbList","@id":"https:\/\/www.gernikagogoratuz.org\/en\/presentation\/maria-oianguren-idigoras\/#breadcrumb","itemListElement":[{"@type":"ListItem","position":1,"name":"Portada","item":"https:\/\/www.gernikagogoratuz.org\/en\/"},{"@type":"ListItem","position":2,"name":"Presentation","item":"https:\/\/www.gernikagogoratuz.org\/en\/presentation\/"},{"@type":"ListItem","position":3,"name":"Mar\u00eda Oianguren Id\u00edgoras"}]},{"@type":"WebSite","@id":"https:\/\/www.gernikagogoratuz.org\/en\/#website","url":"https:\/\/www.gernikagogoratuz.org\/en\/","name":"Gernika Gogoratuz","description":"Centro de investigaci\u00f3n por la paz","publisher":{"@id":"https:\/\/www.gernikagogoratuz.org\/en\/#organization"},"potentialAction":[{"@type":"SearchAction","target":{"@type":"EntryPoint","urlTemplate":"https:\/\/www.gernikagogoratuz.org\/en\/?s={search_term_string}"},"query-input":{"@type":"PropertyValueSpecification","valueRequired":true,"valueName":"search_term_string"}}],"inLanguage":"en-US"},{"@type":"Organization","@id":"https:\/\/www.gernikagogoratuz.org\/en\/#organization","name":"Gernika Gogoratuz. Centro de Investigaci\u00f3n por la Paz.","url":"https:\/\/www.gernikagogoratuz.org\/en\/","logo":{"@type":"ImageObject","inLanguage":"en-US","@id":"https:\/\/www.gernikagogoratuz.org\/en\/#\/schema\/logo\/image\/","url":"https:\/\/www.gernikagogoratuz.org\/wp-content\/uploads\/2018\/10\/gernikagogoratuzogo_es.svg","contentUrl":"https:\/\/www.gernikagogoratuz.org\/wp-content\/uploads\/2018\/10\/gernikagogoratuzogo_es.svg","width":1,"height":1,"caption":"Gernika Gogoratuz. Centro de Investigaci\u00f3n por la Paz."},"image":{"@id":"https:\/\/www.gernikagogoratuz.org\/en\/#\/schema\/logo\/image\/"},"sameAs":["https:\/\/www.facebook.com\/GernikaGogoratuzFundacion","https:\/\/x.com\/GGogoratuz","https:\/\/www.youtube.com\/user\/gernikagogoratuz\/videos"]}]}},"_links":{"self":[{"href":"https:\/\/www.gernikagogoratuz.org\/en\/wp-json\/wp\/v2\/pages\/19640","targetHints":{"allow":["GET"]}}],"collection":[{"href":"https:\/\/www.gernikagogoratuz.org\/en\/wp-json\/wp\/v2\/pages"}],"about":[{"href":"https:\/\/www.gernikagogoratuz.org\/en\/wp-json\/wp\/v2\/types\/page"}],"author":[{"embeddable":true,"href":"https:\/\/www.gernikagogoratuz.org\/en\/wp-json\/wp\/v2\/users\/5"}],"replies":[{"embeddable":true,"href":"https:\/\/www.gernikagogoratuz.org\/en\/wp-json\/wp\/v2\/comments?post=19640"}],"version-history":[{"count":7,"href":"https:\/\/www.gernikagogoratuz.org\/en\/wp-json\/wp\/v2\/pages\/19640\/revisions"}],"predecessor-version":[{"id":41030,"href":"https:\/\/www.gernikagogoratuz.org\/en\/wp-json\/wp\/v2\/pages\/19640\/revisions\/41030"}],"up":[{"embeddable":true,"href":"https:\/\/www.gernikagogoratuz.org\/en\/wp-json\/wp\/v2\/pages\/19632"}],"wp:attachment":[{"href":"https:\/\/www.gernikagogoratuz.org\/en\/wp-json\/wp\/v2\/media?parent=19640"}],"curies":[{"name":"wp","href":"https:\/\/api.w.org\/{rel}","templated":true}]}}