{"id":19749,"date":"2019-03-04T16:57:30","date_gmt":"2019-03-04T16:57:30","guid":{"rendered":"https:\/\/www.gernikagogoratuz.org\/?page_id=19749"},"modified":"2025-10-01T10:35:05","modified_gmt":"2025-10-01T09:35:05","slug":"transparency-website","status":"publish","type":"page","link":"https:\/\/www.gernikagogoratuz.org\/en\/transparency-website\/","title":{"rendered":"Transparency Website"},"content":{"rendered":"<div class=\"wpb-content-wrapper\"><p>[vc_row][vc_column][vc_column_text css=&#8221;&#8221; el_class=&#8221;transparencia&#8221;]<strong>INSTITUTIONAL INFORMATION<\/strong><\/p>\n<p><strong><a href=\"https:\/\/www.gernikagogoratuz.org\/wp-content\/uploads\/2024\/03\/Boletin-oficial-parlamento-vasco.pdf\" target=\"_blank\" rel=\"noopener\">Agreement for the establishment of a Peace Studies Centre in Gernika<\/a><\/strong><\/p>\n<p><a href=\"https:\/\/www.gernikagogoratuz.org\/wp-content\/uploads\/2025\/10\/ORGANIGRAMA-GGG.pdf\" target=\"_blank\" rel=\"noopener noreferrer\"><strong>Organigram <\/strong><\/a><\/p>\n<p><strong>\u00a0<\/strong><\/p>\n<p><strong>LEGAL INFORMATION<\/strong><\/p>\n<ul>\n<li><a href=\"https:\/\/www.gernikagogoratuz.org\/wp-content\/uploads\/2022\/02\/REGISTRO-GERNIKA-GOGORATUZ-ESTATUTOS-CASTELLANO-2021-1.pdf\" target=\"_blank\" rel=\"noopener\"><strong>Gernika Gogoratuz Asociation&#8217;s statutes<\/strong><\/a><\/li>\n<li><a href=\"https:\/\/www.gernikagogoratuz.org\/wp-content\/uploads\/2024\/10\/FGGG-Estatutos-adaptados-a-Ley-2016-2024.pdf\" target=\"_blank\" rel=\"noopener noreferrer\"><strong>Gernika Gogoratuz Foundation\u00b4s Statutes<\/strong><\/a><\/li>\n<li><strong><a href=\"https:\/\/www.gernikagogoratuz.org\/wp-content\/uploads\/2019\/02\/Fundacio\u0301n_Orden-Registro.pdf\" target=\"_blank\" rel=\"noopener noreferrer\">Publication in the BOPV Foundations Register <\/a> <\/strong><\/li>\n<\/ul>\n<p><strong>\u00a0<\/strong><\/p>\n<p><strong>ECONOMIC AND FINANCIAL INFORMATION<\/strong><\/p>\n<ul>\n<li><a href=\"https:\/\/www.gernikagogoratuz.org\/wp-content\/uploads\/2025\/10\/FGGG-Auditoria-2023.pdf\" target=\"_blank\" rel=\"noopener noreferrer\"><strong>Independent Audit Information of Shorten Annual Accounts 2023<\/strong><\/a><\/li>\n<li><a href=\"https:\/\/www.gernikagogoratuz.org\/wp-content\/uploads\/2024\/02\/FGG-INFORME-DE-AUDITORIA-Y-CCAA-ABREVIADAS-2022.pdf\" target=\"_blank\" rel=\"noopener noreferrer\"><strong>Independent Audit Information of Shorten Annual Accounts 2022<\/strong><\/a><\/li>\n<li><a href=\"https:\/\/www.gernikagogoratuz.org\/wp-content\/uploads\/2023\/01\/FGG-INFORME-DE-AUDITORIA-Y-CCAA-2021.pdf\" target=\"_blank\" rel=\"noopener noreferrer\"><strong>Independent Audit Information of Shorten Annual Accounts 2021<\/strong><\/a><\/li>\n<li><a href=\"https:\/\/www.gernikagogoratuz.org\/wp-content\/uploads\/2022\/03\/FGGG-INFORME-DE-AUDITORIA-Y-CCAA-2020.pdf\" target=\"_blank\" rel=\"noopener noreferrer\"><strong>Independent Audit Information of Shorten Annual Accounts 2020<\/strong><\/a><\/li>\n<li><a href=\"https:\/\/www.gernikagogoratuz.org\/wp-content\/uploads\/2021\/01\/Informe-de-auditoria-y-CCAA-2019-FGG.pdf\" target=\"_blank\" rel=\"noopener noreferrer\"><strong>Independent Audit Information of Shorten Annual Accounts 2019<\/strong><\/a><\/li>\n<li><a href=\"https:\/\/www.gernikagogoratuz.org\/wp-content\/uploads\/2020\/01\/CCAA-Gernika-Gogoratuz-2018-para-Digital_signed_signed.pdf\" target=\"_blank\" rel=\"noopener noreferrer\"><strong>Independent Audit Information of Shorten Annual Accounts 2018<\/strong><\/a><\/li>\n<li><a href=\"https:\/\/www.gernikagogoratuz.org\/wp-content\/uploads\/2019\/02\/Fundacion-Gernika-2017.pdf\" target=\"_blank\" rel=\"noopener noreferrer\"><strong>Independent Audit Information of Shorten Annual Accounts 2017<\/strong><\/a><\/li>\n<li><a href=\"https:\/\/www.gernikagogoratuz.org\/wp-content\/uploads\/2019\/02\/Fundacio\u0301n-Gernika-2016.pdf\" target=\"_blank\" rel=\"noopener noreferrer\"><strong>Independent Audit Information of Shorten Annual Accounts 2016<\/strong><\/a><\/li>\n<li><a href=\"https:\/\/www.gernikagogoratuz.org\/wp-content\/uploads\/2019\/02\/Fundacio\u0301n-Gernika-2015.pdf\" target=\"_blank\" rel=\"noopener noreferrer\"><strong>Independent Audit Information of Shorten Annual Accounts 2015<\/strong><\/a><\/li>\n<\/ul>\n<p><strong>\u00a0<\/strong><\/p>\n<p><strong>GENERAL INFORMATION<\/strong><\/p>\n<ul>\n<li><a href=\"https:\/\/www.gernikagogoratuz.org\/wp-content\/uploads\/2025\/10\/GGG-MEMORIA-2024.pdf\"><strong>Annual report<\/strong><\/a><\/li>\n<li><a href=\"https:\/\/www.gernikagogoratuz.org\/en\/agenda\/\" target=\"_blank\" rel=\"noopener noreferrer\"><strong>Center\u00b4s Agenda<\/strong><\/a><\/li>\n<li><a href=\"https:\/\/www.gernikagogoratuz.org\/en\/news\/\" target=\"_blank\" rel=\"noopener noreferrer\"><strong>Center\u00b4s News<\/strong><\/a><\/li>\n<li><a href=\"https:\/\/www.gernikagogoratuz.org\/en\/contact\/\" target=\"_blank\" rel=\"noopener noreferrer\"><strong>Location and contact<\/strong><\/a><\/li>\n<\/ul>\n<p>[\/vc_column_text][\/vc_column][\/vc_row]<\/p>\n<\/div>","protected":false},"excerpt":{"rendered":"<p>[vc_row][vc_column][vc_column_text css=&#8221;&#8221; el_class=&#8221;transparencia&#8221;]INSTITUTIONAL INFORMATION Agreement for the establishment of a Peace Studies Centre in Gernika Organigram \u00a0 LEGAL INFORMATION Gernika Gogoratuz Asociation&#8217;s statutes Gernika Gogoratuz Foundation\u00b4s Statutes Publication in the BOPV Foundations Register \u00a0 ECONOMIC AND FINANCIAL INFORMATION Independent Audit Information of Shorten Annual Accounts 2023 Independent Audit Information of Shorten Annual Accounts 2022 Independent&#8230;<\/p>\n","protected":false},"author":5,"featured_media":0,"parent":0,"menu_order":0,"comment_status":"closed","ping_status":"open","template":"","meta":{"inline_featured_image":false,"footnotes":""},"class_list":["post-19749","page","type-page","status-publish","hentry"],"yoast_head":"<!-- This site is optimized with the Yoast SEO plugin v27.4 - https:\/\/yoast.com\/product\/yoast-seo-wordpress\/ -->\n<title>Gernika Gogoratuz. Centro de Investigaci\u00f3n por la Paz<\/title>\n<meta name=\"description\" content=\"Investigaci\u00f3n, formaci\u00f3n y divulgaci\u00f3n de la Cultura de Paz. Gernika, Ciudad de la Paz en el Siglo XXI. Centro de Estudios por la Paz.\" \/>\n<meta name=\"robots\" content=\"index, follow, max-snippet:-1, max-image-preview:large, max-video-preview:-1\" \/>\n<link rel=\"canonical\" href=\"https:\/\/www.gernikagogoratuz.org\/en\/transparency-website\/\" \/>\n<meta property=\"og:locale\" content=\"en_US\" \/>\n<meta property=\"og:type\" content=\"article\" \/>\n<meta property=\"og:title\" content=\"Gernika Gogoratuz. Centro de Investigaci\u00f3n por la Paz\" \/>\n<meta property=\"og:description\" content=\"Investigaci\u00f3n, formaci\u00f3n y divulgaci\u00f3n de la Cultura de Paz. Gernika, Ciudad de la Paz en el Siglo XXI. Centro de Estudios por la Paz.\" \/>\n<meta property=\"og:url\" content=\"https:\/\/www.gernikagogoratuz.org\/en\/transparency-website\/\" \/>\n<meta property=\"og:site_name\" content=\"Gernika Gogoratuz\" \/>\n<meta property=\"article:publisher\" content=\"https:\/\/www.facebook.com\/GernikaGogoratuzFundacion\" \/>\n<meta property=\"article:modified_time\" content=\"2025-10-01T09:35:05+00:00\" \/>\n<meta name=\"twitter:card\" content=\"summary_large_image\" \/>\n<meta name=\"twitter:site\" content=\"@GGogoratuz\" \/>\n<meta name=\"twitter:label1\" content=\"Est. reading time\" \/>\n\t<meta name=\"twitter:data1\" content=\"1 minute\" \/>\n<script type=\"application\/ld+json\" class=\"yoast-schema-graph\">{\"@context\":\"https:\\\/\\\/schema.org\",\"@graph\":[{\"@type\":\"WebPage\",\"@id\":\"https:\\\/\\\/www.gernikagogoratuz.org\\\/en\\\/transparency-website\\\/\",\"url\":\"https:\\\/\\\/www.gernikagogoratuz.org\\\/en\\\/transparency-website\\\/\",\"name\":\"Gernika Gogoratuz. Centro de Investigaci\u00f3n por la Paz\",\"isPartOf\":{\"@id\":\"https:\\\/\\\/www.gernikagogoratuz.org\\\/en\\\/#website\"},\"datePublished\":\"2019-03-04T16:57:30+00:00\",\"dateModified\":\"2025-10-01T09:35:05+00:00\",\"description\":\"Investigaci\u00f3n, formaci\u00f3n y divulgaci\u00f3n de la Cultura de Paz. Gernika, Ciudad de la Paz en el Siglo XXI. Centro de Estudios por la Paz.\",\"breadcrumb\":{\"@id\":\"https:\\\/\\\/www.gernikagogoratuz.org\\\/en\\\/transparency-website\\\/#breadcrumb\"},\"inLanguage\":\"en-US\",\"potentialAction\":[{\"@type\":\"ReadAction\",\"target\":[\"https:\\\/\\\/www.gernikagogoratuz.org\\\/en\\\/transparency-website\\\/\"]}]},{\"@type\":\"BreadcrumbList\",\"@id\":\"https:\\\/\\\/www.gernikagogoratuz.org\\\/en\\\/transparency-website\\\/#breadcrumb\",\"itemListElement\":[{\"@type\":\"ListItem\",\"position\":1,\"name\":\"Portada\",\"item\":\"https:\\\/\\\/www.gernikagogoratuz.org\\\/en\\\/\"},{\"@type\":\"ListItem\",\"position\":2,\"name\":\"Transparency Website\"}]},{\"@type\":\"WebSite\",\"@id\":\"https:\\\/\\\/www.gernikagogoratuz.org\\\/en\\\/#website\",\"url\":\"https:\\\/\\\/www.gernikagogoratuz.org\\\/en\\\/\",\"name\":\"Gernika Gogoratuz\",\"description\":\"Centro de investigaci\u00f3n por la paz\",\"publisher\":{\"@id\":\"https:\\\/\\\/www.gernikagogoratuz.org\\\/en\\\/#organization\"},\"potentialAction\":[{\"@type\":\"SearchAction\",\"target\":{\"@type\":\"EntryPoint\",\"urlTemplate\":\"https:\\\/\\\/www.gernikagogoratuz.org\\\/en\\\/?s={search_term_string}\"},\"query-input\":{\"@type\":\"PropertyValueSpecification\",\"valueRequired\":true,\"valueName\":\"search_term_string\"}}],\"inLanguage\":\"en-US\"},{\"@type\":\"Organization\",\"@id\":\"https:\\\/\\\/www.gernikagogoratuz.org\\\/en\\\/#organization\",\"name\":\"Gernika Gogoratuz. Centro de Investigaci\u00f3n por la Paz.\",\"url\":\"https:\\\/\\\/www.gernikagogoratuz.org\\\/en\\\/\",\"logo\":{\"@type\":\"ImageObject\",\"inLanguage\":\"en-US\",\"@id\":\"https:\\\/\\\/www.gernikagogoratuz.org\\\/en\\\/#\\\/schema\\\/logo\\\/image\\\/\",\"url\":\"https:\\\/\\\/www.gernikagogoratuz.org\\\/wp-content\\\/uploads\\\/2018\\\/10\\\/gernikagogoratuzogo_es.svg\",\"contentUrl\":\"https:\\\/\\\/www.gernikagogoratuz.org\\\/wp-content\\\/uploads\\\/2018\\\/10\\\/gernikagogoratuzogo_es.svg\",\"width\":1,\"height\":1,\"caption\":\"Gernika Gogoratuz. Centro de Investigaci\u00f3n por la Paz.\"},\"image\":{\"@id\":\"https:\\\/\\\/www.gernikagogoratuz.org\\\/en\\\/#\\\/schema\\\/logo\\\/image\\\/\"},\"sameAs\":[\"https:\\\/\\\/www.facebook.com\\\/GernikaGogoratuzFundacion\",\"https:\\\/\\\/x.com\\\/GGogoratuz\",\"https:\\\/\\\/www.youtube.com\\\/user\\\/gernikagogoratuz\\\/videos\"]}]}<\/script>\n<!-- \/ Yoast SEO plugin. -->","yoast_head_json":{"title":"Gernika Gogoratuz. Centro de Investigaci\u00f3n por la Paz","description":"Investigaci\u00f3n, formaci\u00f3n y divulgaci\u00f3n de la Cultura de Paz. Gernika, Ciudad de la Paz en el Siglo XXI. Centro de Estudios por la Paz.","robots":{"index":"index","follow":"follow","max-snippet":"max-snippet:-1","max-image-preview":"max-image-preview:large","max-video-preview":"max-video-preview:-1"},"canonical":"https:\/\/www.gernikagogoratuz.org\/en\/transparency-website\/","og_locale":"en_US","og_type":"article","og_title":"Gernika Gogoratuz. Centro de Investigaci\u00f3n por la Paz","og_description":"Investigaci\u00f3n, formaci\u00f3n y divulgaci\u00f3n de la Cultura de Paz. Gernika, Ciudad de la Paz en el Siglo XXI. Centro de Estudios por la Paz.","og_url":"https:\/\/www.gernikagogoratuz.org\/en\/transparency-website\/","og_site_name":"Gernika Gogoratuz","article_publisher":"https:\/\/www.facebook.com\/GernikaGogoratuzFundacion","article_modified_time":"2025-10-01T09:35:05+00:00","twitter_card":"summary_large_image","twitter_site":"@GGogoratuz","twitter_misc":{"Est. reading time":"1 minute"},"schema":{"@context":"https:\/\/schema.org","@graph":[{"@type":"WebPage","@id":"https:\/\/www.gernikagogoratuz.org\/en\/transparency-website\/","url":"https:\/\/www.gernikagogoratuz.org\/en\/transparency-website\/","name":"Gernika Gogoratuz. Centro de Investigaci\u00f3n por la Paz","isPartOf":{"@id":"https:\/\/www.gernikagogoratuz.org\/en\/#website"},"datePublished":"2019-03-04T16:57:30+00:00","dateModified":"2025-10-01T09:35:05+00:00","description":"Investigaci\u00f3n, formaci\u00f3n y divulgaci\u00f3n de la Cultura de Paz. Gernika, Ciudad de la Paz en el Siglo XXI. Centro de Estudios por la Paz.","breadcrumb":{"@id":"https:\/\/www.gernikagogoratuz.org\/en\/transparency-website\/#breadcrumb"},"inLanguage":"en-US","potentialAction":[{"@type":"ReadAction","target":["https:\/\/www.gernikagogoratuz.org\/en\/transparency-website\/"]}]},{"@type":"BreadcrumbList","@id":"https:\/\/www.gernikagogoratuz.org\/en\/transparency-website\/#breadcrumb","itemListElement":[{"@type":"ListItem","position":1,"name":"Portada","item":"https:\/\/www.gernikagogoratuz.org\/en\/"},{"@type":"ListItem","position":2,"name":"Transparency Website"}]},{"@type":"WebSite","@id":"https:\/\/www.gernikagogoratuz.org\/en\/#website","url":"https:\/\/www.gernikagogoratuz.org\/en\/","name":"Gernika Gogoratuz","description":"Centro de investigaci\u00f3n por la paz","publisher":{"@id":"https:\/\/www.gernikagogoratuz.org\/en\/#organization"},"potentialAction":[{"@type":"SearchAction","target":{"@type":"EntryPoint","urlTemplate":"https:\/\/www.gernikagogoratuz.org\/en\/?s={search_term_string}"},"query-input":{"@type":"PropertyValueSpecification","valueRequired":true,"valueName":"search_term_string"}}],"inLanguage":"en-US"},{"@type":"Organization","@id":"https:\/\/www.gernikagogoratuz.org\/en\/#organization","name":"Gernika Gogoratuz. Centro de Investigaci\u00f3n por la Paz.","url":"https:\/\/www.gernikagogoratuz.org\/en\/","logo":{"@type":"ImageObject","inLanguage":"en-US","@id":"https:\/\/www.gernikagogoratuz.org\/en\/#\/schema\/logo\/image\/","url":"https:\/\/www.gernikagogoratuz.org\/wp-content\/uploads\/2018\/10\/gernikagogoratuzogo_es.svg","contentUrl":"https:\/\/www.gernikagogoratuz.org\/wp-content\/uploads\/2018\/10\/gernikagogoratuzogo_es.svg","width":1,"height":1,"caption":"Gernika Gogoratuz. Centro de Investigaci\u00f3n por la Paz."},"image":{"@id":"https:\/\/www.gernikagogoratuz.org\/en\/#\/schema\/logo\/image\/"},"sameAs":["https:\/\/www.facebook.com\/GernikaGogoratuzFundacion","https:\/\/x.com\/GGogoratuz","https:\/\/www.youtube.com\/user\/gernikagogoratuz\/videos"]}]}},"_links":{"self":[{"href":"https:\/\/www.gernikagogoratuz.org\/en\/wp-json\/wp\/v2\/pages\/19749","targetHints":{"allow":["GET"]}}],"collection":[{"href":"https:\/\/www.gernikagogoratuz.org\/en\/wp-json\/wp\/v2\/pages"}],"about":[{"href":"https:\/\/www.gernikagogoratuz.org\/en\/wp-json\/wp\/v2\/types\/page"}],"author":[{"embeddable":true,"href":"https:\/\/www.gernikagogoratuz.org\/en\/wp-json\/wp\/v2\/users\/5"}],"replies":[{"embeddable":true,"href":"https:\/\/www.gernikagogoratuz.org\/en\/wp-json\/wp\/v2\/comments?post=19749"}],"version-history":[{"count":9,"href":"https:\/\/www.gernikagogoratuz.org\/en\/wp-json\/wp\/v2\/pages\/19749\/revisions"}],"predecessor-version":[{"id":40805,"href":"https:\/\/www.gernikagogoratuz.org\/en\/wp-json\/wp\/v2\/pages\/19749\/revisions\/40805"}],"wp:attachment":[{"href":"https:\/\/www.gernikagogoratuz.org\/en\/wp-json\/wp\/v2\/media?parent=19749"}],"curies":[{"name":"wp","href":"https:\/\/api.w.org\/{rel}","templated":true}]}}