{"id":25335,"date":"2021-02-10T15:41:15","date_gmt":"2021-02-10T15:41:15","guid":{"rendered":"https:\/\/www.gernikagogoratuz.org\/?page_id=25335"},"modified":"2021-02-15T15:56:52","modified_gmt":"2021-02-15T15:56:52","slug":"cric-identity-and-conflict-cultural-heritage-and-the-re-construction-of-identities-after-conflict","status":"publish","type":"page","link":"https:\/\/www.gernikagogoratuz.org\/en\/cric-identity-and-conflict-cultural-heritage-and-the-re-construction-of-identities-after-conflict\/","title":{"rendered":"CRIC. Identity and conflict"},"content":{"rendered":"<div class=\"wpb-content-wrapper\"><p>[vc_row][vc_column][vc_empty_space][vc_empty_space][\/vc_column][\/vc_row][vc_row][vc_column width=&#8221;1\/2&#8243;][vc_single_image image=&#8221;25306&#8243; img_size=&#8221;large&#8221; onclick=&#8221;custom_link&#8221; link=&#8221;https:\/\/www.gernikagogoratuz.org\/wp-content\/uploads\/2021\/02\/CRIC_Final_Report_Identity_Conflict.pdf&#8221;][vc_empty_space][\/vc_column][vc_column width=&#8221;1\/2&#8243;][vc_column_text]<\/p>\n<h4>Executive summary<\/h4>\n<p>[\/vc_column_text][vc_empty_space][vc_column_text]The CRIC project was based on the recognition that cultural heritage plays important roles during conflict and post- conflict scenarios and that these are poorly understood. Cultural heritage &#8211; in forms such as architecture, archaeological sites, landscapes and museums &#8211; are damaged in times of conflict, including through deliberate targeting in order to inflict psychological harm. Recent conflicts have highlighted these connections, making the post-conflict reconstruction of cultural heritage an important cultural, political and socioeconomic concern. The CRIC project was a response to the urgent need for analysis in order to better comprehend these interconnections and eventually to formulate forward thinking reconstruction policies and practices.[\/vc_column_text][vc_empty_space][vc_column_text]<\/p>\n<h4>Project description<\/h4>\n<p>[\/vc_column_text][vc_empty_space][vc_column_text]The research took place at two levels: one, case study specific research and analysis and comparative research and synthesis and two, fieldwork, data collection, analysis, publication and various forms of dissemination activities.<\/p>\n<p>The CRIC project used case studies to analyse the relationships between cultural heritage, conflict, destruction and reconstruction, to develop an empirically based understanding of the complex links between these elements, to reach comparative insights and to analyse the importance of these relationships to the challenges experienced by post- conflict societies.<\/p>\n<p>CRIC examined conflicts in Spain, France, Germany, Bosnia and Cyprus through case studies that represented varied geographic locations, linguistic backgrounds, demographic make-ups, as well as different historical contexts and time depths, thus providing the project with a detailed and contextually varied data set.[\/vc_column_text][vc_empty_space][vc_column_text]<\/p>\n<p style=\"text-align: left;\">You can download the <strong>Final Report<\/strong> in which you will find all the details of the project.<br \/>\n<strong>English<\/strong> language<br \/>\n<strong>Pdf<\/strong> format<\/p>\n<p>[\/vc_column_text][\/vc_column][\/vc_row][vc_row][vc_column width=&#8221;1\/2&#8243;][vc_empty_space][\/vc_column][vc_column width=&#8221;1\/2&#8243;][vc_empty_space]<a itemprop=\"url\" href=\"https:\/\/www.gernikagogoratuz.org\/wp-content\/uploads\/2021\/02\/CRIC_Final_Report_Identity_Conflict.pdf\" target=\"_blank\"  class=\"edgtf-btn edgtf-btn-medium edgtf-btn-solid\"  >\n\t<span class=\"edgtf-btn-text\">Final Report. Identity and Conflict<\/span>\n    <\/a>[vc_empty_space][vc_column_text]Consult the publication <em><strong>Historias de vida, lugares simb\u00f3licos y reconstrucci\u00f3n de identidades en la construcci\u00f3n de la paz. Memorias de las XIX Jornadas Internacionales de Cultura y Paz de Gernika<\/strong><\/em> that collects this initiative.<br \/>\nAhmadul Haque y\u00a0<a href=\"https:\/\/www.gernikagogoratuz.org\/en\/presentation\/maria-oianguren-idigoras\/\" target=\"_blank\" rel=\"noopener noreferrer\">Mar\u00eda Oianguren Idigoras<\/a>\u00a0(coords.)[\/vc_column_text][vc_empty_space]<a itemprop=\"url\" href=\"https:\/\/www.gernikagogoratuz.org\/portfolio-item\/historias-de-vida-lugares-simbolicos-y-reconstruccion-de-identidades-en-la-construccion\/\" target=\"_blank\"  class=\"edgtf-btn edgtf-btn-medium edgtf-btn-solid\"  >\n\t<span class=\"edgtf-btn-text\">Download ``Historias de vida`` (SPA)<\/span>\n    <\/a>[\/vc_column][\/vc_row][vc_row][vc_column][vc_empty_space][vc_empty_space][\/vc_column][\/vc_row]<\/p>\n<\/div>","protected":false},"excerpt":{"rendered":"<p>[vc_row][vc_column][vc_empty_space][vc_empty_space][\/vc_column][\/vc_row][vc_row][vc_column width=&#8221;1\/2&#8243;][vc_single_image image=&#8221;25306&#8243; img_size=&#8221;large&#8221; onclick=&#8221;custom_link&#8221; link=&#8221;https:\/\/www.gernikagogoratuz.org\/wp-content\/uploads\/2021\/02\/CRIC_Final_Report_Identity_Conflict.pdf&#8221;][vc_empty_space][\/vc_column][vc_column width=&#8221;1\/2&#8243;][vc_column_text] Executive summary [\/vc_column_text][vc_empty_space][vc_column_text]The CRIC project was based on the recognition that cultural heritage plays important roles during conflict and post- conflict scenarios and that these are poorly understood. Cultural heritage &#8211; in forms such as architecture, archaeological sites, landscapes and museums &#8211; are damaged in times of conflict,&#8230;<\/p>\n","protected":false},"author":5,"featured_media":0,"parent":0,"menu_order":0,"comment_status":"closed","ping_status":"closed","template":"","meta":{"inline_featured_image":false,"footnotes":""},"class_list":["post-25335","page","type-page","status-publish","hentry"],"yoast_head":"<!-- This site is optimized with the Yoast SEO plugin v27.3 - https:\/\/yoast.com\/product\/yoast-seo-wordpress\/ -->\n<title>CRIC Identity and conflict. Cultural heritage and the re-construction of identities after conflict.<\/title>\n<meta name=\"description\" content=\"The CRIC project was based on the recognition that cultural heritage plays important roles during conflict and post- conflict scenarios and that these are poorly understood.\" \/>\n<meta name=\"robots\" content=\"index, follow, max-snippet:-1, max-image-preview:large, max-video-preview:-1\" \/>\n<link rel=\"canonical\" href=\"https:\/\/www.gernikagogoratuz.org\/en\/cric-identity-and-conflict-cultural-heritage-and-the-re-construction-of-identities-after-conflict\/\" \/>\n<meta property=\"og:locale\" content=\"en_US\" \/>\n<meta property=\"og:type\" content=\"article\" \/>\n<meta property=\"og:title\" content=\"CRIC Identity and conflict. Cultural heritage and the re-construction of identities after conflict.\" \/>\n<meta property=\"og:description\" content=\"The CRIC project was based on the recognition that cultural heritage plays important roles during conflict and post- conflict scenarios and that these are poorly understood.\" \/>\n<meta property=\"og:url\" content=\"https:\/\/www.gernikagogoratuz.org\/en\/cric-identity-and-conflict-cultural-heritage-and-the-re-construction-of-identities-after-conflict\/\" \/>\n<meta property=\"og:site_name\" content=\"Gernika Gogoratuz\" \/>\n<meta property=\"article:publisher\" content=\"https:\/\/www.facebook.com\/GernikaGogoratuzFundacion\" \/>\n<meta property=\"article:modified_time\" content=\"2021-02-15T15:56:52+00:00\" \/>\n<meta name=\"twitter:card\" content=\"summary_large_image\" \/>\n<meta name=\"twitter:site\" content=\"@GGogoratuz\" \/>\n<meta name=\"twitter:label1\" content=\"Est. reading time\" \/>\n\t<meta name=\"twitter:data1\" content=\"2 minutes\" \/>\n<script type=\"application\/ld+json\" class=\"yoast-schema-graph\">{\"@context\":\"https:\\\/\\\/schema.org\",\"@graph\":[{\"@type\":\"WebPage\",\"@id\":\"https:\\\/\\\/www.gernikagogoratuz.org\\\/en\\\/cric-identity-and-conflict-cultural-heritage-and-the-re-construction-of-identities-after-conflict\\\/\",\"url\":\"https:\\\/\\\/www.gernikagogoratuz.org\\\/en\\\/cric-identity-and-conflict-cultural-heritage-and-the-re-construction-of-identities-after-conflict\\\/\",\"name\":\"CRIC Identity and conflict. Cultural heritage and the re-construction of identities after conflict.\",\"isPartOf\":{\"@id\":\"https:\\\/\\\/www.gernikagogoratuz.org\\\/en\\\/#website\"},\"datePublished\":\"2021-02-10T15:41:15+00:00\",\"dateModified\":\"2021-02-15T15:56:52+00:00\",\"description\":\"The CRIC project was based on the recognition that cultural heritage plays important roles during conflict and post- conflict scenarios and that these are poorly understood.\",\"breadcrumb\":{\"@id\":\"https:\\\/\\\/www.gernikagogoratuz.org\\\/en\\\/cric-identity-and-conflict-cultural-heritage-and-the-re-construction-of-identities-after-conflict\\\/#breadcrumb\"},\"inLanguage\":\"en-US\",\"potentialAction\":[{\"@type\":\"ReadAction\",\"target\":[\"https:\\\/\\\/www.gernikagogoratuz.org\\\/en\\\/cric-identity-and-conflict-cultural-heritage-and-the-re-construction-of-identities-after-conflict\\\/\"]}]},{\"@type\":\"BreadcrumbList\",\"@id\":\"https:\\\/\\\/www.gernikagogoratuz.org\\\/en\\\/cric-identity-and-conflict-cultural-heritage-and-the-re-construction-of-identities-after-conflict\\\/#breadcrumb\",\"itemListElement\":[{\"@type\":\"ListItem\",\"position\":1,\"name\":\"Portada\",\"item\":\"https:\\\/\\\/www.gernikagogoratuz.org\\\/en\\\/\"},{\"@type\":\"ListItem\",\"position\":2,\"name\":\"CRIC. Identity and conflict\"}]},{\"@type\":\"WebSite\",\"@id\":\"https:\\\/\\\/www.gernikagogoratuz.org\\\/en\\\/#website\",\"url\":\"https:\\\/\\\/www.gernikagogoratuz.org\\\/en\\\/\",\"name\":\"Gernika Gogoratuz\",\"description\":\"Centro de investigaci\u00f3n por la paz\",\"publisher\":{\"@id\":\"https:\\\/\\\/www.gernikagogoratuz.org\\\/en\\\/#organization\"},\"potentialAction\":[{\"@type\":\"SearchAction\",\"target\":{\"@type\":\"EntryPoint\",\"urlTemplate\":\"https:\\\/\\\/www.gernikagogoratuz.org\\\/en\\\/?s={search_term_string}\"},\"query-input\":{\"@type\":\"PropertyValueSpecification\",\"valueRequired\":true,\"valueName\":\"search_term_string\"}}],\"inLanguage\":\"en-US\"},{\"@type\":\"Organization\",\"@id\":\"https:\\\/\\\/www.gernikagogoratuz.org\\\/en\\\/#organization\",\"name\":\"Gernika Gogoratuz. Centro de Investigaci\u00f3n por la Paz.\",\"url\":\"https:\\\/\\\/www.gernikagogoratuz.org\\\/en\\\/\",\"logo\":{\"@type\":\"ImageObject\",\"inLanguage\":\"en-US\",\"@id\":\"https:\\\/\\\/www.gernikagogoratuz.org\\\/en\\\/#\\\/schema\\\/logo\\\/image\\\/\",\"url\":\"https:\\\/\\\/www.gernikagogoratuz.org\\\/wp-content\\\/uploads\\\/2018\\\/10\\\/gernikagogoratuzogo_es.svg\",\"contentUrl\":\"https:\\\/\\\/www.gernikagogoratuz.org\\\/wp-content\\\/uploads\\\/2018\\\/10\\\/gernikagogoratuzogo_es.svg\",\"width\":1,\"height\":1,\"caption\":\"Gernika Gogoratuz. Centro de Investigaci\u00f3n por la Paz.\"},\"image\":{\"@id\":\"https:\\\/\\\/www.gernikagogoratuz.org\\\/en\\\/#\\\/schema\\\/logo\\\/image\\\/\"},\"sameAs\":[\"https:\\\/\\\/www.facebook.com\\\/GernikaGogoratuzFundacion\",\"https:\\\/\\\/x.com\\\/GGogoratuz\",\"https:\\\/\\\/www.youtube.com\\\/user\\\/gernikagogoratuz\\\/videos\"]}]}<\/script>\n<!-- \/ Yoast SEO plugin. -->","yoast_head_json":{"title":"CRIC Identity and conflict. Cultural heritage and the re-construction of identities after conflict.","description":"The CRIC project was based on the recognition that cultural heritage plays important roles during conflict and post- conflict scenarios and that these are poorly understood.","robots":{"index":"index","follow":"follow","max-snippet":"max-snippet:-1","max-image-preview":"max-image-preview:large","max-video-preview":"max-video-preview:-1"},"canonical":"https:\/\/www.gernikagogoratuz.org\/en\/cric-identity-and-conflict-cultural-heritage-and-the-re-construction-of-identities-after-conflict\/","og_locale":"en_US","og_type":"article","og_title":"CRIC Identity and conflict. Cultural heritage and the re-construction of identities after conflict.","og_description":"The CRIC project was based on the recognition that cultural heritage plays important roles during conflict and post- conflict scenarios and that these are poorly understood.","og_url":"https:\/\/www.gernikagogoratuz.org\/en\/cric-identity-and-conflict-cultural-heritage-and-the-re-construction-of-identities-after-conflict\/","og_site_name":"Gernika Gogoratuz","article_publisher":"https:\/\/www.facebook.com\/GernikaGogoratuzFundacion","article_modified_time":"2021-02-15T15:56:52+00:00","twitter_card":"summary_large_image","twitter_site":"@GGogoratuz","twitter_misc":{"Est. reading time":"2 minutes"},"schema":{"@context":"https:\/\/schema.org","@graph":[{"@type":"WebPage","@id":"https:\/\/www.gernikagogoratuz.org\/en\/cric-identity-and-conflict-cultural-heritage-and-the-re-construction-of-identities-after-conflict\/","url":"https:\/\/www.gernikagogoratuz.org\/en\/cric-identity-and-conflict-cultural-heritage-and-the-re-construction-of-identities-after-conflict\/","name":"CRIC Identity and conflict. Cultural heritage and the re-construction of identities after conflict.","isPartOf":{"@id":"https:\/\/www.gernikagogoratuz.org\/en\/#website"},"datePublished":"2021-02-10T15:41:15+00:00","dateModified":"2021-02-15T15:56:52+00:00","description":"The CRIC project was based on the recognition that cultural heritage plays important roles during conflict and post- conflict scenarios and that these are poorly understood.","breadcrumb":{"@id":"https:\/\/www.gernikagogoratuz.org\/en\/cric-identity-and-conflict-cultural-heritage-and-the-re-construction-of-identities-after-conflict\/#breadcrumb"},"inLanguage":"en-US","potentialAction":[{"@type":"ReadAction","target":["https:\/\/www.gernikagogoratuz.org\/en\/cric-identity-and-conflict-cultural-heritage-and-the-re-construction-of-identities-after-conflict\/"]}]},{"@type":"BreadcrumbList","@id":"https:\/\/www.gernikagogoratuz.org\/en\/cric-identity-and-conflict-cultural-heritage-and-the-re-construction-of-identities-after-conflict\/#breadcrumb","itemListElement":[{"@type":"ListItem","position":1,"name":"Portada","item":"https:\/\/www.gernikagogoratuz.org\/en\/"},{"@type":"ListItem","position":2,"name":"CRIC. Identity and conflict"}]},{"@type":"WebSite","@id":"https:\/\/www.gernikagogoratuz.org\/en\/#website","url":"https:\/\/www.gernikagogoratuz.org\/en\/","name":"Gernika Gogoratuz","description":"Centro de investigaci\u00f3n por la paz","publisher":{"@id":"https:\/\/www.gernikagogoratuz.org\/en\/#organization"},"potentialAction":[{"@type":"SearchAction","target":{"@type":"EntryPoint","urlTemplate":"https:\/\/www.gernikagogoratuz.org\/en\/?s={search_term_string}"},"query-input":{"@type":"PropertyValueSpecification","valueRequired":true,"valueName":"search_term_string"}}],"inLanguage":"en-US"},{"@type":"Organization","@id":"https:\/\/www.gernikagogoratuz.org\/en\/#organization","name":"Gernika Gogoratuz. Centro de Investigaci\u00f3n por la Paz.","url":"https:\/\/www.gernikagogoratuz.org\/en\/","logo":{"@type":"ImageObject","inLanguage":"en-US","@id":"https:\/\/www.gernikagogoratuz.org\/en\/#\/schema\/logo\/image\/","url":"https:\/\/www.gernikagogoratuz.org\/wp-content\/uploads\/2018\/10\/gernikagogoratuzogo_es.svg","contentUrl":"https:\/\/www.gernikagogoratuz.org\/wp-content\/uploads\/2018\/10\/gernikagogoratuzogo_es.svg","width":1,"height":1,"caption":"Gernika Gogoratuz. Centro de Investigaci\u00f3n por la Paz."},"image":{"@id":"https:\/\/www.gernikagogoratuz.org\/en\/#\/schema\/logo\/image\/"},"sameAs":["https:\/\/www.facebook.com\/GernikaGogoratuzFundacion","https:\/\/x.com\/GGogoratuz","https:\/\/www.youtube.com\/user\/gernikagogoratuz\/videos"]}]}},"_links":{"self":[{"href":"https:\/\/www.gernikagogoratuz.org\/en\/wp-json\/wp\/v2\/pages\/25335","targetHints":{"allow":["GET"]}}],"collection":[{"href":"https:\/\/www.gernikagogoratuz.org\/en\/wp-json\/wp\/v2\/pages"}],"about":[{"href":"https:\/\/www.gernikagogoratuz.org\/en\/wp-json\/wp\/v2\/types\/page"}],"author":[{"embeddable":true,"href":"https:\/\/www.gernikagogoratuz.org\/en\/wp-json\/wp\/v2\/users\/5"}],"replies":[{"embeddable":true,"href":"https:\/\/www.gernikagogoratuz.org\/en\/wp-json\/wp\/v2\/comments?post=25335"}],"version-history":[{"count":0,"href":"https:\/\/www.gernikagogoratuz.org\/en\/wp-json\/wp\/v2\/pages\/25335\/revisions"}],"wp:attachment":[{"href":"https:\/\/www.gernikagogoratuz.org\/en\/wp-json\/wp\/v2\/media?parent=25335"}],"curies":[{"name":"wp","href":"https:\/\/api.w.org\/{rel}","templated":true}]}}