{"id":26357,"date":"2021-08-02T11:46:06","date_gmt":"2021-08-02T10:46:06","guid":{"rendered":"https:\/\/www.gernikagogoratuz.org\/?page_id=26357"},"modified":"2021-08-02T11:49:07","modified_gmt":"2021-08-02T10:49:07","slug":"arte-paz-eng","status":"publish","type":"page","link":"https:\/\/www.gernikagogoratuz.org\/en\/arte-paz-eng\/","title":{"rendered":"arte y paz eng"},"content":{"rendered":"<div class=\"wpb-content-wrapper\"><p>[vc_row][vc_column][vc_column_text]El Centro desarrolla procesos de investigaci\u00f3n, formaci\u00f3n y divulgaci\u00f3n que quieren contribuir al fortalecimiento del s\u00edmbolo de Gernika, declarada por UNESCO, Ciudad de la Paz por la regi\u00f3n de Europa (2002-2003) y continuar con el estudio de sus representaciones simb\u00f3licas como aportaci\u00f3n pedag\u00f3gica a la cultura de la paz.<\/p>\n<p>Para ello, realizamos programas de educaci\u00f3n por la paz y participamos en programas de investigaci\u00f3n y cooperaci\u00f3n internacional, a trav\u00e9s colaboraciones acad\u00e9micas con universidades, organizaciones sociales e instituciones.[\/vc_column_text][\/vc_column][\/vc_row][vc_row anchor=&#8221;educacion&#8221; css=&#8221;.vc_custom_1550001976495{margin-top: 30px !important;}&#8221;][vc_column][vc_row_inner][vc_column_inner][vc_empty_space height=&#8221;25px&#8221;][vc_single_image image=&#8221;26173&#8243; img_size=&#8221;full&#8221; alignment=&#8221;center&#8221; el_class=&#8221;hacemos-logo&#8221;][vc_empty_space height=&#8221;25px&#8221;][vc_column_text]<\/p>\n<h2 style=\"text-align: center;\"><strong>Art and Peace<\/strong><\/h2>\n<p>[\/vc_column_text][\/vc_column_inner][\/vc_row_inner][vc_empty_space][vc_column_text]<\/p>\n<p style=\"text-align: center;\">We share experiences with artists and the art world to contribute to memory, denunciation and resistance initiatives.<\/p>\n<p>[\/vc_column_text][vc_row_inner css=&#8221;.vc_custom_1542982198398{margin-top: 30px !important;}&#8221;][vc_column_inner el_class=&#8221;.home-hacemos&#8221; width=&#8221;1\/2&#8243;][vc_empty_space][vc_single_image image=&#8221;25049&#8243; img_size=&#8221;full&#8221; alignment=&#8221;center&#8221; css=&#8221;.vc_custom_1626941901721{margin-bottom: 20px !important;padding-right: 60px !important;padding-left: 60px !important;}&#8221;][vc_column_text css=&#8221;.vc_custom_1626941738637{padding-right: 60px !important;padding-left: 60px !important;}&#8221;]<\/p>\n<p style=\"text-align: center;\"><strong>Eventos<\/strong><\/p>\n<p>[\/vc_column_text][vc_empty_space][vc_column_text]<\/p>\n<p style=\"text-align: left;\">\u00b7 Artistic exhibition &#8220;<strong><a href=\"https:\/\/territoriolab.org\/exposicion-artistica-en-astra\/\" target=\"_blank\" rel=\"noopener noreferrer\">Territorios en Conflicto<\/a><\/strong>&#8220;. From June 21st to July 5th 2021, at <em>Astra Gernika-Fabrica Social de Creaci\u00f3n Cultural<\/em>.<br \/>\n\u00b7 Infographics about the results of the <a href=\"https:\/\/www.gernikagogoratuz.org\/en\/event\/economy-of-peace-and-human-rights-and-basque-enterprises-iv-laboratories\/\" target=\"_blank\" rel=\"noopener noreferrer\"><strong>IV Peace Economics Lab<\/strong><\/a> by Alex Carrascosa, October 28th 2020..<br \/>\n\u00b7 <a href=\"https:\/\/www.gernikagogoratuz.org\/paz-convivencia-florencia-colombia\/\" target=\"_blank\" rel=\"noopener noreferrer\"><strong>Colouring peace and coexistence in Florencia<\/strong><\/a> (Caquet\u00e1, Colombia). December from 1st to 29th 2020.<br \/>\n\u00b7 &#8220;<a href=\"https:\/\/www.gernikagogoratuz.org\/en\/online-presentation-of-can-art-stop-a-bullet-william-kellys-big-picture\/\" target=\"_blank\" rel=\"noopener noreferrer\"><strong>Can art stop a bullet? William Kelly&#8217;s Big Picture&#8221;<\/strong><\/a> documentary presentation. October 29th 2020.<br \/>\n\u00b7 <a href=\"https:\/\/www.gernikagogoratuz.org\/proyecto-himmelstausch-intercambio-cielos-gernika-2\/\" target=\"_blank\" rel=\"noopener noreferrer\"><strong>Himmelstaush project \u2013 Sky exchange<\/strong><\/a>. The sky of Berlin flies over the sky of Guernica. September 21st 2019.<br \/>\n\u00b7 <a href=\"https:\/\/www.gernikagogoratuz.org\/event\/arte-y-paz\/\" target=\"_blank\" rel=\"noopener noreferrer\"><strong>VII Art and Peace seminar<\/strong><\/a>. Memory and space in urban art. October 27th and 28th 2017.<br \/>\n\u00b7 <a href=\"https:\/\/www.gernikagogoratuz.org\/wp-content\/uploads\/2021\/07\/CUERPOS_GRAMATICALES._A5_web.pdf\" target=\"_blank\" rel=\"noopener noreferrer\"><strong>Cuerpos Gramaticales workshop<\/strong><\/a> by the collective AgroArte (Colombia). October 28th 2017.<br \/>\n\u00b7&#8221;<strong>Theatre of the Oppressed<\/strong>&#8221; in collaboration with Harrobia and Gernikako Bakearen Museoa Fundazioa. From October 26th 2017 to October 7th 2018.<\/p>\n<p>[\/vc_column_text][\/vc_column_inner][vc_column_inner width=&#8221;1\/2&#8243;][vc_empty_space][vc_single_image image=&#8221;26251&#8243; img_size=&#8221;full&#8221; alignment=&#8221;center&#8221; css=&#8221;.vc_custom_1626943922051{margin-bottom: 20px !important;padding-right: 60px !important;padding-left: 60px !important;}&#8221;][vc_column_text css=&#8221;.vc_custom_1626943195354{padding-right: 60px !important;padding-left: 60px !important;}&#8221;]<\/p>\n<p style=\"text-align: center;\"><strong>Publicaciones<\/strong><\/p>\n<p>[\/vc_column_text][vc_empty_space][vc_column_text]<\/p>\n<p style=\"text-align: left;\"><strong>\u00b7 <a href=\"https:\/\/www.gernikagogoratuz.org\/en\/portfolio-item\/the-artivist-embarkation-alex-carrascosa-iratxe-momoitio-and-maria-oianguren\/\" target=\"_blank\" rel=\"noopener noreferrer\">The artivist embarkation<\/a><\/strong>. By Alex Carrascosa, Iratxe Momoitio and Maria Oianguren. 2018<br \/>\n<strong>\u00b7 <a href=\"https:\/\/www.gernikagogoratuz.org\/en\/portfolio-item\/la-asamblea-artivista-by-alex-carrascosa-por-la-paz-no-32-icip\/\" target=\"_blank\" rel=\"noopener noreferrer\">La asamblea artivista<\/a><\/strong>. By Alex Carrascosa. \u201cPor la Paz\u201d N\u00ba 32 ICIP. 2017<br \/>\n<strong>\u00b7\u00a0<a href=\"https:\/\/www.gernikagogoratuz.org\/en\/portfolio-item\/the-construction-of-social-organism-as-a-work-of-art-repeating-beuys-by-alex-carrascosa\/\" target=\"_blank\" rel=\"noopener noreferrer\">The construction of social organism as a work of art (repeating Beuys)<\/a><\/strong>. By Alex Carrascosa. AusArt. Vol. 4, N\u00fam. 2. 2016<br \/>\n<strong>\u00b7 <a href=\"https:\/\/www.gernikagogoratuz.org\/en\/portfolio-item\/dia-tekhne-dialogo-a-traves-del-arte\/\" target=\"_blank\" rel=\"noopener noreferrer\">Dia Tekhn\u00e9<\/a><\/strong>. Dialogue through art. Alex Carrascosa. 2009<br \/>\n<strong>\u00b7 <a href=\"https:\/\/www.gernikagogoratuz.org\/en\/portfolio-item\/pedagogy-of-memory-the-bombing-of-guernica-peace-pedagogy-through-memory-and-art-by-maria-oianguren-and-alex-carrascosa-coords\/\" target=\"_blank\" rel=\"noopener noreferrer\">Pedagogy of Memory. The Bombing of Guernica. Peace Pedagogy through Memory and Art<\/a><\/strong>. By Mar\u00eda Oianguren and Alex Carrascosa (coords.) 2008<\/p>\n<p>[\/vc_column_text][\/vc_column_inner][\/vc_row_inner][vc_empty_space][\/vc_column][\/vc_row][vc_row anchor=&#8221;educacion&#8221; css=&#8221;.vc_custom_1550001976495{margin-top: 30px !important;}&#8221; el_id=&#8221;educacion&#8221;][vc_column][vc_row_inner][vc_column_inner][vc_empty_space height=&#8221;25px&#8221;][vc_single_image image=&#8221;19031&#8243; img_size=&#8221;full&#8221; alignment=&#8221;center&#8221; el_class=&#8221;hacemos-logo&#8221;][vc_empty_space height=&#8221;25px&#8221;][vc_column_text]<\/p>\n<h2 style=\"text-align: center;\"><strong>Educaci\u00f3n por la Paz<\/strong><\/h2>\n<p>[\/vc_column_text][\/vc_column_inner][\/vc_row_inner][vc_empty_space][vc_column_text]Desde esta l\u00ednea se ofrecen cursos de formaci\u00f3n dirigidos a escolares, asociaciones culturales y sociales con el objetivo de reivindicar la memoria y el arte como pedagog\u00eda de paz.[\/vc_column_text][vc_row_inner css=&#8221;.vc_custom_1542982198398{margin-top: 30px !important;}&#8221;][vc_column_inner el_class=&#8221;.home-hacemos&#8221; width=&#8221;1\/2&#8243; el_id=&#8221;lugares&#8221;][vc_empty_space][vc_single_image image=&#8221;19410&#8243; img_size=&#8221;full&#8221; alignment=&#8221;center&#8221; css=&#8221;.vc_custom_1548156006928{margin-bottom: 20px !important;padding-right: 60px !important;padding-left: 60px !important;}&#8221;][vc_column_text css=&#8221;.vc_custom_1626945796886{padding-right: 60px !important;padding-left: 60px !important;}&#8221;]<\/p>\n<p style=\"text-align: center;\"><strong>Venues of victims \/\/ Venues of perpetrators<br \/>\n<\/strong><\/p>\n<p style=\"text-align: left;\"><strong>\u00a02018 &#8211; Mapping, decoding &amp; processing the role of historical \u2013 civic education in (European) Youth Work.<\/strong><\/p>\n<p style=\"text-align: left;\"><strong>2020 &#8211; Developmental dictatorships in Europe after the World War II as a topic of civic education.<\/strong><strong>\u00a0<\/strong><\/p>\n<p style=\"text-align: left;\">Es un proyecto europeo que quiere analizar el reto que supone la transmisi\u00f3n de la memoria y de la historia a j\u00f3venes europeos en el \u00e1mbito educativo no formal. Sus objetivos son compartir conocimientos, facilitar el intercambio de experiencias y fomentar una ciudadan\u00eda conocedora del valor de la democracia y de los derechos humanos.<\/p>\n<p>[\/vc_column_text][vc_empty_space]<a itemprop=\"url\" href=\"https:\/\/www.gernikagogoratuz.org\/venues-of-victims-venues-of-perpetrators\/\" target=\"_self\"  class=\"edgtf-btn edgtf-btn-medium edgtf-btn-solid home-hacemos\"  >\n\t<span class=\"edgtf-btn-text\">M\u00e1s informaci\u00f3n<\/span>\n    <\/a>[\/vc_column_inner][vc_column_inner width=&#8221;1\/2&#8243; el_id=&#8221;ciudad-de-paz&#8221;][vc_empty_space][vc_single_image image=&#8221;26260&#8243; img_size=&#8221;full&#8221; alignment=&#8221;center&#8221; css=&#8221;.vc_custom_1626945692894{margin-bottom: 20px !important;padding-right: 60px !important;padding-left: 60px !important;}&#8221;][vc_column_text css=&#8221;.vc_custom_1560416005177{padding-right: 60px !important;padding-left: 60px !important;}&#8221;]<\/p>\n<p style=\"text-align: center;\"><strong>Gernika Ciudad de la Paz en el Siglo XXI<\/strong><\/p>\n<p style=\"text-align: left;\">Es un programa formativo dirigido al alumnado de centros escolares del Pa\u00eds Vasco (3\u00ba y 4\u00aa de ESO y Bachillerato). Su objetivo es reflexionar sobre la guerra y la paz, desde un enfoque de derechos humanos, a partir de un recuerdo hist\u00f3rico del bombardeo de Gernika para profundizar en la convivencia democr\u00e1tica.<\/p>\n<p>[\/vc_column_text][vc_empty_space]<a itemprop=\"url\" href=\"https:\/\/www.gernikagogoratuz.org\/gernika-ciudad-paz\/\" target=\"_self\"  class=\"edgtf-btn edgtf-btn-medium edgtf-btn-solid home-hacemos\"  >\n\t<span class=\"edgtf-btn-text\">M\u00e1s informaci\u00f3n<\/span>\n    <\/a>[\/vc_column_inner][\/vc_row_inner][vc_row_inner css=&#8221;.vc_custom_1542982198398{margin-top: 30px !important;}&#8221;][vc_column_inner width=&#8221;1\/2&#8243;][\/vc_column_inner][vc_column_inner width=&#8221;1\/2&#8243; el_id=&#8221;home-investigacion&#8221;][\/vc_column_inner][\/vc_row_inner][\/vc_column][\/vc_row][vc_row el_id=&#8221;investigacion&#8221;][vc_column][vc_empty_space height=&#8221;25px&#8221;][vc_single_image image=&#8221;19034&#8243; img_size=&#8221;full&#8221; alignment=&#8221;center&#8221; el_class=&#8221;hacemos-logo&#8221;][vc_empty_space height=&#8221;25px&#8221;][vc_column_text]<\/p>\n<h2 style=\"text-align: center;\"><strong>Investigaci\u00f3n por la Paz<\/strong><\/h2>\n<p>[\/vc_column_text][vc_empty_space][vc_column_text]La investigaci\u00f3n se realiza con un enfoque de derechos, que articula lo local y lo global. a trav\u00e9s de colaboraciones acad\u00e9micas con universidades, organizaciones sociales e instituciones.[\/vc_column_text][vc_row_inner css=&#8221;.vc_custom_1543947596882{margin-top: 30px !important;}&#8221;][vc_column_inner el_class=&#8221;home-hacemos&#8221; width=&#8221;1\/3&#8243; el_id=&#8221;economia-paz&#8221;][vc_empty_space][vc_single_image image=&#8221;23764&#8243; img_size=&#8221;full&#8221; alignment=&#8221;center&#8221; css=&#8221;.vc_custom_1591091549811{margin-bottom: 20px !important;padding-right: 60px !important;padding-left: 60px !important;}&#8221;][vc_column_text css=&#8221;.vc_custom_1624621150130{padding-right: 60px !important;padding-left: 60px !important;}&#8221;]<\/p>\n<p style=\"text-align: left;\"><strong>Econom\u00eda de Paz. Derechos Humanos y Empresa 2016 &#8211; 2020<br \/>\n<\/strong><\/p>\n<p style=\"text-align: left;\">Es un proyecto de investigaci\u00f3n que busca reunir a diferentes sectores (empresarial, administraci\u00f3n, academia y sector asociativo) en un espacio de di\u00e1logo para mejorar el desempe\u00f1o en torno a los derechos en el \u00e1mbito empresarial. Se realiza en colaboraci\u00f3n con<em> ehuGune<\/em> (UPV\/EHU), REAS, CONGD\u00b4s de Euskadi y <em>Economistas sin Fronteras.<\/em><\/p>\n<p style=\"text-align: left;\"><strong>Este proyecto est\u00e1 financiado por la Secretar\u00eda General para la Paz y la Convivencia. Direcci\u00f3n de V\u00edctimas y Derechos Humanos.<\/strong><\/p>\n<p>[\/vc_column_text][vc_empty_space]<a itemprop=\"url\" href=\"https:\/\/www.gernikagogoratuz.org\/economia-paz\/\" target=\"_self\"  class=\"edgtf-btn edgtf-btn-medium edgtf-btn-solid home-hacemos\"  >\n\t<span class=\"edgtf-btn-text\">Econom\u00eda de Paz<\/span>\n    <\/a>[vc_empty_space][\/vc_column_inner][vc_column_inner el_class=&#8221;home-hacemos&#8221; width=&#8221;1\/3&#8243;][vc_empty_space][vc_single_image image=&#8221;19348&#8243; img_size=&#8221;full&#8221; alignment=&#8221;center&#8221; css=&#8221;.vc_custom_1544188808300{margin-bottom: 20px !important;padding-right: 60px !important;padding-left: 60px !important;}&#8221;][vc_column_text css=&#8221;.vc_custom_1624621079782{padding-right: 60px !important;padding-left: 60px !important;}&#8221;]<\/p>\n<p style=\"text-align: left;\"><strong>Fase I 2018 &#8211; 2019.<br \/>\nInvestigaci\u00f3n, formaci\u00f3n y acci\u00f3n para el fortalecimiento de capacidades y la construcci\u00f3n de alternativas de vida.<\/strong><\/p>\n<p style=\"text-align: left;\"><strong>Fase II 2020 &#8211; 2021.<br \/>\nAcompa\u00f1amiento de procesos y consolidaci\u00f3n de narrativas sobre sostenibilidad de la vida.<\/strong><\/p>\n<p style=\"text-align: left;\">Es un proyecto de cooperaci\u00f3n internacional presentado en consorcio con la ONGD \u201cGernikatik Mundura\u201d. Se est\u00e1 realizando un estudio sobre el impacto que el modelo hegem\u00f3nico neoliberal tiene en los territorios, a partir de los enfoques de Desarrollo Humano Sostenible (DHS) y Desarrollo Humano Local (DHL). Se estudian cuatro ejes de impacto: acceso a la tierra, desigualdades de g\u00e9nero, sostenibilidad e identidad cultural en Tolima y Caquet\u00e1 \u2013 Colombia; Cabo Delgado y Maputo \u2013 Mozambique; y Urdaibai \u2013 Euskal Herria.<\/p>\n<p style=\"text-align: left;\"><strong>Este proyecto est\u00e1 financiado por la Agencia Vasca de Cooperaci\u00f3n al Desarrollo.<\/strong><\/p>\n<p>[\/vc_column_text][vc_empty_space]<a itemprop=\"url\" href=\"https:\/\/territoriolab.org\/\" target=\"_blank\"  class=\"edgtf-btn edgtf-btn-medium edgtf-btn-solid home-hacemos\"  >\n\t<span class=\"edgtf-btn-text\">Territorios en Conflicto<\/span>\n    <\/a>[vc_empty_space][\/vc_column_inner][vc_column_inner el_class=&#8221;home-hacemos&#8221; width=&#8221;1\/3&#8243;][vc_empty_space][vc_single_image image=&#8221;25231&#8243; img_size=&#8221;full&#8221; alignment=&#8221;center&#8221;][vc_empty_space][vc_column_text css=&#8221;.vc_custom_1624621060648{padding-right: 60px !important;padding-left: 60px !important;}&#8221;]<\/p>\n<p style=\"text-align: left;\"><strong>CRIC Identidad y Conflicto.<\/strong><br \/>\n<strong>Patrimonio cultural y reconstrucci\u00f3n<\/strong><br \/>\n<strong>de identidades tras el conflicto.<\/strong><br \/>\n<strong>2009-2012<\/strong><\/p>\n<p style=\"text-align: left;\">Este proyecto, financiado por la Uni\u00f3n Europea, tiene como objetivo investigar el impacto identitario que tienen la destrucci\u00f3n y posterior reconstrucci\u00f3n selectiva del patrimonio cultural. Se pretenden clarificar las relaciones emp\u00edricas y te\u00f3ricas entre el patrimonio cultural, el conflicto y las identidades. En particular, se examina c\u00f3mo la destrucci\u00f3n y la reconstrucci\u00f3n afectan a las nociones de pertenencia a un grupo y su identidad a diferentes escalas, desde el nivel individual al pan-nacional.<\/p>\n<p style=\"text-align: left;\"><strong>CRIC es un proyecto financiado por la Uni\u00f3n Europea dentro del programa marco de colaboraci\u00f3n en la investigaci\u00f3n FP7 y est\u00e1 coordinado desde la Universidad de Cambridge en el Reino Unido.<\/strong><\/p>\n<p>[\/vc_column_text][vc_empty_space]<a itemprop=\"url\" href=\"https:\/\/www.gernikagogoratuz.org\/cric-identidad-conflicto-patrimonio-cultural\/\" target=\"_self\"  class=\"edgtf-btn edgtf-btn-medium edgtf-btn-solid\"  >\n\t<span class=\"edgtf-btn-text\">CRIC Identidad y Conflicto<\/span>\n    <\/a>[vc_empty_space][\/vc_column_inner][\/vc_row_inner][\/vc_column][\/vc_row]<\/p>\n<\/div>","protected":false},"excerpt":{"rendered":"<p>[vc_row][vc_column][vc_column_text]El Centro desarrolla procesos de investigaci\u00f3n, formaci\u00f3n y divulgaci\u00f3n que quieren contribuir al fortalecimiento del s\u00edmbolo de Gernika, declarada por UNESCO, Ciudad de la Paz por la regi\u00f3n de Europa (2002-2003) y continuar con el estudio de sus representaciones simb\u00f3licas como aportaci\u00f3n pedag\u00f3gica a la cultura de la paz. Para ello, realizamos programas de educaci\u00f3n&#8230;<\/p>\n","protected":false},"author":5,"featured_media":0,"parent":0,"menu_order":0,"comment_status":"closed","ping_status":"closed","template":"","meta":{"inline_featured_image":false,"footnotes":""},"class_list":["post-26357","page","type-page","status-publish","hentry"],"yoast_head":"<!-- This site is optimized with the Yoast SEO plugin v27.4 - https:\/\/yoast.com\/product\/yoast-seo-wordpress\/ -->\n<title>Gernika Gogoratuz. Centro de Investigaci\u00f3n por la Paz<\/title>\n<meta name=\"description\" content=\"Investigaci\u00f3n, formaci\u00f3n y divulgaci\u00f3n de la Cultura de Paz. Gernika, Ciudad de la Paz en el Siglo XXI. Centro de Estudios por la Paz.\" \/>\n<meta name=\"robots\" content=\"index, follow, max-snippet:-1, max-image-preview:large, max-video-preview:-1\" \/>\n<link rel=\"canonical\" href=\"https:\/\/www.gernikagogoratuz.org\/en\/arte-paz-eng\/\" \/>\n<meta property=\"og:locale\" content=\"en_US\" \/>\n<meta property=\"og:type\" content=\"article\" \/>\n<meta property=\"og:title\" content=\"Gernika Gogoratuz. Centro de Investigaci\u00f3n por la Paz\" \/>\n<meta property=\"og:description\" content=\"Investigaci\u00f3n, formaci\u00f3n y divulgaci\u00f3n de la Cultura de Paz. Gernika, Ciudad de la Paz en el Siglo XXI. Centro de Estudios por la Paz.\" \/>\n<meta property=\"og:url\" content=\"https:\/\/www.gernikagogoratuz.org\/en\/arte-paz-eng\/\" \/>\n<meta property=\"og:site_name\" content=\"Gernika Gogoratuz\" \/>\n<meta property=\"article:publisher\" content=\"https:\/\/www.facebook.com\/GernikaGogoratuzFundacion\" \/>\n<meta property=\"article:modified_time\" content=\"2021-08-02T10:49:07+00:00\" \/>\n<meta name=\"twitter:card\" content=\"summary_large_image\" \/>\n<meta name=\"twitter:site\" content=\"@GGogoratuz\" \/>\n<meta name=\"twitter:label1\" content=\"Est. reading time\" \/>\n\t<meta name=\"twitter:data1\" content=\"8 minutes\" \/>\n<script type=\"application\/ld+json\" class=\"yoast-schema-graph\">{\"@context\":\"https:\\\/\\\/schema.org\",\"@graph\":[{\"@type\":\"WebPage\",\"@id\":\"https:\\\/\\\/www.gernikagogoratuz.org\\\/en\\\/arte-paz-eng\\\/\",\"url\":\"https:\\\/\\\/www.gernikagogoratuz.org\\\/en\\\/arte-paz-eng\\\/\",\"name\":\"Gernika Gogoratuz. Centro de Investigaci\u00f3n por la Paz\",\"isPartOf\":{\"@id\":\"https:\\\/\\\/www.gernikagogoratuz.org\\\/en\\\/#website\"},\"datePublished\":\"2021-08-02T10:46:06+00:00\",\"dateModified\":\"2021-08-02T10:49:07+00:00\",\"description\":\"Investigaci\u00f3n, formaci\u00f3n y divulgaci\u00f3n de la Cultura de Paz. Gernika, Ciudad de la Paz en el Siglo XXI. Centro de Estudios por la Paz.\",\"breadcrumb\":{\"@id\":\"https:\\\/\\\/www.gernikagogoratuz.org\\\/en\\\/arte-paz-eng\\\/#breadcrumb\"},\"inLanguage\":\"en-US\",\"potentialAction\":[{\"@type\":\"ReadAction\",\"target\":[\"https:\\\/\\\/www.gernikagogoratuz.org\\\/en\\\/arte-paz-eng\\\/\"]}]},{\"@type\":\"BreadcrumbList\",\"@id\":\"https:\\\/\\\/www.gernikagogoratuz.org\\\/en\\\/arte-paz-eng\\\/#breadcrumb\",\"itemListElement\":[{\"@type\":\"ListItem\",\"position\":1,\"name\":\"Portada\",\"item\":\"https:\\\/\\\/www.gernikagogoratuz.org\\\/en\\\/\"},{\"@type\":\"ListItem\",\"position\":2,\"name\":\"arte y paz eng\"}]},{\"@type\":\"WebSite\",\"@id\":\"https:\\\/\\\/www.gernikagogoratuz.org\\\/en\\\/#website\",\"url\":\"https:\\\/\\\/www.gernikagogoratuz.org\\\/en\\\/\",\"name\":\"Gernika Gogoratuz\",\"description\":\"Centro de investigaci\u00f3n por la paz\",\"publisher\":{\"@id\":\"https:\\\/\\\/www.gernikagogoratuz.org\\\/en\\\/#organization\"},\"potentialAction\":[{\"@type\":\"SearchAction\",\"target\":{\"@type\":\"EntryPoint\",\"urlTemplate\":\"https:\\\/\\\/www.gernikagogoratuz.org\\\/en\\\/?s={search_term_string}\"},\"query-input\":{\"@type\":\"PropertyValueSpecification\",\"valueRequired\":true,\"valueName\":\"search_term_string\"}}],\"inLanguage\":\"en-US\"},{\"@type\":\"Organization\",\"@id\":\"https:\\\/\\\/www.gernikagogoratuz.org\\\/en\\\/#organization\",\"name\":\"Gernika Gogoratuz. Centro de Investigaci\u00f3n por la Paz.\",\"url\":\"https:\\\/\\\/www.gernikagogoratuz.org\\\/en\\\/\",\"logo\":{\"@type\":\"ImageObject\",\"inLanguage\":\"en-US\",\"@id\":\"https:\\\/\\\/www.gernikagogoratuz.org\\\/en\\\/#\\\/schema\\\/logo\\\/image\\\/\",\"url\":\"https:\\\/\\\/www.gernikagogoratuz.org\\\/wp-content\\\/uploads\\\/2018\\\/10\\\/gernikagogoratuzogo_es.svg\",\"contentUrl\":\"https:\\\/\\\/www.gernikagogoratuz.org\\\/wp-content\\\/uploads\\\/2018\\\/10\\\/gernikagogoratuzogo_es.svg\",\"width\":1,\"height\":1,\"caption\":\"Gernika Gogoratuz. Centro de Investigaci\u00f3n por la Paz.\"},\"image\":{\"@id\":\"https:\\\/\\\/www.gernikagogoratuz.org\\\/en\\\/#\\\/schema\\\/logo\\\/image\\\/\"},\"sameAs\":[\"https:\\\/\\\/www.facebook.com\\\/GernikaGogoratuzFundacion\",\"https:\\\/\\\/x.com\\\/GGogoratuz\",\"https:\\\/\\\/www.youtube.com\\\/user\\\/gernikagogoratuz\\\/videos\"]}]}<\/script>\n<!-- \/ Yoast SEO plugin. -->","yoast_head_json":{"title":"Gernika Gogoratuz. Centro de Investigaci\u00f3n por la Paz","description":"Investigaci\u00f3n, formaci\u00f3n y divulgaci\u00f3n de la Cultura de Paz. Gernika, Ciudad de la Paz en el Siglo XXI. Centro de Estudios por la Paz.","robots":{"index":"index","follow":"follow","max-snippet":"max-snippet:-1","max-image-preview":"max-image-preview:large","max-video-preview":"max-video-preview:-1"},"canonical":"https:\/\/www.gernikagogoratuz.org\/en\/arte-paz-eng\/","og_locale":"en_US","og_type":"article","og_title":"Gernika Gogoratuz. Centro de Investigaci\u00f3n por la Paz","og_description":"Investigaci\u00f3n, formaci\u00f3n y divulgaci\u00f3n de la Cultura de Paz. Gernika, Ciudad de la Paz en el Siglo XXI. Centro de Estudios por la Paz.","og_url":"https:\/\/www.gernikagogoratuz.org\/en\/arte-paz-eng\/","og_site_name":"Gernika Gogoratuz","article_publisher":"https:\/\/www.facebook.com\/GernikaGogoratuzFundacion","article_modified_time":"2021-08-02T10:49:07+00:00","twitter_card":"summary_large_image","twitter_site":"@GGogoratuz","twitter_misc":{"Est. reading time":"8 minutes"},"schema":{"@context":"https:\/\/schema.org","@graph":[{"@type":"WebPage","@id":"https:\/\/www.gernikagogoratuz.org\/en\/arte-paz-eng\/","url":"https:\/\/www.gernikagogoratuz.org\/en\/arte-paz-eng\/","name":"Gernika Gogoratuz. Centro de Investigaci\u00f3n por la Paz","isPartOf":{"@id":"https:\/\/www.gernikagogoratuz.org\/en\/#website"},"datePublished":"2021-08-02T10:46:06+00:00","dateModified":"2021-08-02T10:49:07+00:00","description":"Investigaci\u00f3n, formaci\u00f3n y divulgaci\u00f3n de la Cultura de Paz. Gernika, Ciudad de la Paz en el Siglo XXI. Centro de Estudios por la Paz.","breadcrumb":{"@id":"https:\/\/www.gernikagogoratuz.org\/en\/arte-paz-eng\/#breadcrumb"},"inLanguage":"en-US","potentialAction":[{"@type":"ReadAction","target":["https:\/\/www.gernikagogoratuz.org\/en\/arte-paz-eng\/"]}]},{"@type":"BreadcrumbList","@id":"https:\/\/www.gernikagogoratuz.org\/en\/arte-paz-eng\/#breadcrumb","itemListElement":[{"@type":"ListItem","position":1,"name":"Portada","item":"https:\/\/www.gernikagogoratuz.org\/en\/"},{"@type":"ListItem","position":2,"name":"arte y paz eng"}]},{"@type":"WebSite","@id":"https:\/\/www.gernikagogoratuz.org\/en\/#website","url":"https:\/\/www.gernikagogoratuz.org\/en\/","name":"Gernika Gogoratuz","description":"Centro de investigaci\u00f3n por la paz","publisher":{"@id":"https:\/\/www.gernikagogoratuz.org\/en\/#organization"},"potentialAction":[{"@type":"SearchAction","target":{"@type":"EntryPoint","urlTemplate":"https:\/\/www.gernikagogoratuz.org\/en\/?s={search_term_string}"},"query-input":{"@type":"PropertyValueSpecification","valueRequired":true,"valueName":"search_term_string"}}],"inLanguage":"en-US"},{"@type":"Organization","@id":"https:\/\/www.gernikagogoratuz.org\/en\/#organization","name":"Gernika Gogoratuz. Centro de Investigaci\u00f3n por la Paz.","url":"https:\/\/www.gernikagogoratuz.org\/en\/","logo":{"@type":"ImageObject","inLanguage":"en-US","@id":"https:\/\/www.gernikagogoratuz.org\/en\/#\/schema\/logo\/image\/","url":"https:\/\/www.gernikagogoratuz.org\/wp-content\/uploads\/2018\/10\/gernikagogoratuzogo_es.svg","contentUrl":"https:\/\/www.gernikagogoratuz.org\/wp-content\/uploads\/2018\/10\/gernikagogoratuzogo_es.svg","width":1,"height":1,"caption":"Gernika Gogoratuz. Centro de Investigaci\u00f3n por la Paz."},"image":{"@id":"https:\/\/www.gernikagogoratuz.org\/en\/#\/schema\/logo\/image\/"},"sameAs":["https:\/\/www.facebook.com\/GernikaGogoratuzFundacion","https:\/\/x.com\/GGogoratuz","https:\/\/www.youtube.com\/user\/gernikagogoratuz\/videos"]}]}},"_links":{"self":[{"href":"https:\/\/www.gernikagogoratuz.org\/en\/wp-json\/wp\/v2\/pages\/26357","targetHints":{"allow":["GET"]}}],"collection":[{"href":"https:\/\/www.gernikagogoratuz.org\/en\/wp-json\/wp\/v2\/pages"}],"about":[{"href":"https:\/\/www.gernikagogoratuz.org\/en\/wp-json\/wp\/v2\/types\/page"}],"author":[{"embeddable":true,"href":"https:\/\/www.gernikagogoratuz.org\/en\/wp-json\/wp\/v2\/users\/5"}],"replies":[{"embeddable":true,"href":"https:\/\/www.gernikagogoratuz.org\/en\/wp-json\/wp\/v2\/comments?post=26357"}],"version-history":[{"count":0,"href":"https:\/\/www.gernikagogoratuz.org\/en\/wp-json\/wp\/v2\/pages\/26357\/revisions"}],"wp:attachment":[{"href":"https:\/\/www.gernikagogoratuz.org\/en\/wp-json\/wp\/v2\/media?parent=26357"}],"curies":[{"name":"wp","href":"https:\/\/api.w.org\/{rel}","templated":true}]}}