{"id":38819,"date":"2025-01-29T15:38:28","date_gmt":"2025-01-29T14:38:28","guid":{"rendered":"https:\/\/www.gernikagogoratuz.org\/?page_id=38819"},"modified":"2025-09-03T11:37:53","modified_gmt":"2025-09-03T10:37:53","slug":"hilando-capacidades","status":"publish","type":"page","link":"https:\/\/www.gernikagogoratuz.org\/en\/hilando-capacidades\/","title":{"rendered":"Hilando capacidades"},"content":{"rendered":"<div class=\"wpb-content-wrapper\"><p>[vc_row][vc_column][vc_single_image image=&#8221;38628&#8243; img_size=&#8221;medium&#8221; alignment=&#8221;center&#8221;][\/vc_column][\/vc_row][vc_row][vc_column][vc_empty_space][vc_column_text]<\/p>\n<h2 style=\"font-size: 18px;\"><strong>Empowerment of indigenous and peasant women in the department of Caldas (Colombia) to demand and realise their rights.<\/strong><\/h2>\n<p>[\/vc_column_text][vc_empty_space][vc_row_inner][vc_column_inner][vc_column_text]The objective of the <strong>`Hilando capacidades\u00b4<\/strong>\u00a0project is to strengthen the capacities of rural and indigenous women in the Colombian coffee-growing region in the department of Caldas, in order to reduce gender gaps in their communities, improve their living conditions and guarantee their human rights, an essential condition for the consolidation of territorial peace.[\/vc_column_text][\/vc_column_inner][\/vc_row_inner][vc_empty_space][vc_empty_space][\/vc_column][\/vc_row][vc_row][vc_column][vc_empty_space][vc_column_text]<\/p>\n<h3><strong><span style=\"color: #7dab6a;\">BACKROUND<\/span><\/strong><\/h3>\n<hr \/>\n<p>[\/vc_column_text][vc_empty_space][\/vc_column][\/vc_row][vc_row][vc_column width=&#8221;1\/3&#8243;][vc_column_text]<\/p>\n<div class=\"page\" title=\"Page 9\">\n<div class=\"section\">\n<div class=\"layoutArea\">\n<div class=\"column\">\n<p>The background is based on the experience of the Universidad Aut\u00f3noma de Manizales with the Colombia Cient\u00edfica &#8211; Hilando Capacidades Pol\u00edticas para las Transiciones en el territorio programme, a process in which the peasant and indigenous women&#8217;s organisations involved in this project participated.<\/p>\n<\/div>\n<\/div>\n<\/div>\n<\/div>\n<p>[\/vc_column_text][vc_empty_space][\/vc_column][vc_column width=&#8221;1\/3&#8243;][vc_column_text]<\/p>\n<div class=\"page\" title=\"Page 9\">\n<div class=\"section\">\n<div class=\"layoutArea\">\n<div class=\"column\">\n<p>The objective of the first phase of the project, developed over 5 years, was to create transitional political capacities in the territories, based on the democratic mediation of social conflicts, aimed at reconciliation and the construction of a stable and lasting peace.<\/p>\n<\/div>\n<\/div>\n<\/div>\n<\/div>\n<p>[\/vc_column_text][vc_empty_space][\/vc_column][vc_column width=&#8221;1\/3&#8243;][vc_column_text]The women, youth, male and female leaders, who participated in the first phase through participatory techniques and methods, established a roadmap that now makes it possible to continue working to overcome the structural barriers identified.[\/vc_column_text][vc_empty_space][\/vc_column][\/vc_row][vc_row][vc_column][vc_empty_space][vc_column_text]<\/p>\n<h3><strong><span style=\"color: #7dab6a;\">HILANDO CAPACIDADES (2024)<br \/>\n<\/span><\/strong><\/h3>\n<hr \/>\n<p>[\/vc_column_text][vc_empty_space][vc_column_text]his project focuses specifically on the work and strengthening of two women&#8217;s organisations that emerged from the processes previously accompanied in the municipalities of <strong>Saman\u00e1<\/strong> and <strong>Riosucio<\/strong>.[\/vc_column_text][vc_empty_space][\/vc_column][\/vc_row][vc_row][vc_column width=&#8221;1\/2&#8243;][vc_empty_space][vc_column_text]<\/p>\n<h3><strong><span style=\"color: #7dab6a;\">SAMAN\u00c1<br \/>\n<\/span><\/strong><\/h3>\n<hr \/>\n<p>[\/vc_column_text][vc_empty_space][vc_single_image image=&#8221;38642&#8243; img_size=&#8221;MEDIUM&#8221; alignment=&#8221;center&#8221;][vc_empty_space][vc_column_text]<\/p>\n<div class=\"page\" title=\"Page 9\">\n<div class=\"section\">\n<div class=\"layoutArea\">\n<div class=\"column\">\n<p>The <strong>Organizaci\u00f3n Campesina Eco-Heliconias<\/strong> is made up of women who live in the `Corregimiento de Encimadas\u00b4 in the municipality of Saman\u00e1, in the east of Caldas. This organisation works on the commercialisation of products made from biomaterials.<\/p>\n<\/div>\n<\/div>\n<\/div>\n<\/div>\n<p>[\/vc_column_text][vc_empty_space][\/vc_column][vc_column width=&#8221;1\/2&#8243;][vc_empty_space][vc_column_text]<\/p>\n<h3><strong><span style=\"color: #7dab6a;\">RIOSUCIO<br \/>\n<\/span><\/strong><\/h3>\n<hr \/>\n<p>[\/vc_column_text][vc_empty_space][vc_single_image image=&#8221;38639&#8243; img_size=&#8221;MEDIUM&#8221; alignment=&#8221;center&#8221;][vc_empty_space][vc_column_text]<\/p>\n<div class=\"page\" title=\"Page 9\">\n<div class=\"section\">\n<div class=\"layoutArea\">\n<div class=\"column\">\n<p>The organisation <strong>Asociaci\u00f3n de Mujeres del Resguardo Ind\u00edgena de Origen Colonial Ca\u00f1amomo Lomaprieta<\/strong>\u00a0is made up of women from the municipality of Riosucio (Caldas) and seeks greater political and organisational participation, leadership and empowerment.<\/p>\n<\/div>\n<\/div>\n<\/div>\n<\/div>\n<p>[\/vc_column_text][vc_empty_space][\/vc_column][\/vc_row][vc_row][vc_column][vc_empty_space][vc_column_text]<\/p>\n<h3><strong><span style=\"color: #7dab6a;\">NEWS<\/span><\/strong><\/h3>\n<hr \/>\n<p>[\/vc_column_text][vc_empty_space][\/vc_column][\/vc_row][vc_row][vc_column width=&#8221;1\/3&#8243;][vc_column_text]<\/p>\n<h5><strong><span style=\"color: #7dab6a;\">SAMAN\u00c1<\/span><\/strong><\/h5>\n<p>[\/vc_column_text][vc_empty_space][vc_gallery interval=&#8221;3&#8243; images=&#8221;39351,39348,39345,39342,39339&#8243; img_size=&#8221;full&#8221; css=&#8221;&#8221;][vc_empty_space][vc_column_text css=&#8221;&#8221;]<\/p>\n<h6>Workshop on collective creative writing and concept development<\/h6>\n<p>[\/vc_column_text][vc_column_text css=&#8221;&#8221;]February 2025[\/vc_column_text][vc_empty_space][\/vc_column][vc_column width=&#8221;1\/3&#8243;][vc_column_text]<\/p>\n<h5><strong><span style=\"color: #7dab6a;\">SAMAN\u00c1<\/span><\/strong><\/h5>\n<p>[\/vc_column_text][vc_empty_space][vc_gallery interval=&#8221;3&#8243; images=&#8221;38649,38652,38655,38658,38661,38664,38667,38670,38673&#8243; img_size=&#8221;full&#8221;][vc_empty_space][vc_column_text]<\/p>\n<h6>Violence diagnosis workshop<\/h6>\n<p>[\/vc_column_text][vc_column_text]September-December 2024[\/vc_column_text][vc_empty_space][\/vc_column][vc_column width=&#8221;1\/3&#8243;][vc_column_text]<\/p>\n<h6><strong><span style=\"color: #7dab6a;\">RIOSUCIO<\/span><\/strong><\/h6>\n<p>[\/vc_column_text][vc_empty_space][vc_gallery interval=&#8221;3&#8243; images=&#8221;38676,38679,38682,38685,38688,38691,38694,38697,38700&#8243; img_size=&#8221;full&#8221;][vc_empty_space][vc_column_text]<\/p>\n<h6>Violence diagnosis workshop<\/h6>\n<p>[\/vc_column_text][vc_column_text]September-December 2024[\/vc_column_text][vc_empty_space][\/vc_column][\/vc_row][vc_row][vc_column width=&#8221;1\/4&#8243;][vc_column_text css=&#8221;&#8221;]<\/p>\n<h5><strong><span style=\"color: #7dab6a;\">VISIT OF GERNIKA GOGORATUZ (SEPTEMBER 2025)<\/span><\/strong><\/h5>\n<p>[\/vc_column_text][vc_empty_space][vc_video link=&#8221;https:\/\/youtube.com\/shorts\/bjO1RjTpaQ0&#8243; css=&#8221;&#8221;][vc_empty_space][vc_column_text css=&#8221;&#8221;]<\/p>\n<h6>A tulpa of women for peace<\/h6>\n<p>Gathering of indigenous and rural women in Riosucio, Caldas.[\/vc_column_text][vc_empty_space][\/vc_column][vc_column width=&#8221;1\/4&#8243;][vc_empty_space][\/vc_column][vc_column width=&#8221;1\/4&#8243;][vc_empty_space][\/vc_column][vc_column width=&#8221;1\/4&#8243;][vc_empty_space][\/vc_column][\/vc_row][vc_row][vc_column width=&#8221;1\/4&#8243;][vc_column_text css=&#8221;&#8221;]<\/p>\n<h5><strong><span style=\"color: #7dab6a;\">VISIT OF GERNIKA GOGORATUZ (JANUARY 2025)<\/span><\/strong><\/h5>\n<p>[\/vc_column_text][vc_empty_space][vc_gallery interval=&#8221;3&#8243; images=&#8221;39406,39403,39400,39397&#8243; img_size=&#8221;full&#8221; css=&#8221;&#8221;][vc_empty_space][vc_column_text css=&#8221;&#8221;]<\/p>\n<h6>Meeting with the Rector Dr. Carlos Eduardo Jaramillo Sanint and part of the rector&#8217;s team of the Universidad Aut\u00f3noma de Manizales &#8211; UAM<\/h6>\n<p>[\/vc_column_text][vc_empty_space][\/vc_column][vc_column width=&#8221;1\/4&#8243;][vc_empty_space height=&#8221;48px&#8221;][vc_gallery interval=&#8221;3&#8243; images=&#8221;39409&#8243; img_size=&#8221;full&#8221; onclick=&#8221;custom_link&#8221; custom_links_target=&#8221;_blank&#8221; css=&#8221;&#8221; custom_links=&#8221;#E-8_aHR0cHMlM0ElMkYlMkZ5b3V0dS5iZSUyRnl3enlMNjhUalFjJTNGc2klM0QtMnVfZFl2MFpUWTdWWUtl&#8221;][vc_empty_space][vc_column_text css=&#8221;&#8221;]<\/p>\n<h6>Mar\u00eda Oianguren and Liliana Zambrano, director and researcher of Gernika Gogoratuz<\/h6>\n<p>[\/vc_column_text][vc_empty_space][\/vc_column][vc_column width=&#8221;1\/4&#8243;][vc_empty_space height=&#8221;48px&#8221;][vc_gallery interval=&#8221;3&#8243; images=&#8221;39415&#8243; img_size=&#8221;full&#8221; onclick=&#8221;custom_link&#8221; custom_links_target=&#8221;_blank&#8221; css=&#8221;&#8221; custom_links=&#8221;#E-8_aHR0cHMlM0ElMkYlMkZ3d3cubGFwYXRyaWEuY29tJTJGY2FsZGFzJTJGZnVuZGFjaW9uLWdlcm5pa2EtZ29nb3JhdHV6LXktdWFtLXVuLWVuZm9xdWUtaW5ub3ZhZG9yLWVuLXByb3llY3Rvcy1kZS1wYXotZW4tY2FsZGFz&#8221;][vc_empty_space][vc_column_text css=&#8221;&#8221;]<\/p>\n<h6>Interview with Mar\u00eda Oianguren, director of Gernika Gogoratuz, published in the newspaper La Patria.<\/h6>\n<p>[\/vc_column_text][vc_empty_space][\/vc_column][vc_column width=&#8221;1\/4&#8243;][vc_empty_space height=&#8221;48px&#8221;][vc_gallery interval=&#8221;3&#8243; images=&#8221;39436,40346,40343,40340,40337&#8243; img_size=&#8221;full&#8221; css=&#8221;&#8221;][vc_empty_space][vc_column_text css=&#8221;&#8221;]<\/p>\n<h6>Visit to the municipality of Riosucio (Caldas) and meeting with two of the women leaders of the Ca\u00f1amomo Lomaprieta indigenous community.<\/h6>\n<p>[\/vc_column_text][vc_empty_space][\/vc_column][\/vc_row][vc_row][vc_column][vc_empty_space][vc_column_text css=&#8221;&#8221;]<\/p>\n<h3><strong><span style=\"color: #7dab6a;\">RESOURCES<\/span><\/strong><\/h3>\n<hr \/>\n<p>[\/vc_column_text][vc_empty_space][\/vc_column][\/vc_row][vc_row][vc_column width=&#8221;1\/4&#8243;][vc_column_text css=&#8221;&#8221;]<\/p>\n<h5><strong><span style=\"color: #7dab6a;\">SAMAN\u00c1<\/span><\/strong><\/h5>\n<p>[\/vc_column_text][vc_empty_space][vc_gallery interval=&#8221;3&#8243; images=&#8221;39423&#8243; img_size=&#8221;full&#8221; onclick=&#8221;custom_link&#8221; custom_links_target=&#8221;_blank&#8221; css=&#8221;&#8221; custom_links=&#8221;#E-8_aHR0cHMlM0ElMkYlMkZ3d3cuYXV0b25vbWEuZWR1LmNvJTJGYmxvZyUyRm5vdGljaWFzJTJGcGFydGljaXBhY2lvbi1wb2xpdGljYS15LWNvbm9jaW1pZW50by1lbi1wb2xpdGljYXMtZGUtZ2VuZXJvLWVuLXNhbWFuYQ==&#8221;][vc_column_text css=&#8221;&#8221;]<\/p>\n<h6>Political participation and gender policy knowledge in Saman\u00e1<\/h6>\n<p>[\/vc_column_text][vc_empty_space][\/vc_column][vc_column width=&#8221;1\/4&#8243;][vc_column_text css=&#8221;&#8221;]<\/p>\n<h5><strong><span style=\"color: #7dab6a;\">SAMAN\u00c1<\/span><\/strong><\/h5>\n<p>[\/vc_column_text][vc_empty_space][vc_gallery interval=&#8221;3&#8243; images=&#8221;40103&#8243; img_size=&#8221;full&#8221; onclick=&#8221;custom_link&#8221; custom_links_target=&#8221;_blank&#8221; css=&#8221;&#8221; custom_links=&#8221;#E-8_aHR0cHMlM0ElMkYlMkZ5b3V0dS5iZSUyRlVLcXl4dHdtQzhN&#8221;][vc_column_text css=&#8221;&#8221;]<\/p>\n<h6>Corregimiento de Encimadas<\/h6>\n<p>Five stories that reflect on gender violence, unequal access to opportunities, and empowerment. This piece serves as an educational tool with the aim of promoting critical thinking, raising awareness, and reinforcing rights enforceability.[\/vc_column_text][\/vc_column][vc_column width=&#8221;1\/4&#8243;][\/vc_column][vc_column width=&#8221;1\/4&#8243;][\/vc_column][\/vc_row][vc_row][vc_column width=&#8221;1\/2&#8243;][vc_empty_space][vc_column_text]<\/p>\n<h3><strong><span style=\"color: #7dab6a;\">ALLIANCES<\/span><\/strong><\/h3>\n<hr \/>\n<p>[\/vc_column_text][vc_empty_space][vc_row_inner][vc_column_inner width=&#8221;1\/4&#8243;][vc_single_image image=&#8221;37580&#8243; img_size=&#8221;full&#8221;][vc_empty_space][\/vc_column_inner][vc_column_inner width=&#8221;1\/4&#8243;][vc_single_image image=&#8221;38709&#8243; img_size=&#8221;full&#8221;][vc_empty_space][\/vc_column_inner][vc_column_inner width=&#8221;1\/4&#8243;][vc_empty_space][\/vc_column_inner][vc_column_inner width=&#8221;1\/4&#8243;][vc_empty_space][\/vc_column_inner][\/vc_row_inner][\/vc_column][vc_column width=&#8221;1\/2&#8243;][vc_empty_space][vc_row_inner][vc_column_inner][vc_column_text]<\/p>\n<h3><strong><span style=\"color: #7dab6a;\">PROJECT FUNDED BY<\/span><\/strong><\/h3>\n<hr \/>\n<p>[\/vc_column_text][\/vc_column_inner][\/vc_row_inner][vc_empty_space][vc_row_inner][vc_column_inner width=&#8221;1\/3&#8243;][vc_single_image image=&#8221;37161&#8243; img_size=&#8221;full&#8221;][\/vc_column_inner][vc_column_inner width=&#8221;1\/3&#8243;][\/vc_column_inner][vc_column_inner width=&#8221;1\/3&#8243;][\/vc_column_inner][\/vc_row_inner][vc_empty_space][\/vc_column][\/vc_row]<\/p>\n<\/div>","protected":false},"excerpt":{"rendered":"<p>[vc_row][vc_column][vc_single_image image=&#8221;38628&#8243; img_size=&#8221;medium&#8221; alignment=&#8221;center&#8221;][\/vc_column][\/vc_row][vc_row][vc_column][vc_empty_space][vc_column_text] Empowerment of indigenous and peasant women in the department of Caldas (Colombia) to demand and realise their rights. [\/vc_column_text][vc_empty_space][vc_row_inner][vc_column_inner][vc_column_text]The objective of the `Hilando capacidades\u00b4\u00a0project is to strengthen the capacities of rural and indigenous women in the Colombian coffee-growing region in the department of Caldas, in order to reduce gender gaps in&#8230;<\/p>\n","protected":false},"author":9,"featured_media":0,"parent":0,"menu_order":0,"comment_status":"closed","ping_status":"closed","template":"","meta":{"inline_featured_image":false,"footnotes":""},"class_list":["post-38819","page","type-page","status-publish","hentry"],"yoast_head":"<!-- This site is optimized with the Yoast SEO plugin v27.4 - https:\/\/yoast.com\/product\/yoast-seo-wordpress\/ -->\n<title>Hilando capacidades<\/title>\n<meta name=\"description\" content=\"The objective of the `Hilando capacidades\u00b4\u00a0project is to strengthen the capacities of rural and indigenous women in the Colombian coffee-growing region in the department of Caldas, in order to reduce gender gaps in their communities, improve their living conditions and guarantee their human rights, an essential condition for the consolidation of territorial peace.\" \/>\n<meta name=\"robots\" content=\"index, follow, max-snippet:-1, max-image-preview:large, max-video-preview:-1\" \/>\n<link rel=\"canonical\" href=\"https:\/\/www.gernikagogoratuz.org\/en\/hilando-capacidades\/\" \/>\n<meta property=\"og:locale\" content=\"en_US\" \/>\n<meta property=\"og:type\" content=\"article\" \/>\n<meta property=\"og:title\" content=\"Hilando capacidades\" \/>\n<meta property=\"og:description\" content=\"The objective of the `Hilando capacidades\u00b4\u00a0project is to strengthen the capacities of rural and indigenous women in the Colombian coffee-growing region in the department of Caldas, in order to reduce gender gaps in their communities, improve their living conditions and guarantee their human rights, an essential condition for the consolidation of territorial peace.\" \/>\n<meta property=\"og:url\" content=\"https:\/\/www.gernikagogoratuz.org\/en\/hilando-capacidades\/\" \/>\n<meta property=\"og:site_name\" content=\"Gernika Gogoratuz\" \/>\n<meta property=\"article:publisher\" content=\"https:\/\/www.facebook.com\/GernikaGogoratuzFundacion\" \/>\n<meta property=\"article:modified_time\" content=\"2025-09-03T10:37:53+00:00\" \/>\n<meta property=\"og:image\" content=\"https:\/\/www.gernikagogoratuz.org\/wp-content\/uploads\/2025\/01\/Logo.jpg\" \/>\n\t<meta property=\"og:image:width\" content=\"1080\" \/>\n\t<meta property=\"og:image:height\" content=\"860\" \/>\n\t<meta property=\"og:image:type\" content=\"image\/jpeg\" \/>\n<meta name=\"twitter:card\" content=\"summary_large_image\" \/>\n<meta name=\"twitter:title\" content=\"Hilando capacidades\" \/>\n<meta name=\"twitter:description\" content=\"The objective of the `Hilando capacidades\u00b4\u00a0project is to strengthen the capacities of rural and indigenous women in the Colombian coffee-growing region in the department of Caldas, in order to reduce gender gaps in their communities, improve their living conditions and guarantee their human rights, an essential condition for the consolidation of territorial peace.\" \/>\n<meta name=\"twitter:image\" content=\"https:\/\/www.gernikagogoratuz.org\/wp-content\/uploads\/2025\/01\/Logo.jpg\" \/>\n<meta name=\"twitter:site\" content=\"@GGogoratuz\" \/>\n<meta name=\"twitter:label1\" content=\"Est. reading time\" \/>\n\t<meta name=\"twitter:data1\" content=\"12 minutes\" \/>\n<script type=\"application\/ld+json\" class=\"yoast-schema-graph\">{\"@context\":\"https:\\\/\\\/schema.org\",\"@graph\":[{\"@type\":\"WebPage\",\"@id\":\"https:\\\/\\\/www.gernikagogoratuz.org\\\/en\\\/hilando-capacidades\\\/\",\"url\":\"https:\\\/\\\/www.gernikagogoratuz.org\\\/en\\\/hilando-capacidades\\\/\",\"name\":\"Hilando capacidades\",\"isPartOf\":{\"@id\":\"https:\\\/\\\/www.gernikagogoratuz.org\\\/en\\\/#website\"},\"datePublished\":\"2025-01-29T14:38:28+00:00\",\"dateModified\":\"2025-09-03T10:37:53+00:00\",\"description\":\"The objective of the `Hilando capacidades\u00b4\u00a0project is to strengthen the capacities of rural and indigenous women in the Colombian coffee-growing region in the department of Caldas, in order to reduce gender gaps in their communities, improve their living conditions and guarantee their human rights, an essential condition for the consolidation of territorial peace.\",\"breadcrumb\":{\"@id\":\"https:\\\/\\\/www.gernikagogoratuz.org\\\/en\\\/hilando-capacidades\\\/#breadcrumb\"},\"inLanguage\":\"en-US\",\"potentialAction\":[{\"@type\":\"ReadAction\",\"target\":[\"https:\\\/\\\/www.gernikagogoratuz.org\\\/en\\\/hilando-capacidades\\\/\"]}]},{\"@type\":\"BreadcrumbList\",\"@id\":\"https:\\\/\\\/www.gernikagogoratuz.org\\\/en\\\/hilando-capacidades\\\/#breadcrumb\",\"itemListElement\":[{\"@type\":\"ListItem\",\"position\":1,\"name\":\"Portada\",\"item\":\"https:\\\/\\\/www.gernikagogoratuz.org\\\/en\\\/\"},{\"@type\":\"ListItem\",\"position\":2,\"name\":\"Hilando capacidades\"}]},{\"@type\":\"WebSite\",\"@id\":\"https:\\\/\\\/www.gernikagogoratuz.org\\\/en\\\/#website\",\"url\":\"https:\\\/\\\/www.gernikagogoratuz.org\\\/en\\\/\",\"name\":\"Gernika Gogoratuz\",\"description\":\"Centro de investigaci\u00f3n por la paz\",\"publisher\":{\"@id\":\"https:\\\/\\\/www.gernikagogoratuz.org\\\/en\\\/#organization\"},\"potentialAction\":[{\"@type\":\"SearchAction\",\"target\":{\"@type\":\"EntryPoint\",\"urlTemplate\":\"https:\\\/\\\/www.gernikagogoratuz.org\\\/en\\\/?s={search_term_string}\"},\"query-input\":{\"@type\":\"PropertyValueSpecification\",\"valueRequired\":true,\"valueName\":\"search_term_string\"}}],\"inLanguage\":\"en-US\"},{\"@type\":\"Organization\",\"@id\":\"https:\\\/\\\/www.gernikagogoratuz.org\\\/en\\\/#organization\",\"name\":\"Gernika Gogoratuz. Centro de Investigaci\u00f3n por la Paz.\",\"url\":\"https:\\\/\\\/www.gernikagogoratuz.org\\\/en\\\/\",\"logo\":{\"@type\":\"ImageObject\",\"inLanguage\":\"en-US\",\"@id\":\"https:\\\/\\\/www.gernikagogoratuz.org\\\/en\\\/#\\\/schema\\\/logo\\\/image\\\/\",\"url\":\"https:\\\/\\\/www.gernikagogoratuz.org\\\/wp-content\\\/uploads\\\/2018\\\/10\\\/gernikagogoratuzogo_es.svg\",\"contentUrl\":\"https:\\\/\\\/www.gernikagogoratuz.org\\\/wp-content\\\/uploads\\\/2018\\\/10\\\/gernikagogoratuzogo_es.svg\",\"width\":1,\"height\":1,\"caption\":\"Gernika Gogoratuz. Centro de Investigaci\u00f3n por la Paz.\"},\"image\":{\"@id\":\"https:\\\/\\\/www.gernikagogoratuz.org\\\/en\\\/#\\\/schema\\\/logo\\\/image\\\/\"},\"sameAs\":[\"https:\\\/\\\/www.facebook.com\\\/GernikaGogoratuzFundacion\",\"https:\\\/\\\/x.com\\\/GGogoratuz\",\"https:\\\/\\\/www.youtube.com\\\/user\\\/gernikagogoratuz\\\/videos\"]}]}<\/script>\n<!-- \/ Yoast SEO plugin. -->","yoast_head_json":{"title":"Hilando capacidades","description":"The objective of the `Hilando capacidades\u00b4\u00a0project is to strengthen the capacities of rural and indigenous women in the Colombian coffee-growing region in the department of Caldas, in order to reduce gender gaps in their communities, improve their living conditions and guarantee their human rights, an essential condition for the consolidation of territorial peace.","robots":{"index":"index","follow":"follow","max-snippet":"max-snippet:-1","max-image-preview":"max-image-preview:large","max-video-preview":"max-video-preview:-1"},"canonical":"https:\/\/www.gernikagogoratuz.org\/en\/hilando-capacidades\/","og_locale":"en_US","og_type":"article","og_title":"Hilando capacidades","og_description":"The objective of the `Hilando capacidades\u00b4\u00a0project is to strengthen the capacities of rural and indigenous women in the Colombian coffee-growing region in the department of Caldas, in order to reduce gender gaps in their communities, improve their living conditions and guarantee their human rights, an essential condition for the consolidation of territorial peace.","og_url":"https:\/\/www.gernikagogoratuz.org\/en\/hilando-capacidades\/","og_site_name":"Gernika Gogoratuz","article_publisher":"https:\/\/www.facebook.com\/GernikaGogoratuzFundacion","article_modified_time":"2025-09-03T10:37:53+00:00","og_image":[{"width":1080,"height":860,"url":"https:\/\/www.gernikagogoratuz.org\/wp-content\/uploads\/2025\/01\/Logo.jpg","type":"image\/jpeg"}],"twitter_card":"summary_large_image","twitter_title":"Hilando capacidades","twitter_description":"The objective of the `Hilando capacidades\u00b4\u00a0project is to strengthen the capacities of rural and indigenous women in the Colombian coffee-growing region in the department of Caldas, in order to reduce gender gaps in their communities, improve their living conditions and guarantee their human rights, an essential condition for the consolidation of territorial peace.","twitter_image":"https:\/\/www.gernikagogoratuz.org\/wp-content\/uploads\/2025\/01\/Logo.jpg","twitter_site":"@GGogoratuz","twitter_misc":{"Est. reading time":"12 minutes"},"schema":{"@context":"https:\/\/schema.org","@graph":[{"@type":"WebPage","@id":"https:\/\/www.gernikagogoratuz.org\/en\/hilando-capacidades\/","url":"https:\/\/www.gernikagogoratuz.org\/en\/hilando-capacidades\/","name":"Hilando capacidades","isPartOf":{"@id":"https:\/\/www.gernikagogoratuz.org\/en\/#website"},"datePublished":"2025-01-29T14:38:28+00:00","dateModified":"2025-09-03T10:37:53+00:00","description":"The objective of the `Hilando capacidades\u00b4\u00a0project is to strengthen the capacities of rural and indigenous women in the Colombian coffee-growing region in the department of Caldas, in order to reduce gender gaps in their communities, improve their living conditions and guarantee their human rights, an essential condition for the consolidation of territorial peace.","breadcrumb":{"@id":"https:\/\/www.gernikagogoratuz.org\/en\/hilando-capacidades\/#breadcrumb"},"inLanguage":"en-US","potentialAction":[{"@type":"ReadAction","target":["https:\/\/www.gernikagogoratuz.org\/en\/hilando-capacidades\/"]}]},{"@type":"BreadcrumbList","@id":"https:\/\/www.gernikagogoratuz.org\/en\/hilando-capacidades\/#breadcrumb","itemListElement":[{"@type":"ListItem","position":1,"name":"Portada","item":"https:\/\/www.gernikagogoratuz.org\/en\/"},{"@type":"ListItem","position":2,"name":"Hilando capacidades"}]},{"@type":"WebSite","@id":"https:\/\/www.gernikagogoratuz.org\/en\/#website","url":"https:\/\/www.gernikagogoratuz.org\/en\/","name":"Gernika Gogoratuz","description":"Centro de investigaci\u00f3n por la paz","publisher":{"@id":"https:\/\/www.gernikagogoratuz.org\/en\/#organization"},"potentialAction":[{"@type":"SearchAction","target":{"@type":"EntryPoint","urlTemplate":"https:\/\/www.gernikagogoratuz.org\/en\/?s={search_term_string}"},"query-input":{"@type":"PropertyValueSpecification","valueRequired":true,"valueName":"search_term_string"}}],"inLanguage":"en-US"},{"@type":"Organization","@id":"https:\/\/www.gernikagogoratuz.org\/en\/#organization","name":"Gernika Gogoratuz. Centro de Investigaci\u00f3n por la Paz.","url":"https:\/\/www.gernikagogoratuz.org\/en\/","logo":{"@type":"ImageObject","inLanguage":"en-US","@id":"https:\/\/www.gernikagogoratuz.org\/en\/#\/schema\/logo\/image\/","url":"https:\/\/www.gernikagogoratuz.org\/wp-content\/uploads\/2018\/10\/gernikagogoratuzogo_es.svg","contentUrl":"https:\/\/www.gernikagogoratuz.org\/wp-content\/uploads\/2018\/10\/gernikagogoratuzogo_es.svg","width":1,"height":1,"caption":"Gernika Gogoratuz. Centro de Investigaci\u00f3n por la Paz."},"image":{"@id":"https:\/\/www.gernikagogoratuz.org\/en\/#\/schema\/logo\/image\/"},"sameAs":["https:\/\/www.facebook.com\/GernikaGogoratuzFundacion","https:\/\/x.com\/GGogoratuz","https:\/\/www.youtube.com\/user\/gernikagogoratuz\/videos"]}]}},"_links":{"self":[{"href":"https:\/\/www.gernikagogoratuz.org\/en\/wp-json\/wp\/v2\/pages\/38819","targetHints":{"allow":["GET"]}}],"collection":[{"href":"https:\/\/www.gernikagogoratuz.org\/en\/wp-json\/wp\/v2\/pages"}],"about":[{"href":"https:\/\/www.gernikagogoratuz.org\/en\/wp-json\/wp\/v2\/types\/page"}],"author":[{"embeddable":true,"href":"https:\/\/www.gernikagogoratuz.org\/en\/wp-json\/wp\/v2\/users\/9"}],"replies":[{"embeddable":true,"href":"https:\/\/www.gernikagogoratuz.org\/en\/wp-json\/wp\/v2\/comments?post=38819"}],"version-history":[{"count":14,"href":"https:\/\/www.gernikagogoratuz.org\/en\/wp-json\/wp\/v2\/pages\/38819\/revisions"}],"predecessor-version":[{"id":40631,"href":"https:\/\/www.gernikagogoratuz.org\/en\/wp-json\/wp\/v2\/pages\/38819\/revisions\/40631"}],"wp:attachment":[{"href":"https:\/\/www.gernikagogoratuz.org\/en\/wp-json\/wp\/v2\/media?parent=38819"}],"curies":[{"name":"wp","href":"https:\/\/api.w.org\/{rel}","templated":true}]}}