{"id":19637,"date":"2019-03-04T09:31:43","date_gmt":"2019-03-04T09:31:43","guid":{"rendered":"https:\/\/www.gernikagogoratuz.org\/?page_id=19637"},"modified":"2025-10-23T17:04:23","modified_gmt":"2025-10-23T16:04:23","slug":"maria-oianguren-idigoras","status":"publish","type":"page","link":"https:\/\/www.gernikagogoratuz.org\/eu\/aurkezpena\/maria-oianguren-idigoras\/","title":{"rendered":"Mar\u00eda Oianguren Id\u00edgoras"},"content":{"rendered":"<div class=\"wpb-content-wrapper\"><p>[vc_row content_width=&#8221;grid&#8221; css=&#8221;.vc_custom_1491569179737{padding-bottom: 90px !important;}&#8221;][vc_column offset=&#8221;vc_col-lg-6 vc_col-md-6 vc_col-xs-12&#8243;][vc_single_image image=&#8221;40994&#8243; img_size=&#8221;full&#8221; css=&#8221;&#8221;][vc_empty_space height=&#8221;35px&#8221;][\/vc_column][vc_column offset=&#8221;vc_col-lg-6 vc_col-md-6 vc_col-xs-12&#8243; el_id=&#8221;ficha-columna&#8221;]<div class=\"edgtf-elements-holder edgtf-responsive-mode-768\" ><div class=\"edgtf-elements-holder-item \" data-item-class=\"edgtf-elements-holder-custom-663666\" data-1280-1600=\"2% 7% 2% 5%\" data-1024-1280=\"2% 7% 2% 5%\" data-768-1024=\"2% 0% 2% 3%\" data-600-768=\"5% 0% 1% 0%\" >\n\t\t<div class=\"edgtf-elements-holder-item-inner\">\n\t\t<div class=\"edgtf-elements-holder-item-content edgtf-elements-holder-custom-663666\" style=\"padding: 2% 7% 2% 5%\">\n\t\t\t[vc_column_text][\/vc_column_text][vc_empty_space height=&#8221;35px&#8221;][vc_column_text]Gernika Gogoratuz Bakearen Aldeko Ikerketa Zentroko zuzendaria da.<\/p>\n<p>Bakearen aldeko Ikerketaren Espainiako Elkarteko (AIPAZ) Zuzendaritza Batzordeko kidea da. Eurobasqueko kidea, Europar Mugimenduaren Euskal Kontseilua, Gernikatik Mundurako GKEaren kidea eta Urdaibaiko Erreserba Biosferaren Patronatuko Kooperazio Kontseiluko kidea.<\/p>\n<p>Giza Eskubide eta Bake Hezkuntzaren Elkarteen Foroko presidentea izan da (2007-2011) eta Eusko Jaurlaritzako Bizikidetza eta Giza Eskubideen Planaren Kontsulta Kontseiluko Presidentea (2018-2020). <span id=\"translation_box\" class=\"form-control-text textarea\" role=\"textbox\">WILPFko kidea ere bada &#8211; Bakearen eta Askatasunaren aldeko Emakumeen Nazioarteko Liga.<\/span><\/p>\n<p>Gizartea Eratzeko Etika Masterra, Deustuko Unibertsitatea, 2020.<\/p>\n<p>Enpresa Zuzendaritza eta Kultur Elkarteen goi mailako ikastaroa Xabidek antolatuta Madrilgo Konplutense Unibertsitearekin batera, 2001.<\/p>\n<p>Filosofia eta Hezkuntza Zientzietan lizentziatua Euskal Herriko Unibertsitatean, 1989.[\/vc_column_text][vc_empty_space height=&#8221;35px&#8221;][vc_column_text]<\/p>\n<h3>Sariak<\/h3>\n<p>[\/vc_column_text][vc_empty_space height=&#8221;35px&#8221;][vc_column_text]<a href=\"https:\/\/www.gernikagogoratuz.org\/eu\/eusko-jaurlaritzaren-rene-cassin-giza-eskubideen-saria-maria-oianguren-idigorasi-2010\/\" target=\"_blank\" rel=\"noopener noreferrer\"><strong>Ren\u00e9 Cassin Giza Eskubideen Saria<\/strong><\/a> ex aequo partekatua \u201cNazioarteko Bake Brigadekin\u201d batera, 2010.[\/vc_column_text][vc_empty_space height=&#8221;35px&#8221;][vc_column_text]<\/p>\n<h3>Argitalpenak<\/h3>\n<p>[\/vc_column_text][vc_empty_space height=&#8221;35px&#8221;][vc_column_text]<\/p>\n<ul>\n<li><a href=\"https:\/\/www.gernikagogoratuz.org\/eu\/portfolio-item\/32556\/\" target=\"_blank\" rel=\"noopener\">Paradigmas de la seguridad y prohibici\u00f3n de armas nucleares y aut\u00f3nomas<\/a>. Jokin Alberdi Bidaguren y Mar\u00eda Oianguren Idigoras (coords.). Doc 22. 2021<\/li>\n<li><a href=\"https:\/\/www.gernikagogoratuz.org\/eu\/portfolio-item\/gatazka-bizi-alternatibak-maria-oianguren-idigoras\/\" target=\"_blank\" rel=\"noopener noreferrer\">Gatazka eta bizi-alternatibak. Bizitza emantzipaziopraktika gisa<\/a>. 2020<\/li>\n<li><a href=\"https:\/\/www.gernikagogoratuz.org\/eu\/portfolio-item\/22506\/\" target=\"_blank\" rel=\"noopener noreferrer\">Laboratorios para la construcci\u00f3n social de memoria en el Pa\u00eds Vasco<\/a>. Revista Por la Paz. n\u00ba 27. ICIP. 2016<\/li>\n<li><a href=\"https:\/\/www.gernikagogoratuz.org\/eu\/portfolio-item\/itsasoratze-artibista-artearapia-eta-artibismoa\/\" target=\"_blank\" rel=\"noopener noreferrer\">La embarcada artivista \u2013 Itsasoratze artibista<\/a>. Alex Carrascosa, Iratxe Momoitio y Maria Oianguren. 2016<\/li>\n<li><a href=\"https:\/\/www.gernikagogoratuz.org\/eu\/portfolio-item\/derechos-humanos-construccion-paz-pais-vasco\/\" target=\"_blank\" rel=\"noopener noreferrer\">Derechos humanos y construcci\u00f3n de paz en el Pa\u00eds Vasco<\/a>. Mila Garc\u00eda de la Torre, Mar\u00eda Oianguren, Gorka Ruiz y Josu Ugarte. 2012<\/li>\n<li><a href=\"https:\/\/www.gernikagogoratuz.org\/eu\/portfolio-item\/experiencias-pedagogicas-memoria-victimas-terrorismo-dictaduras\/\" target=\"_blank\" rel=\"noopener noreferrer\">Experiencias pedag\u00f3gicas en torno a la memoria de las v\u00edctimas del terrorismo y las dictaduras<\/a>. Mar\u00eda Oianguren Idigoras y Karmele Soli\u00f1o Queiruga. 2010<\/li>\n<li><a href=\"https:\/\/www.gernikagogoratuz.org\/eu\/portfolio-item\/historias-de-vida-lugares-simbolicos-y-reconstruccion-de-identidades-en-la-construccion\/\" target=\"_blank\" rel=\"noopener noreferrer\">Historias de vida, lugares simb\u00f3licos y reconstrucci\u00f3n de identidades en la construcci\u00f3n de la paz XIX Jornadas Internacionales de Cultura y Paz de Gernika<\/a>. 2009<\/li>\n<li><a href=\"https:\/\/www.gernikagogoratuz.org\/eu\/portfolio-item\/cosmopolitismo-y-construccion-local-de-paz-memorias-de-las-xviii-jornadas-internacionales-de-cultura-y-paz-de-gernika\/\" target=\"_blank\" rel=\"noopener noreferrer\">Cosmopolitismo y construcci\u00f3n local de paz. XVIII Jornadas Internacionales de Cultura y Paz de Gernika<\/a>. 2009<\/li>\n<li><a href=\"https:\/\/www.gernikagogoratuz.org\/eu\/portfolio-item\/memoriaren-pedagogia-gernikako-bonbardaketa-bakerako-pedagogia-memoriaren-eta-artearen-bitartez-maria-oianguren-eta-alex-carrascosa-koord\/\" target=\"_blank\" rel=\"noopener noreferrer\">Memoriaren Pedagogia. Gernikako Bonbardaketa. Bakerako Pedagogia memoriaren eta artearen bitartez. Maria Oianguren eta Alex Carrascosa (koord.)<\/a>. 2008<\/li>\n<li><a href=\"https:\/\/www.gernikagogoratuz.org\/eu\/portfolio-item\/investigacion-paz-pais-vasco\/\" target=\"_blank\" rel=\"noopener noreferrer\">El papel de la investigaci\u00f3n para la paz ante la violencia en el Pa\u00eds Vasco<\/a>. 2005<\/li>\n<\/ul>\n<p>[\/vc_column_text][vc_empty_space height=&#8221;35px&#8221;][vc_column_text]<\/p>\n<h3>Harremanetarako datuak<\/h3>\n<p>[\/vc_column_text][vc_empty_space height=&#8221;35px&#8221;]\t\t<\/div>\n\t<\/div>\n\t<\/div><\/div><div class=\"edgtf-elements-holder edgtf-four-columns edgtf-responsive-mode-never\" ><div class=\"edgtf-elements-holder-item edgtf-vertical-alignment-top\" data-item-class=\"edgtf-elements-holder-custom-419976\" data-1280-1600=\"0px 10px 0px 33px\" data-1024-1280=\"0px 10px 0px 33px\" data-768-1024=\"0px 6px 0px 14px\" >\n\t\t<div class=\"edgtf-elements-holder-item-inner\">\n\t\t<div class=\"edgtf-elements-holder-item-content edgtf-elements-holder-custom-419976\" style=\"padding: 0px 10px 0px 33px\">\n\t\t\t[vc_empty_space height=&#8221;5px&#8221;][vc_column_text]<\/p>\n<h5>E-posta:<\/h5>\n<p>[\/vc_column_text][vc_empty_space height=&#8221;50px&#8221;]\t\t<\/div>\n\t<\/div>\n\t<\/div><div class=\"edgtf-elements-holder-item \" data-item-class=\"edgtf-elements-holder-custom-711898\" data-1280-1600=\"0px 0px 0px 0px\" data-1024-1280=\"0px 0px 0px 0px\" data-768-1024=\"2% 2% 2% 2%\" >\n\t\t<div class=\"edgtf-elements-holder-item-inner\">\n\t\t<div class=\"edgtf-elements-holder-item-content edgtf-elements-holder-custom-711898\" style=\"padding: 0px 0px 0px 0px\">\n\t\t\t[vc_column_text]<a href=\"mailto:mariaoianguren@gernikagogoratuz.org\">mariaoianguren@gernikagogoratuz.org<\/a>[\/vc_column_text][vc_empty_space height=&#8221;40px&#8221;]\t\t<\/div>\n\t<\/div>\n\t<\/div><\/div>[\/vc_column][\/vc_row]<\/p>\n<\/div>","protected":false},"excerpt":{"rendered":"<p>[vc_row content_width=&#8221;grid&#8221; css=&#8221;.vc_custom_1491569179737{padding-bottom: 90px !important;}&#8221;][vc_column offset=&#8221;vc_col-lg-6 vc_col-md-6 vc_col-xs-12&#8243;][vc_single_image image=&#8221;40994&#8243; img_size=&#8221;full&#8221; css=&#8221;&#8221;][vc_empty_space height=&#8221;35px&#8221;][\/vc_column][vc_column offset=&#8221;vc_col-lg-6 vc_col-md-6 vc_col-xs-12&#8243; el_id=&#8221;ficha-columna&#8221;][\/vc_column][\/vc_row]<\/p>\n","protected":false},"author":5,"featured_media":0,"parent":19671,"menu_order":0,"comment_status":"closed","ping_status":"closed","template":"full-width.php","meta":{"inline_featured_image":false,"footnotes":""},"class_list":["post-19637","page","type-page","status-publish","hentry"],"yoast_head":"<!-- This site is optimized with the Yoast SEO plugin v27.4 - https:\/\/yoast.com\/product\/yoast-seo-wordpress\/ -->\n<title>Gernika Gogoratuz. Mar\u00eda Oianguren Idigoras<\/title>\n<meta name=\"description\" content=\"Maria Oiangurenen curriculum laburra, profila eta kontaktua. Gernika Gogoratuzeko zuzendaria\" \/>\n<meta name=\"robots\" content=\"index, follow, max-snippet:-1, max-image-preview:large, max-video-preview:-1\" \/>\n<link rel=\"canonical\" href=\"https:\/\/www.gernikagogoratuz.org\/eu\/aurkezpena\/maria-oianguren-idigoras\/\" \/>\n<meta property=\"og:locale\" content=\"eu_ES\" \/>\n<meta property=\"og:type\" content=\"article\" \/>\n<meta property=\"og:title\" content=\"Gernika Gogoratuz. Mar\u00eda Oianguren Idigoras\" \/>\n<meta property=\"og:description\" content=\"Maria Oiangurenen curriculum laburra, profila eta kontaktua. Gernika Gogoratuzeko zuzendaria\" \/>\n<meta property=\"og:url\" content=\"https:\/\/www.gernikagogoratuz.org\/eu\/aurkezpena\/maria-oianguren-idigoras\/\" \/>\n<meta property=\"og:site_name\" content=\"Gernika Gogoratuz\" \/>\n<meta property=\"article:publisher\" content=\"https:\/\/www.facebook.com\/GernikaGogoratuzFundacion\" \/>\n<meta property=\"article:modified_time\" content=\"2025-10-23T16:04:23+00:00\" \/>\n<meta name=\"twitter:card\" content=\"summary_large_image\" \/>\n<meta name=\"twitter:site\" content=\"@GGogoratuz\" \/>\n<meta name=\"twitter:label1\" content=\"Est. reading time\" \/>\n\t<meta name=\"twitter:data1\" content=\"2 minutes\" \/>\n<script type=\"application\/ld+json\" class=\"yoast-schema-graph\">{\"@context\":\"https:\\\/\\\/schema.org\",\"@graph\":[{\"@type\":\"WebPage\",\"@id\":\"https:\\\/\\\/www.gernikagogoratuz.org\\\/eu\\\/aurkezpena\\\/maria-oianguren-idigoras\\\/\",\"url\":\"https:\\\/\\\/www.gernikagogoratuz.org\\\/eu\\\/aurkezpena\\\/maria-oianguren-idigoras\\\/\",\"name\":\"Gernika Gogoratuz. Mar\u00eda Oianguren Idigoras\",\"isPartOf\":{\"@id\":\"https:\\\/\\\/www.gernikagogoratuz.org\\\/eu\\\/#website\"},\"datePublished\":\"2019-03-04T09:31:43+00:00\",\"dateModified\":\"2025-10-23T16:04:23+00:00\",\"description\":\"Maria Oiangurenen curriculum laburra, profila eta kontaktua. Gernika Gogoratuzeko zuzendaria\",\"breadcrumb\":{\"@id\":\"https:\\\/\\\/www.gernikagogoratuz.org\\\/eu\\\/aurkezpena\\\/maria-oianguren-idigoras\\\/#breadcrumb\"},\"inLanguage\":\"eu-ES\",\"potentialAction\":[{\"@type\":\"ReadAction\",\"target\":[\"https:\\\/\\\/www.gernikagogoratuz.org\\\/eu\\\/aurkezpena\\\/maria-oianguren-idigoras\\\/\"]}]},{\"@type\":\"BreadcrumbList\",\"@id\":\"https:\\\/\\\/www.gernikagogoratuz.org\\\/eu\\\/aurkezpena\\\/maria-oianguren-idigoras\\\/#breadcrumb\",\"itemListElement\":[{\"@type\":\"ListItem\",\"position\":1,\"name\":\"Portada\",\"item\":\"https:\\\/\\\/www.gernikagogoratuz.org\\\/eu\\\/\"},{\"@type\":\"ListItem\",\"position\":2,\"name\":\"Aurkezpena\",\"item\":\"https:\\\/\\\/www.gernikagogoratuz.org\\\/eu\\\/aurkezpena\\\/\"},{\"@type\":\"ListItem\",\"position\":3,\"name\":\"Mar\u00eda Oianguren Id\u00edgoras\"}]},{\"@type\":\"WebSite\",\"@id\":\"https:\\\/\\\/www.gernikagogoratuz.org\\\/eu\\\/#website\",\"url\":\"https:\\\/\\\/www.gernikagogoratuz.org\\\/eu\\\/\",\"name\":\"Gernika Gogoratuz\",\"description\":\"Centro de investigaci\u00f3n por la paz\",\"publisher\":{\"@id\":\"https:\\\/\\\/www.gernikagogoratuz.org\\\/eu\\\/#organization\"},\"potentialAction\":[{\"@type\":\"SearchAction\",\"target\":{\"@type\":\"EntryPoint\",\"urlTemplate\":\"https:\\\/\\\/www.gernikagogoratuz.org\\\/eu\\\/?s={search_term_string}\"},\"query-input\":{\"@type\":\"PropertyValueSpecification\",\"valueRequired\":true,\"valueName\":\"search_term_string\"}}],\"inLanguage\":\"eu-ES\"},{\"@type\":\"Organization\",\"@id\":\"https:\\\/\\\/www.gernikagogoratuz.org\\\/eu\\\/#organization\",\"name\":\"Gernika Gogoratuz. Centro de Investigaci\u00f3n por la Paz.\",\"url\":\"https:\\\/\\\/www.gernikagogoratuz.org\\\/eu\\\/\",\"logo\":{\"@type\":\"ImageObject\",\"inLanguage\":\"eu-ES\",\"@id\":\"https:\\\/\\\/www.gernikagogoratuz.org\\\/eu\\\/#\\\/schema\\\/logo\\\/image\\\/\",\"url\":\"https:\\\/\\\/www.gernikagogoratuz.org\\\/wp-content\\\/uploads\\\/2018\\\/10\\\/gernikagogoratuzogo_es.svg\",\"contentUrl\":\"https:\\\/\\\/www.gernikagogoratuz.org\\\/wp-content\\\/uploads\\\/2018\\\/10\\\/gernikagogoratuzogo_es.svg\",\"width\":1,\"height\":1,\"caption\":\"Gernika Gogoratuz. Centro de Investigaci\u00f3n por la Paz.\"},\"image\":{\"@id\":\"https:\\\/\\\/www.gernikagogoratuz.org\\\/eu\\\/#\\\/schema\\\/logo\\\/image\\\/\"},\"sameAs\":[\"https:\\\/\\\/www.facebook.com\\\/GernikaGogoratuzFundacion\",\"https:\\\/\\\/x.com\\\/GGogoratuz\",\"https:\\\/\\\/www.youtube.com\\\/user\\\/gernikagogoratuz\\\/videos\"]}]}<\/script>\n<!-- \/ Yoast SEO plugin. -->","yoast_head_json":{"title":"Gernika Gogoratuz. Mar\u00eda Oianguren Idigoras","description":"Maria Oiangurenen curriculum laburra, profila eta kontaktua. Gernika Gogoratuzeko zuzendaria","robots":{"index":"index","follow":"follow","max-snippet":"max-snippet:-1","max-image-preview":"max-image-preview:large","max-video-preview":"max-video-preview:-1"},"canonical":"https:\/\/www.gernikagogoratuz.org\/eu\/aurkezpena\/maria-oianguren-idigoras\/","og_locale":"eu_ES","og_type":"article","og_title":"Gernika Gogoratuz. Mar\u00eda Oianguren Idigoras","og_description":"Maria Oiangurenen curriculum laburra, profila eta kontaktua. Gernika Gogoratuzeko zuzendaria","og_url":"https:\/\/www.gernikagogoratuz.org\/eu\/aurkezpena\/maria-oianguren-idigoras\/","og_site_name":"Gernika Gogoratuz","article_publisher":"https:\/\/www.facebook.com\/GernikaGogoratuzFundacion","article_modified_time":"2025-10-23T16:04:23+00:00","twitter_card":"summary_large_image","twitter_site":"@GGogoratuz","twitter_misc":{"Est. reading time":"2 minutes"},"schema":{"@context":"https:\/\/schema.org","@graph":[{"@type":"WebPage","@id":"https:\/\/www.gernikagogoratuz.org\/eu\/aurkezpena\/maria-oianguren-idigoras\/","url":"https:\/\/www.gernikagogoratuz.org\/eu\/aurkezpena\/maria-oianguren-idigoras\/","name":"Gernika Gogoratuz. Mar\u00eda Oianguren Idigoras","isPartOf":{"@id":"https:\/\/www.gernikagogoratuz.org\/eu\/#website"},"datePublished":"2019-03-04T09:31:43+00:00","dateModified":"2025-10-23T16:04:23+00:00","description":"Maria Oiangurenen curriculum laburra, profila eta kontaktua. Gernika Gogoratuzeko zuzendaria","breadcrumb":{"@id":"https:\/\/www.gernikagogoratuz.org\/eu\/aurkezpena\/maria-oianguren-idigoras\/#breadcrumb"},"inLanguage":"eu-ES","potentialAction":[{"@type":"ReadAction","target":["https:\/\/www.gernikagogoratuz.org\/eu\/aurkezpena\/maria-oianguren-idigoras\/"]}]},{"@type":"BreadcrumbList","@id":"https:\/\/www.gernikagogoratuz.org\/eu\/aurkezpena\/maria-oianguren-idigoras\/#breadcrumb","itemListElement":[{"@type":"ListItem","position":1,"name":"Portada","item":"https:\/\/www.gernikagogoratuz.org\/eu\/"},{"@type":"ListItem","position":2,"name":"Aurkezpena","item":"https:\/\/www.gernikagogoratuz.org\/eu\/aurkezpena\/"},{"@type":"ListItem","position":3,"name":"Mar\u00eda Oianguren Id\u00edgoras"}]},{"@type":"WebSite","@id":"https:\/\/www.gernikagogoratuz.org\/eu\/#website","url":"https:\/\/www.gernikagogoratuz.org\/eu\/","name":"Gernika Gogoratuz","description":"Centro de investigaci\u00f3n por la paz","publisher":{"@id":"https:\/\/www.gernikagogoratuz.org\/eu\/#organization"},"potentialAction":[{"@type":"SearchAction","target":{"@type":"EntryPoint","urlTemplate":"https:\/\/www.gernikagogoratuz.org\/eu\/?s={search_term_string}"},"query-input":{"@type":"PropertyValueSpecification","valueRequired":true,"valueName":"search_term_string"}}],"inLanguage":"eu-ES"},{"@type":"Organization","@id":"https:\/\/www.gernikagogoratuz.org\/eu\/#organization","name":"Gernika Gogoratuz. Centro de Investigaci\u00f3n por la Paz.","url":"https:\/\/www.gernikagogoratuz.org\/eu\/","logo":{"@type":"ImageObject","inLanguage":"eu-ES","@id":"https:\/\/www.gernikagogoratuz.org\/eu\/#\/schema\/logo\/image\/","url":"https:\/\/www.gernikagogoratuz.org\/wp-content\/uploads\/2018\/10\/gernikagogoratuzogo_es.svg","contentUrl":"https:\/\/www.gernikagogoratuz.org\/wp-content\/uploads\/2018\/10\/gernikagogoratuzogo_es.svg","width":1,"height":1,"caption":"Gernika Gogoratuz. Centro de Investigaci\u00f3n por la Paz."},"image":{"@id":"https:\/\/www.gernikagogoratuz.org\/eu\/#\/schema\/logo\/image\/"},"sameAs":["https:\/\/www.facebook.com\/GernikaGogoratuzFundacion","https:\/\/x.com\/GGogoratuz","https:\/\/www.youtube.com\/user\/gernikagogoratuz\/videos"]}]}},"_links":{"self":[{"href":"https:\/\/www.gernikagogoratuz.org\/eu\/wp-json\/wp\/v2\/pages\/19637","targetHints":{"allow":["GET"]}}],"collection":[{"href":"https:\/\/www.gernikagogoratuz.org\/eu\/wp-json\/wp\/v2\/pages"}],"about":[{"href":"https:\/\/www.gernikagogoratuz.org\/eu\/wp-json\/wp\/v2\/types\/page"}],"author":[{"embeddable":true,"href":"https:\/\/www.gernikagogoratuz.org\/eu\/wp-json\/wp\/v2\/users\/5"}],"replies":[{"embeddable":true,"href":"https:\/\/www.gernikagogoratuz.org\/eu\/wp-json\/wp\/v2\/comments?post=19637"}],"version-history":[{"count":5,"href":"https:\/\/www.gernikagogoratuz.org\/eu\/wp-json\/wp\/v2\/pages\/19637\/revisions"}],"predecessor-version":[{"id":41029,"href":"https:\/\/www.gernikagogoratuz.org\/eu\/wp-json\/wp\/v2\/pages\/19637\/revisions\/41029"}],"up":[{"embeddable":true,"href":"https:\/\/www.gernikagogoratuz.org\/eu\/wp-json\/wp\/v2\/pages\/19671"}],"wp:attachment":[{"href":"https:\/\/www.gernikagogoratuz.org\/eu\/wp-json\/wp\/v2\/media?parent=19637"}],"curies":[{"name":"wp","href":"https:\/\/api.w.org\/{rel}","templated":true}]}}