{"id":19874,"date":"2019-03-11T08:51:20","date_gmt":"2019-03-11T08:51:20","guid":{"rendered":"https:\/\/www.gernikagogoratuz.org\/?page_id=19874"},"modified":"2025-10-01T10:33:30","modified_gmt":"2025-10-01T09:33:30","slug":"gardentasun-ataria","status":"publish","type":"page","link":"https:\/\/www.gernikagogoratuz.org\/eu\/gardentasun-ataria\/","title":{"rendered":"Gardentasun ataria"},"content":{"rendered":"<div class=\"wpb-content-wrapper\"><p>[vc_row][vc_column][vc_column_text css=&#8221;&#8221; el_class=&#8221;transparencia&#8221;]<strong>INFORMAZIO INSTITUZIONALA<\/strong><\/p>\n<p><a href=\"https:\/\/www.gernikagogoratuz.org\/wp-content\/uploads\/2024\/03\/Boletin-oficial-parlamento-vasco.pdf\">Gernikan Pakeari buruzko Aztertegi bat jartzea erabakia<\/a><\/p>\n<p><a href=\"https:\/\/www.gernikagogoratuz.org\/wp-content\/uploads\/2025\/10\/ORGANIGRAMA-GGG.pdf\" target=\"_blank\" rel=\"noopener noreferrer\"><strong>Organigrama <\/strong><\/a> <strong>\u00a0<\/strong><\/p>\n<p><strong>INFORMAZIO JURIDIKOA<\/strong><\/p>\n<ul>\n<li><strong><a href=\"https:\/\/www.gernikagogoratuz.org\/wp-content\/uploads\/2022\/02\/REGISTRO-GERNIKA-GOGORATUZ-ESTATUTOS-CASTELLANO-2021-2.pdf\">Gernika Gogoratuz\u00a0 Bakearen aldeko Ikerketarako Elkartearen estatutoak<\/a><\/strong><\/li>\n<li><a href=\"https:\/\/www.gernikagogoratuz.org\/wp-content\/uploads\/2024\/10\/FGGG-Estatutos-adaptados-a-Ley-2016-2024.pdf\" target=\"_blank\" rel=\"noopener noreferrer\"><strong>Gernika Gogoratuz Fundazioaren Estatutuak <\/strong><\/a><\/li>\n<li><strong><a href=\"https:\/\/www.gernikagogoratuz.org\/wp-content\/uploads\/2019\/02\/Fundacio\u0301n_Orden-Registro.pdf\" target=\"_blank\" rel=\"noopener noreferrer\">EHAOn Fundazioen Erregistroa argitaratzea <\/a> <\/strong><\/li>\n<\/ul>\n<p><strong>\u00a0<\/strong> <strong>INFORMAZIO EKONOMIKOA ETA FINANTZA ARLOKOA <\/strong><\/p>\n<ul>\n<li><a href=\"https:\/\/www.gernikagogoratuz.org\/wp-content\/uploads\/2025\/10\/FGGG-Auditoria-2023.pdf\" target=\"_blank\" rel=\"noopener noreferrer\"><strong>2023eko Urteko Kontu Laburtuen Ikuskaritza Independenteari buruzko Informazioa<\/strong><\/a><\/li>\n<li><a href=\"https:\/\/www.gernikagogoratuz.org\/wp-content\/uploads\/2024\/02\/FGG-INFORME-DE-AUDITORIA-Y-CCAA-ABREVIADAS-2022.pdf\" target=\"_blank\" rel=\"noopener noreferrer\"><strong>2022eko Urteko Kontu Laburtuen Ikuskaritza Independenteari buruzko Informazioa<\/strong><\/a><\/li>\n<li><a href=\"https:\/\/www.gernikagogoratuz.org\/wp-content\/uploads\/2023\/01\/FGG-INFORME-DE-AUDITORIA-Y-CCAA-2021.pdf\" target=\"_blank\" rel=\"noopener noreferrer\"><strong>2021eko Urteko Kontu Laburtuen Ikuskaritza Independenteari buruzko Informazioa<\/strong><\/a><\/li>\n<li><a href=\"https:\/\/www.gernikagogoratuz.org\/wp-content\/uploads\/2022\/03\/FGGG-INFORME-DE-AUDITORIA-Y-CCAA-2020.pdf\" target=\"_blank\" rel=\"noopener noreferrer\"><strong>2020ko Urteko Kontu Laburtuen Ikuskaritza Independenteari buruzko Informazioa<\/strong><\/a><\/li>\n<li><a href=\"https:\/\/www.gernikagogoratuz.org\/wp-content\/uploads\/2021\/01\/Informe-de-auditoria-y-CCAA-2019-FGG.pdf\" target=\"_blank\" rel=\"noopener noreferrer\"><strong>2019ko Urteko Kontu Laburtuen Ikuskaritza Independenteari buruzko Informazioa<\/strong><\/a><\/li>\n<li><a href=\"https:\/\/www.gernikagogoratuz.org\/wp-content\/uploads\/2020\/01\/CCAA-Gernika-Gogoratuz-2018-para-Digital_signed_signed.pdf\" target=\"_blank\" rel=\"noopener noreferrer\"><strong>2018ko Urteko Kontu Laburtuen Ikuskaritza Independenteari buruzko Informazioa<\/strong><\/a><\/li>\n<li><a href=\"https:\/\/www.gernikagogoratuz.org\/wp-content\/uploads\/2019\/02\/Fundacion-Gernika-2017.pdf\" target=\"_blank\" rel=\"noopener noreferrer\"><strong>2017ko Urteko Kontu Laburtuen Ikuskaritza Independenteari buruzko Informazioa<\/strong><\/a><\/li>\n<li><a href=\"https:\/\/www.gernikagogoratuz.org\/wp-content\/uploads\/2019\/02\/Fundacio\u0301n-Gernika-2016.pdf\" target=\"_blank\" rel=\"noopener noreferrer\"><strong>2016ko Urteko Kontu Laburtuen Ikuskaritza Independenteari buruzko Informazioa<\/strong><\/a><\/li>\n<li><a href=\"https:\/\/www.gernikagogoratuz.org\/wp-content\/uploads\/2019\/02\/Fundacio\u0301n-Gernika-2015.pdf\" target=\"_blank\" rel=\"noopener noreferrer\"><strong>2015eko Urteko Kontu Laburtuen Ikuskaritza Independenteari buruzko Informazioa<\/strong><\/a><\/li>\n<\/ul>\n<p><strong>\u00a0<\/strong> <strong>INFORMAZIO OROKORRA <\/strong><\/p>\n<ul>\n<li><a href=\"https:\/\/www.gernikagogoratuz.org\/wp-content\/uploads\/2025\/10\/GGG-MEMORIA-2024.pdf\"><strong><span class=\"interactive\">Urteko<\/span>\u00a0<span class=\"interactive\">memoria<\/span><\/strong><\/a><\/li>\n<li><a href=\"https:\/\/www.gernikagogoratuz.org\/eu\/agenda\/\" target=\"_blank\" rel=\"noopener noreferrer\"><strong>Zentroko Jardueren Agenda<\/strong><\/a><\/li>\n<li><a href=\"https:\/\/www.gernikagogoratuz.org\/eu\/albisteak\/\" target=\"_blank\" rel=\"noopener noreferrer\"><strong>Zentroko albisteak<\/strong><\/a><\/li>\n<li><a href=\"https:\/\/www.gernikagogoratuz.org\/eu\/kontaktua\/\" target=\"_blank\" rel=\"noopener noreferrer\"><strong>Kokapena eta kontaktua <\/strong><\/a><\/li>\n<\/ul>\n<p>[\/vc_column_text][\/vc_column][\/vc_row]<\/p>\n<\/div>","protected":false},"excerpt":{"rendered":"<p>[vc_row][vc_column][vc_column_text css=&#8221;&#8221; el_class=&#8221;transparencia&#8221;]INFORMAZIO INSTITUZIONALA Gernikan Pakeari buruzko Aztertegi bat jartzea erabakia Organigrama \u00a0 INFORMAZIO JURIDIKOA Gernika Gogoratuz\u00a0 Bakearen aldeko Ikerketarako Elkartearen estatutoak Gernika Gogoratuz Fundazioaren Estatutuak EHAOn Fundazioen Erregistroa argitaratzea \u00a0 INFORMAZIO EKONOMIKOA ETA FINANTZA ARLOKOA 2023eko Urteko Kontu Laburtuen Ikuskaritza Independenteari buruzko Informazioa 2022eko Urteko Kontu Laburtuen Ikuskaritza Independenteari buruzko Informazioa 2021eko Urteko Kontu&#8230;<\/p>\n","protected":false},"author":5,"featured_media":0,"parent":0,"menu_order":0,"comment_status":"closed","ping_status":"open","template":"","meta":{"inline_featured_image":false,"footnotes":""},"class_list":["post-19874","page","type-page","status-publish","hentry"],"yoast_head":"<!-- This site is optimized with the Yoast SEO plugin v27.4 - https:\/\/yoast.com\/product\/yoast-seo-wordpress\/ -->\n<title>Gernika Gogoratuz. Centro de Investigaci\u00f3n por la Paz<\/title>\n<meta name=\"description\" content=\"Investigaci\u00f3n, formaci\u00f3n y divulgaci\u00f3n de la Cultura de Paz. Gernika, Ciudad de la Paz en el Siglo XXI. Centro de Estudios por la Paz.\" \/>\n<meta name=\"robots\" content=\"index, follow, max-snippet:-1, max-image-preview:large, max-video-preview:-1\" \/>\n<link rel=\"canonical\" href=\"https:\/\/www.gernikagogoratuz.org\/eu\/gardentasun-ataria\/\" \/>\n<meta property=\"og:locale\" content=\"eu_ES\" \/>\n<meta property=\"og:type\" content=\"article\" \/>\n<meta property=\"og:title\" content=\"Gernika Gogoratuz. Centro de Investigaci\u00f3n por la Paz\" \/>\n<meta property=\"og:description\" content=\"Investigaci\u00f3n, formaci\u00f3n y divulgaci\u00f3n de la Cultura de Paz. Gernika, Ciudad de la Paz en el Siglo XXI. Centro de Estudios por la Paz.\" \/>\n<meta property=\"og:url\" content=\"https:\/\/www.gernikagogoratuz.org\/eu\/gardentasun-ataria\/\" \/>\n<meta property=\"og:site_name\" content=\"Gernika Gogoratuz\" \/>\n<meta property=\"article:publisher\" content=\"https:\/\/www.facebook.com\/GernikaGogoratuzFundacion\" \/>\n<meta property=\"article:modified_time\" content=\"2025-10-01T09:33:30+00:00\" \/>\n<meta name=\"twitter:card\" content=\"summary_large_image\" \/>\n<meta name=\"twitter:site\" content=\"@GGogoratuz\" \/>\n<meta name=\"twitter:label1\" content=\"Est. reading time\" \/>\n\t<meta name=\"twitter:data1\" content=\"1 minute\" \/>\n<script type=\"application\/ld+json\" class=\"yoast-schema-graph\">{\"@context\":\"https:\\\/\\\/schema.org\",\"@graph\":[{\"@type\":\"WebPage\",\"@id\":\"https:\\\/\\\/www.gernikagogoratuz.org\\\/eu\\\/gardentasun-ataria\\\/\",\"url\":\"https:\\\/\\\/www.gernikagogoratuz.org\\\/eu\\\/gardentasun-ataria\\\/\",\"name\":\"Gernika Gogoratuz. Centro de Investigaci\u00f3n por la Paz\",\"isPartOf\":{\"@id\":\"https:\\\/\\\/www.gernikagogoratuz.org\\\/eu\\\/#website\"},\"datePublished\":\"2019-03-11T08:51:20+00:00\",\"dateModified\":\"2025-10-01T09:33:30+00:00\",\"description\":\"Investigaci\u00f3n, formaci\u00f3n y divulgaci\u00f3n de la Cultura de Paz. Gernika, Ciudad de la Paz en el Siglo XXI. Centro de Estudios por la Paz.\",\"breadcrumb\":{\"@id\":\"https:\\\/\\\/www.gernikagogoratuz.org\\\/eu\\\/gardentasun-ataria\\\/#breadcrumb\"},\"inLanguage\":\"eu-ES\",\"potentialAction\":[{\"@type\":\"ReadAction\",\"target\":[\"https:\\\/\\\/www.gernikagogoratuz.org\\\/eu\\\/gardentasun-ataria\\\/\"]}]},{\"@type\":\"BreadcrumbList\",\"@id\":\"https:\\\/\\\/www.gernikagogoratuz.org\\\/eu\\\/gardentasun-ataria\\\/#breadcrumb\",\"itemListElement\":[{\"@type\":\"ListItem\",\"position\":1,\"name\":\"Portada\",\"item\":\"https:\\\/\\\/www.gernikagogoratuz.org\\\/eu\\\/\"},{\"@type\":\"ListItem\",\"position\":2,\"name\":\"Gardentasun ataria\"}]},{\"@type\":\"WebSite\",\"@id\":\"https:\\\/\\\/www.gernikagogoratuz.org\\\/eu\\\/#website\",\"url\":\"https:\\\/\\\/www.gernikagogoratuz.org\\\/eu\\\/\",\"name\":\"Gernika Gogoratuz\",\"description\":\"Centro de investigaci\u00f3n por la paz\",\"publisher\":{\"@id\":\"https:\\\/\\\/www.gernikagogoratuz.org\\\/eu\\\/#organization\"},\"potentialAction\":[{\"@type\":\"SearchAction\",\"target\":{\"@type\":\"EntryPoint\",\"urlTemplate\":\"https:\\\/\\\/www.gernikagogoratuz.org\\\/eu\\\/?s={search_term_string}\"},\"query-input\":{\"@type\":\"PropertyValueSpecification\",\"valueRequired\":true,\"valueName\":\"search_term_string\"}}],\"inLanguage\":\"eu-ES\"},{\"@type\":\"Organization\",\"@id\":\"https:\\\/\\\/www.gernikagogoratuz.org\\\/eu\\\/#organization\",\"name\":\"Gernika Gogoratuz. Centro de Investigaci\u00f3n por la Paz.\",\"url\":\"https:\\\/\\\/www.gernikagogoratuz.org\\\/eu\\\/\",\"logo\":{\"@type\":\"ImageObject\",\"inLanguage\":\"eu-ES\",\"@id\":\"https:\\\/\\\/www.gernikagogoratuz.org\\\/eu\\\/#\\\/schema\\\/logo\\\/image\\\/\",\"url\":\"https:\\\/\\\/www.gernikagogoratuz.org\\\/wp-content\\\/uploads\\\/2018\\\/10\\\/gernikagogoratuzogo_es.svg\",\"contentUrl\":\"https:\\\/\\\/www.gernikagogoratuz.org\\\/wp-content\\\/uploads\\\/2018\\\/10\\\/gernikagogoratuzogo_es.svg\",\"width\":1,\"height\":1,\"caption\":\"Gernika Gogoratuz. Centro de Investigaci\u00f3n por la Paz.\"},\"image\":{\"@id\":\"https:\\\/\\\/www.gernikagogoratuz.org\\\/eu\\\/#\\\/schema\\\/logo\\\/image\\\/\"},\"sameAs\":[\"https:\\\/\\\/www.facebook.com\\\/GernikaGogoratuzFundacion\",\"https:\\\/\\\/x.com\\\/GGogoratuz\",\"https:\\\/\\\/www.youtube.com\\\/user\\\/gernikagogoratuz\\\/videos\"]}]}<\/script>\n<!-- \/ Yoast SEO plugin. -->","yoast_head_json":{"title":"Gernika Gogoratuz. Centro de Investigaci\u00f3n por la Paz","description":"Investigaci\u00f3n, formaci\u00f3n y divulgaci\u00f3n de la Cultura de Paz. Gernika, Ciudad de la Paz en el Siglo XXI. Centro de Estudios por la Paz.","robots":{"index":"index","follow":"follow","max-snippet":"max-snippet:-1","max-image-preview":"max-image-preview:large","max-video-preview":"max-video-preview:-1"},"canonical":"https:\/\/www.gernikagogoratuz.org\/eu\/gardentasun-ataria\/","og_locale":"eu_ES","og_type":"article","og_title":"Gernika Gogoratuz. Centro de Investigaci\u00f3n por la Paz","og_description":"Investigaci\u00f3n, formaci\u00f3n y divulgaci\u00f3n de la Cultura de Paz. Gernika, Ciudad de la Paz en el Siglo XXI. Centro de Estudios por la Paz.","og_url":"https:\/\/www.gernikagogoratuz.org\/eu\/gardentasun-ataria\/","og_site_name":"Gernika Gogoratuz","article_publisher":"https:\/\/www.facebook.com\/GernikaGogoratuzFundacion","article_modified_time":"2025-10-01T09:33:30+00:00","twitter_card":"summary_large_image","twitter_site":"@GGogoratuz","twitter_misc":{"Est. reading time":"1 minute"},"schema":{"@context":"https:\/\/schema.org","@graph":[{"@type":"WebPage","@id":"https:\/\/www.gernikagogoratuz.org\/eu\/gardentasun-ataria\/","url":"https:\/\/www.gernikagogoratuz.org\/eu\/gardentasun-ataria\/","name":"Gernika Gogoratuz. Centro de Investigaci\u00f3n por la Paz","isPartOf":{"@id":"https:\/\/www.gernikagogoratuz.org\/eu\/#website"},"datePublished":"2019-03-11T08:51:20+00:00","dateModified":"2025-10-01T09:33:30+00:00","description":"Investigaci\u00f3n, formaci\u00f3n y divulgaci\u00f3n de la Cultura de Paz. Gernika, Ciudad de la Paz en el Siglo XXI. Centro de Estudios por la Paz.","breadcrumb":{"@id":"https:\/\/www.gernikagogoratuz.org\/eu\/gardentasun-ataria\/#breadcrumb"},"inLanguage":"eu-ES","potentialAction":[{"@type":"ReadAction","target":["https:\/\/www.gernikagogoratuz.org\/eu\/gardentasun-ataria\/"]}]},{"@type":"BreadcrumbList","@id":"https:\/\/www.gernikagogoratuz.org\/eu\/gardentasun-ataria\/#breadcrumb","itemListElement":[{"@type":"ListItem","position":1,"name":"Portada","item":"https:\/\/www.gernikagogoratuz.org\/eu\/"},{"@type":"ListItem","position":2,"name":"Gardentasun ataria"}]},{"@type":"WebSite","@id":"https:\/\/www.gernikagogoratuz.org\/eu\/#website","url":"https:\/\/www.gernikagogoratuz.org\/eu\/","name":"Gernika Gogoratuz","description":"Centro de investigaci\u00f3n por la paz","publisher":{"@id":"https:\/\/www.gernikagogoratuz.org\/eu\/#organization"},"potentialAction":[{"@type":"SearchAction","target":{"@type":"EntryPoint","urlTemplate":"https:\/\/www.gernikagogoratuz.org\/eu\/?s={search_term_string}"},"query-input":{"@type":"PropertyValueSpecification","valueRequired":true,"valueName":"search_term_string"}}],"inLanguage":"eu-ES"},{"@type":"Organization","@id":"https:\/\/www.gernikagogoratuz.org\/eu\/#organization","name":"Gernika Gogoratuz. Centro de Investigaci\u00f3n por la Paz.","url":"https:\/\/www.gernikagogoratuz.org\/eu\/","logo":{"@type":"ImageObject","inLanguage":"eu-ES","@id":"https:\/\/www.gernikagogoratuz.org\/eu\/#\/schema\/logo\/image\/","url":"https:\/\/www.gernikagogoratuz.org\/wp-content\/uploads\/2018\/10\/gernikagogoratuzogo_es.svg","contentUrl":"https:\/\/www.gernikagogoratuz.org\/wp-content\/uploads\/2018\/10\/gernikagogoratuzogo_es.svg","width":1,"height":1,"caption":"Gernika Gogoratuz. Centro de Investigaci\u00f3n por la Paz."},"image":{"@id":"https:\/\/www.gernikagogoratuz.org\/eu\/#\/schema\/logo\/image\/"},"sameAs":["https:\/\/www.facebook.com\/GernikaGogoratuzFundacion","https:\/\/x.com\/GGogoratuz","https:\/\/www.youtube.com\/user\/gernikagogoratuz\/videos"]}]}},"_links":{"self":[{"href":"https:\/\/www.gernikagogoratuz.org\/eu\/wp-json\/wp\/v2\/pages\/19874","targetHints":{"allow":["GET"]}}],"collection":[{"href":"https:\/\/www.gernikagogoratuz.org\/eu\/wp-json\/wp\/v2\/pages"}],"about":[{"href":"https:\/\/www.gernikagogoratuz.org\/eu\/wp-json\/wp\/v2\/types\/page"}],"author":[{"embeddable":true,"href":"https:\/\/www.gernikagogoratuz.org\/eu\/wp-json\/wp\/v2\/users\/5"}],"replies":[{"embeddable":true,"href":"https:\/\/www.gernikagogoratuz.org\/eu\/wp-json\/wp\/v2\/comments?post=19874"}],"version-history":[{"count":7,"href":"https:\/\/www.gernikagogoratuz.org\/eu\/wp-json\/wp\/v2\/pages\/19874\/revisions"}],"predecessor-version":[{"id":40804,"href":"https:\/\/www.gernikagogoratuz.org\/eu\/wp-json\/wp\/v2\/pages\/19874\/revisions\/40804"}],"wp:attachment":[{"href":"https:\/\/www.gernikagogoratuz.org\/eu\/wp-json\/wp\/v2\/media?parent=19874"}],"curies":[{"name":"wp","href":"https:\/\/api.w.org\/{rel}","templated":true}]}}