{"id":19878,"date":"2019-03-11T09:23:49","date_gmt":"2019-03-11T09:23:49","guid":{"rendered":"https:\/\/www.gernikagogoratuz.org\/?page_id=19878"},"modified":"2020-01-15T12:11:32","modified_gmt":"2020-01-15T12:11:32","slug":"lege-oharra","status":"publish","type":"page","link":"https:\/\/www.gernikagogoratuz.org\/eu\/lege-oharra\/","title":{"rendered":"Lege Oharra"},"content":{"rendered":"<div class=\"wpb-content-wrapper\"><p>[vc_row][vc_column][vc_column_text]1.- Orrialde hau FUNDACI\u00d3N GERNIKA GOGORATUZ IRASKUNDEA (BIZKAIA) erakundearen jabetzakoa da.<\/p>\n<ul>\n<li>Fundazioen Erregistroa 03 (Bizkaia)<\/li>\n<li>IFK: G48813372<\/li>\n<li>Helbide soziala: FORU PLAZA, N\u00ba 1 48300 GERNIKA (BIZKAIA)<\/li>\n<li>Harremanetarako:<br \/>\nPosta elektronikoko helbidea: <u>mariaoianguren@gernikagogoratuz.org<br \/>\n<\/u>Telefonoa: (+34) 946253558<\/li>\n<\/ul>\n<p>2.- Webgune hau erabiliz gero, Erabiltzaile izaera hartzen da eta Lege Oharrean jasotako baldintza guztiak onartzea dakar. Erabiltzaileak baldintza horiek irakurri beharko ditu webgunean sartzen den bakoitzean; izan ere, baliteke aldaketak egotea. Webgune honen aspektuetako batzuk arau edo baldintza berezi batzuen mende egon daitezke; baliteke arau horiek Lege Oharra ordeztu, osatu edo aldatzea, beraz, Erabiltzaileak horiek ere onartu beharko ditu.<\/p>\n<p>3.- Webgune honen eduki guztiak (testuak, argazkiak, grafikoak, irudiak, teknologia, softwarea, linkak, ikus-entzunezko edukiak, diseinu grafikoa, iturri kodea eta abar.), markak eta zeinu bereizgarriak FUNDACI\u00d3N GERNIKA GOGORATUZ IRASKUNDEA erakundearen edo hirugarrenen jabetzakoak dira. Erabiltzaileak ez dauka inolako eskubiderik horien gainean, webgune hau erabiltze hutsagatik.<\/p>\n<p>Erabiltzaileak ezin izango du: a) Webgune honetan jasotako edukiak erreproduzitu, kopiatu, banatu, eraldatu edota aldatzea, Legeak aurreikusitako kasuetan edota FUNDACI\u00d3N GERNIKA GOGORATUZ IRASKUNDEA erakundeak edota eskubide horien titularrak berariaz baimendutako kasuetan izan ezik; b) webgunean jasotako softwarea, irudiak, bideoak edota datu-baseak erreproduzitu edo kopiatzea; publikoki jakinaraztea edota hirugarrenen esku uztea, horrek erreproduzitzea dakarrenean; c) Webgunea osatzen duten edukiak atera edo berrerabiltzea.<\/p>\n<p>4.- Beren webguneetatik webgune honetan loturak erabili nahi dituzten erabiltzaileek, honako baldintzak bete beharko dituzte: a) loturak hasierako orrira soilik eramango gaitu. Ezin izango da beste inola ere erreproduzitu; b) ezin izango dira webgunea inguratzen duten frameak edo edozein motatako markoak ezarri, edota beste helbide batzuetatik ikusteko edo webgune honetatik kanpoko beste eduki batzuekin batera edukiak ikusteko aukera ematen duten bestelako bideak erabili, horrek erabiltzaileak nahastu baditzake, edo FUNDACI\u00d3N GERNIKA GOGORATUZ IRASKUNDEAREN marka edo izen ona zalantzan jar badaiteke, edo Legeak debekatutako baliabideren bat erabiltzen bada; c) lotura egiten duen orriak ezin izango du FUNDACI\u00d3N GERNIKA GOGORATUZ IRASKUNDEA erakundearen inguruko informazio faltsurik eman; d) Bidaltzaileak ezin izango du FUNDACI\u00d3N GERNIKA GOGORATUZ IRASKUNDEAREN marka edo bestelako bereizgarririk erabili bere web orriaren barruan, legeak aurreikusitako kasuetan edota FUNDACI\u00d3N GERNIKA GOGORATUZ IRASKUNDEAK berak berariaz baimendutako kasuetan izan ezik; e) lotura ezartzen den orriak indarreko legeria bete beharko du eta ezin izango du loturarik egin legez kanpokoak izan daitezkeen edukietara, edota kaltegarriak, moralaren aurkakoak edota FUNDACI\u00d3N GERNIKA GOGORATUZ IRASKUNDEAREN inguruko ideia oker bat sortzeko modukoak izan daitezkeen edukietara, betiere, kontuan izanda lotura egiten den webgunearen gai orokorra eta edukiak kontuan izanda.<\/p>\n<p>5.- FUNDACI\u00d3N GERNIKA GOGORATUZ IRASKUNDEA erakundeak ez du erantzukizunik izango webgune honetan programa maltzurrak edo bestelako informatika elementu kaltegarririk balego. Erabiltzaileari dagokio, edonola ere, tresna egokiak eskura izatea elementu horiek atzeman eta garbitzeko. Horren arabera, FUNDACI\u00d3N GERNIKA GOGORATUZ IRASKUNDEA erakundeak ez du erantzukizunik izango webgune horretan egon bitartean informatika ekipoek izan ditzakeen kalteen inguruan. Era berean, FUNDACI\u00d3N GERNIKA GOGORATUZ IRASKUNDEA erakundeak ez du erantzukizunik izango Erabiltzaileei kalterik sortzekotan, kalte horiek webguneko zerbitzua eteten duten telekomunikazio sareetako akats edo deskonexioen inguruan.<\/p>\n<p>6.- Webgune honetako loturek Interneteko beste orrialde batzuetarako sarbidea eman dezakete. Kasu horietan, FUNDACI\u00d3N GERNIKA GOGORATUZ IRASKUNDEA erakundeak erantzukizuna izango du loturen bidez emandako eduki eta zerbitzuen inguruan, horiek desegokitasunaren berri izan eta behar den moduan desaktibatu ez dituen kasuetan soilik. Erabiltzaile batek ulertzen badu loturetako batek eduki desegokiak edo legez kontrakoak dituela, FUNDACI\u00d3N GERNIKA GOGORATUZ IRASKUNDEA erakundeari jakinarazi ahal dio, baina horrek ez du esan nahi erakunde horrek lotura hori ezabatu behar duenik. FUNDACI\u00d3N GERNIKA GOGORATUZ IRASKUNDEA erakundeak ez ditu zertan loturetako eduki eta zerbitzu guztiak ezagutu behar; beraz, ez du erantzukizunik izango eduki horiek kalitatekoak ez badira, eguneratu gabe badaude, eskuragarri ez badaude, akastunak badira, legez kontrakoak badira edo erabilgarriak ez badira; eta ez die erantzunik emango horien inguruko adierazpenei, zerbitzu horien gainean ardura zuzenik ez badauka.<\/p>\n<p>7.- Erabiltzaileak Webgune hau ondo erabiltzeko konpromisoa hartzen du, Legeak, Lege Oharrak eta aplikagarriak diren bestelako araudi eta jarraibideetan jasotakoaren arabera. Erabiltzaileak FUNDACI\u00d3N GERNIKA GOGORATUZ IRASKUNDEA erakundearen eta hirugarrenen aurrean azalpenak eman beharko ditu, betebehar horiek ez betetzearen ondoriozko kalteen inguruan.<\/p>\n<p>8.- Honako Lege Oharra Espainiako legerian oinarritzen da, erabat. Lege Ohar honen interpretazioaren inguruko edozein gatazka konpontzeko, Erabiltzailea FUNDACI\u00d3N GERNIKA GOGORATUZ IRASKUNDEA erakundea helbideratuta dagoen herriko auzitegien mende jarriko da.[\/vc_column_text][\/vc_column][\/vc_row]<\/p>\n<\/div>","protected":false},"excerpt":{"rendered":"<p>[vc_row][vc_column][vc_column_text]1.- Orrialde hau FUNDACI\u00d3N GERNIKA GOGORATUZ IRASKUNDEA (BIZKAIA) erakundearen jabetzakoa da. Fundazioen Erregistroa 03 (Bizkaia) IFK: G48813372 Helbide soziala: FORU PLAZA, N\u00ba 1 48300 GERNIKA (BIZKAIA) Harremanetarako: Posta elektronikoko helbidea: mariaoianguren@gernikagogoratuz.org Telefonoa: (+34) 946253558 2.- Webgune hau erabiliz gero, Erabiltzaile izaera hartzen da eta Lege Oharrean jasotako baldintza guztiak onartzea dakar. Erabiltzaileak baldintza horiek irakurri&#8230;<\/p>\n","protected":false},"author":5,"featured_media":0,"parent":0,"menu_order":0,"comment_status":"closed","ping_status":"closed","template":"","meta":{"inline_featured_image":false,"footnotes":""},"class_list":["post-19878","page","type-page","status-publish","hentry"],"yoast_head":"<!-- This site is optimized with the Yoast SEO plugin v27.3 - https:\/\/yoast.com\/product\/yoast-seo-wordpress\/ -->\n<title>Gernika Gogoratuz. Centro de Investigaci\u00f3n por la Paz<\/title>\n<meta name=\"description\" content=\"Investigaci\u00f3n, formaci\u00f3n y divulgaci\u00f3n de la Cultura de Paz. Gernika, Ciudad de la Paz en el Siglo XXI. Centro de Estudios por la Paz.\" \/>\n<meta name=\"robots\" content=\"index, follow, max-snippet:-1, max-image-preview:large, max-video-preview:-1\" \/>\n<link rel=\"canonical\" href=\"https:\/\/www.gernikagogoratuz.org\/eu\/lege-oharra\/\" \/>\n<meta property=\"og:locale\" content=\"eu_ES\" \/>\n<meta property=\"og:type\" content=\"article\" \/>\n<meta property=\"og:title\" content=\"Gernika Gogoratuz. Centro de Investigaci\u00f3n por la Paz\" \/>\n<meta property=\"og:description\" content=\"Investigaci\u00f3n, formaci\u00f3n y divulgaci\u00f3n de la Cultura de Paz. Gernika, Ciudad de la Paz en el Siglo XXI. Centro de Estudios por la Paz.\" \/>\n<meta property=\"og:url\" content=\"https:\/\/www.gernikagogoratuz.org\/eu\/lege-oharra\/\" \/>\n<meta property=\"og:site_name\" content=\"Gernika Gogoratuz\" \/>\n<meta property=\"article:publisher\" content=\"https:\/\/www.facebook.com\/GernikaGogoratuzFundacion\" \/>\n<meta property=\"article:modified_time\" content=\"2020-01-15T12:11:32+00:00\" \/>\n<meta name=\"twitter:card\" content=\"summary_large_image\" \/>\n<meta name=\"twitter:site\" content=\"@GGogoratuz\" \/>\n<meta name=\"twitter:label1\" content=\"Est. reading time\" \/>\n\t<meta name=\"twitter:data1\" content=\"3 minutes\" \/>\n<script type=\"application\/ld+json\" class=\"yoast-schema-graph\">{\"@context\":\"https:\\\/\\\/schema.org\",\"@graph\":[{\"@type\":\"WebPage\",\"@id\":\"https:\\\/\\\/www.gernikagogoratuz.org\\\/eu\\\/lege-oharra\\\/\",\"url\":\"https:\\\/\\\/www.gernikagogoratuz.org\\\/eu\\\/lege-oharra\\\/\",\"name\":\"Gernika Gogoratuz. Centro de Investigaci\u00f3n por la Paz\",\"isPartOf\":{\"@id\":\"https:\\\/\\\/www.gernikagogoratuz.org\\\/eu\\\/#website\"},\"datePublished\":\"2019-03-11T09:23:49+00:00\",\"dateModified\":\"2020-01-15T12:11:32+00:00\",\"description\":\"Investigaci\u00f3n, formaci\u00f3n y divulgaci\u00f3n de la Cultura de Paz. Gernika, Ciudad de la Paz en el Siglo XXI. Centro de Estudios por la Paz.\",\"breadcrumb\":{\"@id\":\"https:\\\/\\\/www.gernikagogoratuz.org\\\/eu\\\/lege-oharra\\\/#breadcrumb\"},\"inLanguage\":\"eu-ES\",\"potentialAction\":[{\"@type\":\"ReadAction\",\"target\":[\"https:\\\/\\\/www.gernikagogoratuz.org\\\/eu\\\/lege-oharra\\\/\"]}]},{\"@type\":\"BreadcrumbList\",\"@id\":\"https:\\\/\\\/www.gernikagogoratuz.org\\\/eu\\\/lege-oharra\\\/#breadcrumb\",\"itemListElement\":[{\"@type\":\"ListItem\",\"position\":1,\"name\":\"Portada\",\"item\":\"https:\\\/\\\/www.gernikagogoratuz.org\\\/eu\\\/\"},{\"@type\":\"ListItem\",\"position\":2,\"name\":\"Lege Oharra\"}]},{\"@type\":\"WebSite\",\"@id\":\"https:\\\/\\\/www.gernikagogoratuz.org\\\/eu\\\/#website\",\"url\":\"https:\\\/\\\/www.gernikagogoratuz.org\\\/eu\\\/\",\"name\":\"Gernika Gogoratuz\",\"description\":\"Centro de investigaci\u00f3n por la paz\",\"publisher\":{\"@id\":\"https:\\\/\\\/www.gernikagogoratuz.org\\\/eu\\\/#organization\"},\"potentialAction\":[{\"@type\":\"SearchAction\",\"target\":{\"@type\":\"EntryPoint\",\"urlTemplate\":\"https:\\\/\\\/www.gernikagogoratuz.org\\\/eu\\\/?s={search_term_string}\"},\"query-input\":{\"@type\":\"PropertyValueSpecification\",\"valueRequired\":true,\"valueName\":\"search_term_string\"}}],\"inLanguage\":\"eu-ES\"},{\"@type\":\"Organization\",\"@id\":\"https:\\\/\\\/www.gernikagogoratuz.org\\\/eu\\\/#organization\",\"name\":\"Gernika Gogoratuz. Centro de Investigaci\u00f3n por la Paz.\",\"url\":\"https:\\\/\\\/www.gernikagogoratuz.org\\\/eu\\\/\",\"logo\":{\"@type\":\"ImageObject\",\"inLanguage\":\"eu-ES\",\"@id\":\"https:\\\/\\\/www.gernikagogoratuz.org\\\/eu\\\/#\\\/schema\\\/logo\\\/image\\\/\",\"url\":\"https:\\\/\\\/www.gernikagogoratuz.org\\\/wp-content\\\/uploads\\\/2018\\\/10\\\/gernikagogoratuzogo_es.svg\",\"contentUrl\":\"https:\\\/\\\/www.gernikagogoratuz.org\\\/wp-content\\\/uploads\\\/2018\\\/10\\\/gernikagogoratuzogo_es.svg\",\"width\":1,\"height\":1,\"caption\":\"Gernika Gogoratuz. Centro de Investigaci\u00f3n por la Paz.\"},\"image\":{\"@id\":\"https:\\\/\\\/www.gernikagogoratuz.org\\\/eu\\\/#\\\/schema\\\/logo\\\/image\\\/\"},\"sameAs\":[\"https:\\\/\\\/www.facebook.com\\\/GernikaGogoratuzFundacion\",\"https:\\\/\\\/x.com\\\/GGogoratuz\",\"https:\\\/\\\/www.youtube.com\\\/user\\\/gernikagogoratuz\\\/videos\"]}]}<\/script>\n<!-- \/ Yoast SEO plugin. -->","yoast_head_json":{"title":"Gernika Gogoratuz. Centro de Investigaci\u00f3n por la Paz","description":"Investigaci\u00f3n, formaci\u00f3n y divulgaci\u00f3n de la Cultura de Paz. Gernika, Ciudad de la Paz en el Siglo XXI. Centro de Estudios por la Paz.","robots":{"index":"index","follow":"follow","max-snippet":"max-snippet:-1","max-image-preview":"max-image-preview:large","max-video-preview":"max-video-preview:-1"},"canonical":"https:\/\/www.gernikagogoratuz.org\/eu\/lege-oharra\/","og_locale":"eu_ES","og_type":"article","og_title":"Gernika Gogoratuz. Centro de Investigaci\u00f3n por la Paz","og_description":"Investigaci\u00f3n, formaci\u00f3n y divulgaci\u00f3n de la Cultura de Paz. Gernika, Ciudad de la Paz en el Siglo XXI. Centro de Estudios por la Paz.","og_url":"https:\/\/www.gernikagogoratuz.org\/eu\/lege-oharra\/","og_site_name":"Gernika Gogoratuz","article_publisher":"https:\/\/www.facebook.com\/GernikaGogoratuzFundacion","article_modified_time":"2020-01-15T12:11:32+00:00","twitter_card":"summary_large_image","twitter_site":"@GGogoratuz","twitter_misc":{"Est. reading time":"3 minutes"},"schema":{"@context":"https:\/\/schema.org","@graph":[{"@type":"WebPage","@id":"https:\/\/www.gernikagogoratuz.org\/eu\/lege-oharra\/","url":"https:\/\/www.gernikagogoratuz.org\/eu\/lege-oharra\/","name":"Gernika Gogoratuz. Centro de Investigaci\u00f3n por la Paz","isPartOf":{"@id":"https:\/\/www.gernikagogoratuz.org\/eu\/#website"},"datePublished":"2019-03-11T09:23:49+00:00","dateModified":"2020-01-15T12:11:32+00:00","description":"Investigaci\u00f3n, formaci\u00f3n y divulgaci\u00f3n de la Cultura de Paz. Gernika, Ciudad de la Paz en el Siglo XXI. Centro de Estudios por la Paz.","breadcrumb":{"@id":"https:\/\/www.gernikagogoratuz.org\/eu\/lege-oharra\/#breadcrumb"},"inLanguage":"eu-ES","potentialAction":[{"@type":"ReadAction","target":["https:\/\/www.gernikagogoratuz.org\/eu\/lege-oharra\/"]}]},{"@type":"BreadcrumbList","@id":"https:\/\/www.gernikagogoratuz.org\/eu\/lege-oharra\/#breadcrumb","itemListElement":[{"@type":"ListItem","position":1,"name":"Portada","item":"https:\/\/www.gernikagogoratuz.org\/eu\/"},{"@type":"ListItem","position":2,"name":"Lege Oharra"}]},{"@type":"WebSite","@id":"https:\/\/www.gernikagogoratuz.org\/eu\/#website","url":"https:\/\/www.gernikagogoratuz.org\/eu\/","name":"Gernika Gogoratuz","description":"Centro de investigaci\u00f3n por la paz","publisher":{"@id":"https:\/\/www.gernikagogoratuz.org\/eu\/#organization"},"potentialAction":[{"@type":"SearchAction","target":{"@type":"EntryPoint","urlTemplate":"https:\/\/www.gernikagogoratuz.org\/eu\/?s={search_term_string}"},"query-input":{"@type":"PropertyValueSpecification","valueRequired":true,"valueName":"search_term_string"}}],"inLanguage":"eu-ES"},{"@type":"Organization","@id":"https:\/\/www.gernikagogoratuz.org\/eu\/#organization","name":"Gernika Gogoratuz. Centro de Investigaci\u00f3n por la Paz.","url":"https:\/\/www.gernikagogoratuz.org\/eu\/","logo":{"@type":"ImageObject","inLanguage":"eu-ES","@id":"https:\/\/www.gernikagogoratuz.org\/eu\/#\/schema\/logo\/image\/","url":"https:\/\/www.gernikagogoratuz.org\/wp-content\/uploads\/2018\/10\/gernikagogoratuzogo_es.svg","contentUrl":"https:\/\/www.gernikagogoratuz.org\/wp-content\/uploads\/2018\/10\/gernikagogoratuzogo_es.svg","width":1,"height":1,"caption":"Gernika Gogoratuz. Centro de Investigaci\u00f3n por la Paz."},"image":{"@id":"https:\/\/www.gernikagogoratuz.org\/eu\/#\/schema\/logo\/image\/"},"sameAs":["https:\/\/www.facebook.com\/GernikaGogoratuzFundacion","https:\/\/x.com\/GGogoratuz","https:\/\/www.youtube.com\/user\/gernikagogoratuz\/videos"]}]}},"_links":{"self":[{"href":"https:\/\/www.gernikagogoratuz.org\/eu\/wp-json\/wp\/v2\/pages\/19878","targetHints":{"allow":["GET"]}}],"collection":[{"href":"https:\/\/www.gernikagogoratuz.org\/eu\/wp-json\/wp\/v2\/pages"}],"about":[{"href":"https:\/\/www.gernikagogoratuz.org\/eu\/wp-json\/wp\/v2\/types\/page"}],"author":[{"embeddable":true,"href":"https:\/\/www.gernikagogoratuz.org\/eu\/wp-json\/wp\/v2\/users\/5"}],"replies":[{"embeddable":true,"href":"https:\/\/www.gernikagogoratuz.org\/eu\/wp-json\/wp\/v2\/comments?post=19878"}],"version-history":[{"count":0,"href":"https:\/\/www.gernikagogoratuz.org\/eu\/wp-json\/wp\/v2\/pages\/19878\/revisions"}],"wp:attachment":[{"href":"https:\/\/www.gernikagogoratuz.org\/eu\/wp-json\/wp\/v2\/media?parent=19878"}],"curies":[{"name":"wp","href":"https:\/\/api.w.org\/{rel}","templated":true}]}}