{"id":23491,"date":"2020-05-04T11:14:51","date_gmt":"2020-05-04T11:14:51","guid":{"rendered":"https:\/\/www.gernikagogoratuz.org\/?page_id=23491"},"modified":"2025-12-19T11:29:13","modified_gmt":"2025-12-19T10:29:13","slug":"bakearen-ekonomia","status":"publish","type":"page","link":"https:\/\/www.gernikagogoratuz.org\/eu\/bakearen-ekonomia\/","title":{"rendered":"Bakearen ekonomia"},"content":{"rendered":"<div class=\"wpb-content-wrapper\"><p>[vc_row][vc_column][vc_column_text]Ikerketa proiektu horrek hainbat sektore elkartu nahi ditu (enpresa, administrazioa, akademikoa eta elkarteak), elkarrizketarako eremu bat sortu eta enpresa arloan giza eskubideen inguruan egiten den tratamendua hobetzeko asmoz. <em>e<strong>huGune (UPV\/EHU), REASK, Euskadiko GGKEen Koordinakundea eta Mugarik gabeko Ekonomistak taldeekin batera lantzen da.<\/strong> <\/em><\/p>\n<p>Planteatutako laborategia gogoetarako eta elkarrizketarako gunea da, eta bi helburu ditu: batetik, hurbilketa desberdinak jasotzea eta Bake Ekonomiaren kontzeptuaren beraren diseinua egitea, eta, bestetik, helize laukoitzaren (publikoa, pribatua, 3. sektorea eta akademia) kosorkuntzarako gune bat eskaintzea, arlo horretan inpaktuak (positiboak eta negatiboak) dituzten eragileen eskubide eta betebeharren inguruko jarduna hobetzeko proposamenak egiteko. Bakearen eta Gatazken aldeko Ikerketatik eta Garapenaren eta Nazioarteko Lankidetzaren azterketetatik abiatuta, beharrezkotzat jotzen dugu eztabaida horietan laguntzea, euskal gizarteko eragile guztiekiko elkarreraginean.[\/vc_column_text][vc_empty_space][vc_empty_space][\/vc_column][\/vc_row][vc_row][vc_column width=&#8221;1\/2&#8243;][vc_row_inner][vc_column_inner][vc_single_image image=&#8221;36548&#8243; img_size=&#8221;large&#8221;][vc_empty_space][vc_column_text css=&#8221;&#8221;]<\/p>\n<div class=\"edgtf-event-top-left\">\n<div class=\"edgtf-event-title-holder\">\n<h3 class=\"edgtf-event-title\">VIII Laborategia bakearen ekonomia, euskal enpresa eta giza eskubideak. 2025<\/h3>\n<\/div>\n<\/div>\n<p>[\/vc_column_text][vc_empty_space][vc_column_text css=&#8221;&#8221;]<\/p>\n<div class=\"page\" title=\"Page 1\">\n<div class=\"layoutArea\">\n<div class=\"column\">\n<p>Aurtengo edizioak bi bloke izan ditu: Ekonomia bizitzarako eta gaur egungo ezinegonak; eta enpresen eragina Giza Eskubideen arloan. Euskal enpresari eskainitako blokean, giza eskubideen eta jasangarritasunaren arloan enpresek behar adinako ardura izan duten prozesuen azken aurrerapenen eta atzerapenen berri eman da.<\/p>\n<\/div>\n<\/div>\n<\/div>\n<p>[\/vc_column_text][vc_empty_space][vc_column_text css=&#8221;&#8221;]<\/p>\n<p style=\"text-align: center;\"><span class=\"edgtf-event-info-item-desc\">Irailak 24<br \/>\n<\/span>Bizkaia Aretoan<\/p>\n<p>[\/vc_column_text]<a itemprop=\"url\" href=\"https:\/\/www.gernikagogoratuz.org\/eu\/event\/viii-bake-ekonomia-euskal-enpresa-eta-giza-eskubideen-laborategia\/\" target=\"_blank\"  class=\"edgtf-btn edgtf-btn-medium edgtf-btn-solid\"  >\n\t<span class=\"edgtf-btn-text\">Informazio gehiago<\/span>\n    <\/a>[vc_empty_space][\/vc_column_inner][\/vc_row_inner][\/vc_column][vc_column width=&#8221;1\/2&#8243;][vc_row_inner][vc_column_inner][vc_single_image image=&#8221;36548&#8243; img_size=&#8221;large&#8221;][vc_empty_space][vc_column_text]<\/p>\n<div class=\"edgtf-event-top-left\">\n<div class=\"edgtf-event-title-holder\">\n<h3 class=\"edgtf-event-title\">VII Laborategia bakearen ekonomia, euskal enpresa eta giza eskubideak. 2024<\/h3>\n<\/div>\n<\/div>\n<p>[\/vc_column_text][vc_empty_space][vc_column_text]<\/p>\n<div class=\"page\" title=\"Page 1\">\n<div class=\"layoutArea\">\n<div class=\"column\">\n<p>Edizio honetan Remedios Zafra idazleak parte hartuko du, CSICeko Filosofia Institutuko irakaslea, Bake Ekonomiara hurbilketa filosofiko bat egingo du. Bakea eraikitzeko jarduera ekonomikoaren eremuetan lan egiten jarraitzen da, Giza Eskubideen eta Euskal Enpresaren gaia ere sektore ezberdinetatik jorratuko da.<\/p>\n<\/div>\n<\/div>\n<\/div>\n<p>[\/vc_column_text][vc_empty_space][vc_column_text]<\/p>\n<p style=\"text-align: center;\"><span class=\"edgtf-event-info-item-desc\">Maiatzak 21<br \/>\n<\/span>Bizkaia Aretoan<\/p>\n<p>[\/vc_column_text]<a itemprop=\"url\" href=\"https:\/\/www.gernikagogoratuz.org\/eu\/event\/vii-laborategia-bakearen-ekonomia-euskal-enpresa-eta-giza-eskubideak\/\" target=\"_blank\"  class=\"edgtf-btn edgtf-btn-medium edgtf-btn-solid\"  >\n\t<span class=\"edgtf-btn-text\">Informazio gehiago<\/span>\n    <\/a>[vc_empty_space][\/vc_column_inner][\/vc_row_inner][\/vc_column][\/vc_row][vc_row][vc_column width=&#8221;1\/2&#8243;][vc_row_inner][vc_column_inner][vc_single_image image=&#8221;32995&#8243; img_size=&#8221;large&#8221;][vc_empty_space][vc_column_text]<\/p>\n<div class=\"edgtf-event-top-left\">\n<div class=\"edgtf-event-title-holder\">\n<h3 class=\"edgtf-event-title\">VI Laborategia bakearen ekonomia, euskal enpresa eta giza eskubideak<\/h3>\n<\/div>\n<\/div>\n<p>[\/vc_column_text][vc_empty_space][vc_column_text]<\/p>\n<div class=\"page\" title=\"Page 1\">\n<div class=\"layoutArea\">\n<div class=\"column\">\n<p>Edizio honek aurreko urteetan egindako lanarekin jarraitzen du, eta gaiak gure munduak aro digitalean bake-ekonomia, enpresa eta giza eskubideak, neo-extraktibismoa eta erakundeen kontrapisuak bezalako esparruetan dituen erronkak izango dira.<\/p>\n<\/div>\n<\/div>\n<\/div>\n<p>[\/vc_column_text][vc_empty_space][vc_column_text]<\/p>\n<p style=\"text-align: center;\">Maiatzak 24<br \/>\nBizkaia Aretoan<\/p>\n<p>[\/vc_column_text]<a itemprop=\"url\" href=\"https:\/\/www.gernikagogoratuz.org\/eu\/event\/vi-laborategia-bakearen-ekonomia-euskal-enpresa-eta-giza-eskubideak\/\" target=\"_blank\"  class=\"edgtf-btn edgtf-btn-medium edgtf-btn-solid\"  >\n\t<span class=\"edgtf-btn-text\">Informazio gehiago<\/span>\n    <\/a>[vc_empty_space][\/vc_column_inner][\/vc_row_inner][\/vc_column][vc_column width=&#8221;1\/2&#8243;][vc_row_inner][vc_column_inner][vc_single_image image=&#8221;28686&#8243; img_size=&#8221;large&#8221;][vc_empty_space][vc_column_text]<\/p>\n<div class=\"edgtf-event-top-left\">\n<div class=\"edgtf-event-title-holder\">\n<h3 class=\"edgtf-event-title\">V Laborategia bakearen ekonomia, euskal enpresa eta giza eskubideak<\/h3>\n<\/div>\n<\/div>\n<p>[\/vc_column_text][vc_empty_space][vc_column_text]<\/p>\n<div class=\"page\" title=\"Page 1\">\n<div class=\"layoutArea\">\n<div class=\"column\">\n<p>Gure munduak bizi dituen klima-aldaketak, desberdintasunen gorakadak, munduko pandemiak eta Ukrainiako gerrak agerian utzi dute erakunde sozial, politiko eta ekonomiak zer hauskorrak diren. Beharrezkoa da etorkizun baketsuagoa, jasangarriagoa eta parekideagoa bermatuko duten eredu ekosozialetaranzko trantsizioa egiteko aldaketak egitea.<\/p>\n<\/div>\n<\/div>\n<\/div>\n<p>[\/vc_column_text][vc_empty_space height=&#8221;15px&#8221;][vc_column_text]<\/p>\n<p style=\"text-align: center;\"><span class=\"edgtf-event-info-item-desc\">Maiatzak 23<br \/>\n<\/span>Bizkaia Aretoan<\/p>\n<p>[\/vc_column_text]<a itemprop=\"url\" href=\"https:\/\/www.gernikagogoratuz.org\/eu\/event\/v-laborategia-bakearen-ekonomia-euskal-enpresa-eta-giza-eskubideak\/\" target=\"_blank\"  class=\"edgtf-btn edgtf-btn-medium edgtf-btn-solid\"  >\n\t<span class=\"edgtf-btn-text\">Informazio gehiago<\/span>\n    <\/a>[vc_empty_space][\/vc_column_inner][\/vc_row_inner][\/vc_column][\/vc_row][vc_row][vc_column width=&#8221;1\/2&#8243;][vc_row_inner][vc_column_inner][vc_single_image image=&#8221;24459&#8243; img_size=&#8221;large&#8221;][vc_empty_space][vc_column_text]<\/p>\n<div class=\"edgtf-event-top-left\">\n<div class=\"edgtf-event-title-holder\">\n<h3 class=\"edgtf-event-title\">IV Laborategia bakearen ekonomia, euskal enpresa eta giza eskubideak<\/h3>\n<\/div>\n<\/div>\n<p>[\/vc_column_text][vc_empty_space][vc_column_text]<\/p>\n<div class=\"page\" title=\"Page 1\">\n<div class=\"layoutArea\">\n<div class=\"column\">\n<p>Gernika Gogoratuz, Bakearen aldeko ikerketa zentroak laugarren urtez jarraian antolatu du Laborategi hau euskal enpresa eta agintaritzek Bakearen Ekonomiari eta giza eskubideen arloari egin beharreko ekarpenez hitz egin eta gogoeta egiteko.<\/p>\n<\/div>\n<\/div>\n<\/div>\n<p>[\/vc_column_text][vc_empty_space][vc_column_text]<\/p>\n<p style=\"text-align: center;\">2020ko urriaren 28an<br \/>\nOnline<br \/>\nBB Collaborate<\/p>\n<p>[\/vc_column_text]<a itemprop=\"url\" href=\"https:\/\/www.gernikagogoratuz.org\/eu\/event\/iv-laborategia-bakearen-ekonomia-euskal-enpresa-eta-giza-eskubideak\/\" target=\"_blank\"  class=\"edgtf-btn edgtf-btn-medium edgtf-btn-solid\"  >\n\t<span class=\"edgtf-btn-text\">Informazio gehiago<\/span>\n    <\/a>[vc_empty_space][\/vc_column_inner][\/vc_row_inner][\/vc_column][vc_column width=&#8221;1\/2&#8243;][vc_row_inner][vc_column_inner][vc_single_image image=&#8221;24898&#8243; img_size=&#8221;large&#8221;][vc_empty_space][vc_column_text]<\/p>\n<div class=\"edgtf-event-top-left\">\n<div class=\"edgtf-event-title-holder\">\n<h3 class=\"edgtf-event-title\">III Laborategia bakearen ekonomia, euskal enpresa eta giza eskubideak<\/h3>\n<\/div>\n<\/div>\n<p>[\/vc_column_text][vc_empty_space][vc_column_text]<\/p>\n<div class=\"page\" title=\"Page 1\">\n<div class=\"layoutArea\">\n<div class=\"column\">\n<p>Aurten, unibertsitate, gobernu eta administrazioek, sektore pribatuak eta gizarte zibilak aukera daukate informazioa partekatzeko, eta euskal enpresa eta agintaritzek Bakearen Ekonomiari eta giza eskubideen arloari egin beharreko ekarpenez hitz egin eta gogoeta egiteko.<\/p>\n<\/div>\n<\/div>\n<\/div>\n<p>[\/vc_column_text][vc_empty_space][vc_column_text]<\/p>\n<p style=\"text-align: center;\">2019ko urriaren 31n<br \/>\nBizkaia Aretoa<br \/>\nUPV\/EHU Bilbao<\/p>\n<p>[\/vc_column_text]<a itemprop=\"url\" href=\"https:\/\/www.gernikagogoratuz.org\/eu\/event\/bakearen-ekonomia-giza-eskubide-eta-euskal-enpresaren-inguruko-iii-laborategiak\/\" target=\"_blank\"  class=\"edgtf-btn edgtf-btn-medium edgtf-btn-solid\"  >\n\t<span class=\"edgtf-btn-text\">Informazio gehiago<\/span>\n    <\/a>[vc_empty_space][\/vc_column_inner][\/vc_row_inner][\/vc_column][\/vc_row][vc_row][vc_column width=&#8221;1\/2&#8243;][vc_row_inner][vc_column_inner][vc_single_image image=&#8221;23266&#8243; img_size=&#8221;large&#8221;][vc_empty_space][vc_column_text]<\/p>\n<h3 class=\"edgtf-post-title entry-title\">II Laborategia: Bakearen ekonomia \/ Euskal enpresa eta giza eskubideak<\/h3>\n<p>[\/vc_column_text][vc_empty_space][vc_column_text]<\/p>\n<div class=\"page\" title=\"Page 1\">\n<div class=\"layoutArea\">\n<div class=\"column\">\n<p>Bakearen ekonomiarako esparru analitiko baten inguruko hausnarketa egiteko laborategi eremua sortzen jarraitzea, bake eta gatazken inguruko ikerketak, ekonomia politikoa eta ekonomiaren dimentsio sinbolikoa oinarri hartuta.<\/p>\n<\/div>\n<\/div>\n<\/div>\n<p>[\/vc_column_text][vc_empty_space][vc_column_text]<\/p>\n<p style=\"text-align: center;\">2018ko otsailaren 27an &#8211; 28an<br \/>\nBizkaia Aretoa<br \/>\nUPV\/EHU Bilbao<\/p>\n<p>[\/vc_column_text]<a itemprop=\"url\" href=\"https:\/\/www.gernikagogoratuz.org\/eu\/event\/ii-bakearen-ekonomia\/\" target=\"_blank\"  class=\"edgtf-btn edgtf-btn-medium edgtf-btn-solid\"  >\n\t<span class=\"edgtf-btn-text\">Informazio gehiago<\/span>\n    <\/a>[vc_empty_space][\/vc_column_inner][\/vc_row_inner][\/vc_column][vc_column width=&#8221;1\/2&#8243;][vc_row_inner][vc_column_inner][vc_single_image image=&#8221;23263&#8243; img_size=&#8221;large&#8221;][vc_empty_space][vc_column_text]<\/p>\n<h3 class=\"edgtf-post-title entry-title\">I Laborategia: Bakearen ekonomia. Euskal enpresa eta giza eskubideak<\/h3>\n<p>[\/vc_column_text][vc_empty_space][vc_column_text]<\/p>\n<div class=\"page\" title=\"Page 1\">\n<div class=\"layoutArea\">\n<div class=\"column\">\n<p class=\"edgtf-event-title\">Bakearen Ekonomia kontzeptua eta gobernatze modu berriak esploratzeko espazio bat irekitzea da laborategi honen helburua, euskal enpresen nazioartekotzean eta giza eskubideen errespetuan interesa duten sektoreko pertsonen artean.<\/p>\n<\/div>\n<\/div>\n<\/div>\n<p>[\/vc_column_text][vc_empty_space][vc_column_text]<\/p>\n<p style=\"text-align: center;\">2017ko urtarrilaren 30ean &#8211; 31n<br \/>\nBizkaia Aretoa<br \/>\nUPV\/EHU Bilbao<\/p>\n<p>[\/vc_column_text]<a itemprop=\"url\" href=\"https:\/\/www.gernikagogoratuz.org\/eu\/event\/i-laborategia-bakearen-ekonomia\/\" target=\"_blank\"  class=\"edgtf-btn edgtf-btn-medium edgtf-btn-solid\"  >\n\t<span class=\"edgtf-btn-text\">Informazio gehiago<\/span>\n    <\/a>[vc_empty_space][\/vc_column_inner][\/vc_row_inner][\/vc_column][\/vc_row]<\/p>\n<\/div>","protected":false},"excerpt":{"rendered":"<p>[vc_row][vc_column][vc_column_text]Ikerketa proiektu horrek hainbat sektore elkartu nahi ditu (enpresa, administrazioa, akademikoa eta elkarteak), elkarrizketarako eremu bat sortu eta enpresa arloan giza eskubideen inguruan egiten den tratamendua hobetzeko asmoz. ehuGune (UPV\/EHU), REASK, Euskadiko GGKEen Koordinakundea eta Mugarik gabeko Ekonomistak taldeekin batera lantzen da. Planteatutako laborategia gogoetarako eta elkarrizketarako gunea da, eta bi helburu ditu: batetik, hurbilketa&#8230;<\/p>\n","protected":false},"author":5,"featured_media":0,"parent":0,"menu_order":0,"comment_status":"closed","ping_status":"closed","template":"","meta":{"inline_featured_image":false,"footnotes":""},"class_list":["post-23491","page","type-page","status-publish","hentry"],"yoast_head":"<!-- This site is optimized with the Yoast SEO plugin v27.3 - https:\/\/yoast.com\/product\/yoast-seo-wordpress\/ -->\n<title>Gernika Gogoratuz. Centro de Investigaci\u00f3n por la Paz<\/title>\n<meta name=\"description\" content=\"Espacio de co-creaci\u00f3n entre el sector p\u00fablico, privado, 3er sector y academia sobre los derechos y deberes de los agentes.Consulta la documentaci\u00f3n de los laboratorios.\" \/>\n<meta name=\"robots\" content=\"index, follow, max-snippet:-1, max-image-preview:large, max-video-preview:-1\" \/>\n<link rel=\"canonical\" href=\"https:\/\/www.gernikagogoratuz.org\/eu\/bakearen-ekonomia\/\" \/>\n<meta property=\"og:locale\" content=\"eu_ES\" \/>\n<meta property=\"og:type\" content=\"article\" \/>\n<meta property=\"og:title\" content=\"Gernika Gogoratuz. Centro de Investigaci\u00f3n por la Paz\" \/>\n<meta property=\"og:description\" content=\"Espacio de co-creaci\u00f3n entre el sector p\u00fablico, privado, 3er sector y academia sobre los derechos y deberes de los agentes.Consulta la documentaci\u00f3n de los laboratorios.\" \/>\n<meta property=\"og:url\" content=\"https:\/\/www.gernikagogoratuz.org\/eu\/bakearen-ekonomia\/\" \/>\n<meta property=\"og:site_name\" content=\"Gernika Gogoratuz\" \/>\n<meta property=\"article:publisher\" content=\"https:\/\/www.facebook.com\/GernikaGogoratuzFundacion\" \/>\n<meta property=\"article:modified_time\" content=\"2025-12-19T10:29:13+00:00\" \/>\n<meta name=\"twitter:card\" content=\"summary_large_image\" \/>\n<meta name=\"twitter:site\" content=\"@GGogoratuz\" \/>\n<meta name=\"twitter:label1\" content=\"Est. reading time\" \/>\n\t<meta name=\"twitter:data1\" content=\"5 minutes\" \/>\n<script type=\"application\/ld+json\" class=\"yoast-schema-graph\">{\"@context\":\"https:\\\/\\\/schema.org\",\"@graph\":[{\"@type\":\"WebPage\",\"@id\":\"https:\\\/\\\/www.gernikagogoratuz.org\\\/eu\\\/bakearen-ekonomia\\\/\",\"url\":\"https:\\\/\\\/www.gernikagogoratuz.org\\\/eu\\\/bakearen-ekonomia\\\/\",\"name\":\"Gernika Gogoratuz. Centro de Investigaci\u00f3n por la Paz\",\"isPartOf\":{\"@id\":\"https:\\\/\\\/www.gernikagogoratuz.org\\\/eu\\\/#website\"},\"datePublished\":\"2020-05-04T11:14:51+00:00\",\"dateModified\":\"2025-12-19T10:29:13+00:00\",\"description\":\"Espacio de co-creaci\u00f3n entre el sector p\u00fablico, privado, 3er sector y academia sobre los derechos y deberes de los agentes.Consulta la documentaci\u00f3n de los laboratorios.\",\"breadcrumb\":{\"@id\":\"https:\\\/\\\/www.gernikagogoratuz.org\\\/eu\\\/bakearen-ekonomia\\\/#breadcrumb\"},\"inLanguage\":\"eu-ES\",\"potentialAction\":[{\"@type\":\"ReadAction\",\"target\":[\"https:\\\/\\\/www.gernikagogoratuz.org\\\/eu\\\/bakearen-ekonomia\\\/\"]}]},{\"@type\":\"BreadcrumbList\",\"@id\":\"https:\\\/\\\/www.gernikagogoratuz.org\\\/eu\\\/bakearen-ekonomia\\\/#breadcrumb\",\"itemListElement\":[{\"@type\":\"ListItem\",\"position\":1,\"name\":\"Portada\",\"item\":\"https:\\\/\\\/www.gernikagogoratuz.org\\\/eu\\\/\"},{\"@type\":\"ListItem\",\"position\":2,\"name\":\"Bakearen ekonomia\"}]},{\"@type\":\"WebSite\",\"@id\":\"https:\\\/\\\/www.gernikagogoratuz.org\\\/eu\\\/#website\",\"url\":\"https:\\\/\\\/www.gernikagogoratuz.org\\\/eu\\\/\",\"name\":\"Gernika Gogoratuz\",\"description\":\"Centro de investigaci\u00f3n por la paz\",\"publisher\":{\"@id\":\"https:\\\/\\\/www.gernikagogoratuz.org\\\/eu\\\/#organization\"},\"potentialAction\":[{\"@type\":\"SearchAction\",\"target\":{\"@type\":\"EntryPoint\",\"urlTemplate\":\"https:\\\/\\\/www.gernikagogoratuz.org\\\/eu\\\/?s={search_term_string}\"},\"query-input\":{\"@type\":\"PropertyValueSpecification\",\"valueRequired\":true,\"valueName\":\"search_term_string\"}}],\"inLanguage\":\"eu-ES\"},{\"@type\":\"Organization\",\"@id\":\"https:\\\/\\\/www.gernikagogoratuz.org\\\/eu\\\/#organization\",\"name\":\"Gernika Gogoratuz. Centro de Investigaci\u00f3n por la Paz.\",\"url\":\"https:\\\/\\\/www.gernikagogoratuz.org\\\/eu\\\/\",\"logo\":{\"@type\":\"ImageObject\",\"inLanguage\":\"eu-ES\",\"@id\":\"https:\\\/\\\/www.gernikagogoratuz.org\\\/eu\\\/#\\\/schema\\\/logo\\\/image\\\/\",\"url\":\"https:\\\/\\\/www.gernikagogoratuz.org\\\/wp-content\\\/uploads\\\/2018\\\/10\\\/gernikagogoratuzogo_es.svg\",\"contentUrl\":\"https:\\\/\\\/www.gernikagogoratuz.org\\\/wp-content\\\/uploads\\\/2018\\\/10\\\/gernikagogoratuzogo_es.svg\",\"width\":1,\"height\":1,\"caption\":\"Gernika Gogoratuz. Centro de Investigaci\u00f3n por la Paz.\"},\"image\":{\"@id\":\"https:\\\/\\\/www.gernikagogoratuz.org\\\/eu\\\/#\\\/schema\\\/logo\\\/image\\\/\"},\"sameAs\":[\"https:\\\/\\\/www.facebook.com\\\/GernikaGogoratuzFundacion\",\"https:\\\/\\\/x.com\\\/GGogoratuz\",\"https:\\\/\\\/www.youtube.com\\\/user\\\/gernikagogoratuz\\\/videos\"]}]}<\/script>\n<!-- \/ Yoast SEO plugin. -->","yoast_head_json":{"title":"Gernika Gogoratuz. Centro de Investigaci\u00f3n por la Paz","description":"Espacio de co-creaci\u00f3n entre el sector p\u00fablico, privado, 3er sector y academia sobre los derechos y deberes de los agentes.Consulta la documentaci\u00f3n de los laboratorios.","robots":{"index":"index","follow":"follow","max-snippet":"max-snippet:-1","max-image-preview":"max-image-preview:large","max-video-preview":"max-video-preview:-1"},"canonical":"https:\/\/www.gernikagogoratuz.org\/eu\/bakearen-ekonomia\/","og_locale":"eu_ES","og_type":"article","og_title":"Gernika Gogoratuz. Centro de Investigaci\u00f3n por la Paz","og_description":"Espacio de co-creaci\u00f3n entre el sector p\u00fablico, privado, 3er sector y academia sobre los derechos y deberes de los agentes.Consulta la documentaci\u00f3n de los laboratorios.","og_url":"https:\/\/www.gernikagogoratuz.org\/eu\/bakearen-ekonomia\/","og_site_name":"Gernika Gogoratuz","article_publisher":"https:\/\/www.facebook.com\/GernikaGogoratuzFundacion","article_modified_time":"2025-12-19T10:29:13+00:00","twitter_card":"summary_large_image","twitter_site":"@GGogoratuz","twitter_misc":{"Est. reading time":"5 minutes"},"schema":{"@context":"https:\/\/schema.org","@graph":[{"@type":"WebPage","@id":"https:\/\/www.gernikagogoratuz.org\/eu\/bakearen-ekonomia\/","url":"https:\/\/www.gernikagogoratuz.org\/eu\/bakearen-ekonomia\/","name":"Gernika Gogoratuz. Centro de Investigaci\u00f3n por la Paz","isPartOf":{"@id":"https:\/\/www.gernikagogoratuz.org\/eu\/#website"},"datePublished":"2020-05-04T11:14:51+00:00","dateModified":"2025-12-19T10:29:13+00:00","description":"Espacio de co-creaci\u00f3n entre el sector p\u00fablico, privado, 3er sector y academia sobre los derechos y deberes de los agentes.Consulta la documentaci\u00f3n de los laboratorios.","breadcrumb":{"@id":"https:\/\/www.gernikagogoratuz.org\/eu\/bakearen-ekonomia\/#breadcrumb"},"inLanguage":"eu-ES","potentialAction":[{"@type":"ReadAction","target":["https:\/\/www.gernikagogoratuz.org\/eu\/bakearen-ekonomia\/"]}]},{"@type":"BreadcrumbList","@id":"https:\/\/www.gernikagogoratuz.org\/eu\/bakearen-ekonomia\/#breadcrumb","itemListElement":[{"@type":"ListItem","position":1,"name":"Portada","item":"https:\/\/www.gernikagogoratuz.org\/eu\/"},{"@type":"ListItem","position":2,"name":"Bakearen ekonomia"}]},{"@type":"WebSite","@id":"https:\/\/www.gernikagogoratuz.org\/eu\/#website","url":"https:\/\/www.gernikagogoratuz.org\/eu\/","name":"Gernika Gogoratuz","description":"Centro de investigaci\u00f3n por la paz","publisher":{"@id":"https:\/\/www.gernikagogoratuz.org\/eu\/#organization"},"potentialAction":[{"@type":"SearchAction","target":{"@type":"EntryPoint","urlTemplate":"https:\/\/www.gernikagogoratuz.org\/eu\/?s={search_term_string}"},"query-input":{"@type":"PropertyValueSpecification","valueRequired":true,"valueName":"search_term_string"}}],"inLanguage":"eu-ES"},{"@type":"Organization","@id":"https:\/\/www.gernikagogoratuz.org\/eu\/#organization","name":"Gernika Gogoratuz. Centro de Investigaci\u00f3n por la Paz.","url":"https:\/\/www.gernikagogoratuz.org\/eu\/","logo":{"@type":"ImageObject","inLanguage":"eu-ES","@id":"https:\/\/www.gernikagogoratuz.org\/eu\/#\/schema\/logo\/image\/","url":"https:\/\/www.gernikagogoratuz.org\/wp-content\/uploads\/2018\/10\/gernikagogoratuzogo_es.svg","contentUrl":"https:\/\/www.gernikagogoratuz.org\/wp-content\/uploads\/2018\/10\/gernikagogoratuzogo_es.svg","width":1,"height":1,"caption":"Gernika Gogoratuz. Centro de Investigaci\u00f3n por la Paz."},"image":{"@id":"https:\/\/www.gernikagogoratuz.org\/eu\/#\/schema\/logo\/image\/"},"sameAs":["https:\/\/www.facebook.com\/GernikaGogoratuzFundacion","https:\/\/x.com\/GGogoratuz","https:\/\/www.youtube.com\/user\/gernikagogoratuz\/videos"]}]}},"_links":{"self":[{"href":"https:\/\/www.gernikagogoratuz.org\/eu\/wp-json\/wp\/v2\/pages\/23491","targetHints":{"allow":["GET"]}}],"collection":[{"href":"https:\/\/www.gernikagogoratuz.org\/eu\/wp-json\/wp\/v2\/pages"}],"about":[{"href":"https:\/\/www.gernikagogoratuz.org\/eu\/wp-json\/wp\/v2\/types\/page"}],"author":[{"embeddable":true,"href":"https:\/\/www.gernikagogoratuz.org\/eu\/wp-json\/wp\/v2\/users\/5"}],"replies":[{"embeddable":true,"href":"https:\/\/www.gernikagogoratuz.org\/eu\/wp-json\/wp\/v2\/comments?post=23491"}],"version-history":[{"count":12,"href":"https:\/\/www.gernikagogoratuz.org\/eu\/wp-json\/wp\/v2\/pages\/23491\/revisions"}],"predecessor-version":[{"id":41207,"href":"https:\/\/www.gernikagogoratuz.org\/eu\/wp-json\/wp\/v2\/pages\/23491\/revisions\/41207"}],"wp:attachment":[{"href":"https:\/\/www.gernikagogoratuz.org\/eu\/wp-json\/wp\/v2\/media?parent=23491"}],"curies":[{"name":"wp","href":"https:\/\/api.w.org\/{rel}","templated":true}]}}