{"id":24149,"date":"2020-09-15T08:54:47","date_gmt":"2020-09-15T08:54:47","guid":{"rendered":"https:\/\/www.gernikagogoratuz.org\/?page_id=24149"},"modified":"2024-10-30T16:15:00","modified_gmt":"2024-10-30T15:15:00","slug":"venues-victims-perpetrators","status":"publish","type":"page","link":"https:\/\/www.gernikagogoratuz.org\/eu\/venues-victims-perpetrators\/","title":{"rendered":"Venues of victims \/\/ Venues of perpetrators"},"content":{"rendered":"<div class=\"wpb-content-wrapper\"><p>[vc_row][vc_column][vc_column_text][\/vc_column_text][vc_column_text]2018an, <strong><a href=\"https:\/\/www.documenta.hr\/en\/home.html\" target=\"_blank\" rel=\"noopener noreferrer\">DOCUMENTA<\/a> <\/strong>zentroak (Center for dealing with the past, Stiftung Europ\u00e4ische Jugendbildungs- und Jugendbegegnungsst\u00e4tte Weimar<strong> <a href=\"https:\/\/www.ejbweimar.de\/en\/\" target=\"_blank\" rel=\"noopener noreferrer\">EJBW<\/a>) <\/strong>eta bere kideek arrakastaz txertatu zuten \u201c<strong>Venues of victims \/\/ Venues of perpetrators. Mapping, decoding &amp; processing the role of historical \u2013 civic education in (European) Youth Work<\/strong>\u201d izeneko proiektua.<\/p>\n<p>Proiektuak giza eskubideen arloko gaur egungo heziketan fokuratu zuen heziketa historiko-zibikoaren eragina. Proiektuaren ideia nagusia honakoa zen: heziketa historiko-zibikoaren arloan inplikatutako langile gazteen gaikuntzak sendotzea, eta, era berean, historiadore eta akademiko gazteei heziketa ez formalaren (zibikoa) metodologia helaraztea.<\/p>\n<p>2021ean proiektuaren bigarren edizioa jarri da martxan, &#8220;<strong>Developmental dictatorships in Europe after the World War II as a topic of civic education<\/strong>&#8221; izenarekin, eta 2021 eta 2022 urteen artean burutuko da.[\/vc_column_text][vc_empty_space][vc_empty_space][\/vc_column][\/vc_row][vc_row][vc_column width=&#8221;1\/2&#8243;][vc_row_inner][vc_column_inner][vc_single_image image=&#8221;23997&#8243; img_size=&#8221;large&#8221; alignment=&#8221;center&#8221;][vc_empty_space][vc_column_text]<\/p>\n<h3 class=\"edgtf-event-title\" style=\"text-align: left;\">Developmental dictatorships in Europe after the World War II as a topic of civic education.<\/h3>\n<p>[\/vc_column_text][vc_column_text]<em><strong>Europako garapen-diktadurak II. Mundu Gerraren ostean, heziketa zibikoaren gai gisa.<\/strong><\/em><\/p>\n<p style=\"text-align: left;\"><strong><em>\u00a0<\/em><\/strong><\/p>\n<p>[\/vc_column_text][vc_empty_space][vc_column_text]<strong>II. edizioa, 2021-2022<\/strong>[\/vc_column_text][vc_empty_space][vc_column_text]<\/p>\n<div class=\"page\" title=\"Page 1\">\n<div class=\"layoutArea\">\n<div class=\"column\">\n<p>Proiektuaren bigarren edizioa martxan jarri da 1945eko Europako garapen-diktaduren ikuspegi enpiriko batekin (Europa ekialdeko sozialismoa, Francoren diktadura Espainian, eta abar).<\/p>\n<p>Gerra osteko Europan hainbat gobernu autoritario motarekin tratatu beharra izanik, proiektuaren bidez historiadore, akademiko eta langile gazteen gaikuntza sendotu nahi da, \u201cgarai zaharretara itzultzeaz\u201d hitz egiten duten egungo gobernu autoritario eta populisten mugimenduen erretorika propagandistikoa ezbaian jartzeko.<\/p>\n<p>Horrela izanik, proiektuak garapen-diktaduren inguruko planteamendu kritikoa sustatzen du, ez soilik indarkeria politikoan, propagandan eta mobilizazio ideologikoan zentratzean; baita eskubide zibilen mugimenduen eta demokrazia pluralista baten alde egindako mugimenduen inguruan ikasiz ere.<\/p>\n<\/div>\n<\/div>\n<\/div>\n<p>[\/vc_column_text][vc_empty_space][vc_column_text]Jarduera-egutegia:<\/p>\n<ul>\n<li>Hasiera mintegia Ljubljanan, Eslovenian, 2021eko udazkenerako programatua.<\/li>\n<li>Gaikuntza ikastaroa Weimarren, Alemania \u2013 2022ko udaberri hasierarako programatua.<\/li>\n<li>Plangintza aurreraturako bilera eta udalekua Kroazian \u2013 2022ko udarako programatua.<\/li>\n<li>Amaiera ekitaldia (leku irekia) \u2013 2022ko udazkenerako programatua.<\/li>\n<\/ul>\n<p>[\/vc_column_text][vc_empty_space height=&#8221;70px&#8221;]<a itemprop=\"url\" href=\"https:\/\/www.gernikagogoratuz.org\/eu\/gazteentzako-venues-of-victims-venues-of-perpetrators-udako-nazioarteko-kanpamentua-hasi-da\/\" target=\"_blank\"  class=\"edgtf-btn edgtf-btn-medium edgtf-btn-solid\"  >\n\t<span class=\"edgtf-btn-text\">Egitaraua eta argazkiak Kroazian (2022)<\/span>\n    <\/a>[\/vc_column_inner][\/vc_row_inner][\/vc_column][vc_column width=&#8221;1\/2&#8243;][vc_row_inner][vc_column_inner][vc_single_image image=&#8221;20356&#8243; img_size=&#8221;large&#8221; alignment=&#8221;center&#8221;][vc_empty_space][vc_column_text]<\/p>\n<h3 class=\"edgtf-event-title\" style=\"text-align: left;\">Mapping, decoding &amp; processing the role of historical &#8211; civic education in (European) Youth Work.<\/h3>\n<p>[\/vc_column_text][vc_column_text]<em><strong>Heziketa historiko eta zibikoak gazteen lanean (Europa) daukan eraginaren mapatze, dekodifikazio eta prozesatzea.<\/strong><\/em><\/p>\n<p class=\"edgtf-event-title\" style=\"text-align: left;\"><strong><em>\u00a0<\/em><\/strong><\/p>\n<p>[\/vc_column_text][vc_empty_space][vc_column_text]<strong>I. edizioa, 2018<\/strong>[\/vc_column_text][vc_empty_space][vc_column_text]<\/p>\n<div class=\"page\" title=\"Page 1\">\n<div class=\"layoutArea\">\n<div class=\"column\">\n<p>\u201c<strong>Mapping, decoding &amp; processing the role of historical \u2013 civic education in (European) Youth Work<\/strong>\u201d izeneko proiektuaren helburua zera da: herritartasun eta giza eskubideen esparru demokratikoaren barruan heziketa lanaren erronkei heltzea; eta, bestalde, Europako herrietako hezitzaileen arteko esperientziak partekatzea eta etorkizunerako garapen-aukerak aztertzea.<\/p>\n<p>Horretarako, nazioarteko bilerak egin dira Europako herrialde batzuetan, hezitzaile gazteen gaikuntzak sendotu eta ikuspegiak zabaltzeko asmoz.<\/p>\n<p>Proiektuaren antolatzaileek heziketa historiko eta politikoko erakundeen arteko lankidetza iraunkor bat mantendu ahal izatea espero dute (oroimen lekuak, ikerketa erakundeak eta heziketarako bestelako erakundeak).<\/p>\n<\/div>\n<\/div>\n<\/div>\n<p>[\/vc_column_text][vc_empty_space][vc_column_text]Burutu diren jarduerak:<\/p>\n<ul>\n<li>Hasiera-mintegia Weimarren, Alemania (2018ko apirilaren 13tik 17ra).<\/li>\n<li>Prestakuntza-ikastaroa Poznanen, Polonia (2018ko maiatzaren 14tik 20ra).<\/li>\n<li>Plangintza bisita aurreratua, Rijeka, Kroazia (2018ko uztailaren 2tik 4ra).<\/li>\n<li>Udalekua, Kroazia (2018ko abuztuaren 19tik irailare).<\/li>\n<\/ul>\n<p>Ikusi udalekuan parte hartu zuten gazteen prentsaurrekoa: <a href=\"https:\/\/www.gernikagogoratuz.org\/campamento-verano-croacia\/\" target=\"_blank\" rel=\"noopener noreferrer\"><strong>Kristina Bilbao, Xabier Oyanguren eta Maitane Uriarte.<\/strong><\/a> Gerrako leku esanguratsuak bisitatu zituzten, hala nola Zagreb, Jasenovac, Pula, Vukovar eta Opatija.<\/p>\n<ul>\n<li style=\"text-align: left;\">Azken hitzaldia Gernikan, Espainia (2018ko azaroaren 5etik 9ra).<\/li>\n<\/ul>\n<p>[\/vc_column_text][vc_empty_space height=&#8221;70px&#8221;]<a itemprop=\"url\" href=\"https:\/\/www.gernikagogoratuz.org\/documental-proyecto-europeo-venues-victims-perpetrators\/\" target=\"_blank\"  class=\"edgtf-btn edgtf-btn-medium edgtf-btn-solid\"  >\n\t<span class=\"edgtf-btn-text\">Ikusi ``Venues of victims \/\/ Venues of perpetrators`` bideoa<\/span>\n    <\/a>[\/vc_column_inner][\/vc_row_inner][\/vc_column][\/vc_row]<\/p>\n<\/div>","protected":false},"excerpt":{"rendered":"<p>[vc_row][vc_column][vc_column_text][\/vc_column_text][vc_column_text]2018an, DOCUMENTA zentroak (Center for dealing with the past, Stiftung Europ\u00e4ische Jugendbildungs- und Jugendbegegnungsst\u00e4tte Weimar EJBW) eta bere kideek arrakastaz txertatu zuten \u201cVenues of victims \/\/ Venues of perpetrators. Mapping, decoding &amp; processing the role of historical \u2013 civic education in (European) Youth Work\u201d izeneko proiektua. Proiektuak giza eskubideen arloko gaur egungo heziketan fokuratu zuen&#8230;<\/p>\n","protected":false},"author":5,"featured_media":0,"parent":0,"menu_order":0,"comment_status":"closed","ping_status":"closed","template":"","meta":{"inline_featured_image":false,"footnotes":""},"class_list":["post-24149","page","type-page","status-publish","hentry"],"yoast_head":"<!-- This site is optimized with the Yoast SEO plugin v27.4 - https:\/\/yoast.com\/product\/yoast-seo-wordpress\/ -->\n<title>Gernika Gogoratuz. Centro de Investigaci\u00f3n por la Paz<\/title>\n<meta name=\"description\" content=\"Investigaci\u00f3n, formaci\u00f3n y divulgaci\u00f3n de la Cultura de Paz. Gernika, Ciudad de la Paz en el Siglo XXI. Centro de Estudios por la Paz.\" \/>\n<meta name=\"robots\" content=\"index, follow, max-snippet:-1, max-image-preview:large, max-video-preview:-1\" \/>\n<link rel=\"canonical\" href=\"https:\/\/www.gernikagogoratuz.org\/eu\/venues-victims-perpetrators\/\" \/>\n<meta property=\"og:locale\" content=\"eu_ES\" \/>\n<meta property=\"og:type\" content=\"article\" \/>\n<meta property=\"og:title\" content=\"Gernika Gogoratuz. Centro de Investigaci\u00f3n por la Paz\" \/>\n<meta property=\"og:description\" content=\"Investigaci\u00f3n, formaci\u00f3n y divulgaci\u00f3n de la Cultura de Paz. Gernika, Ciudad de la Paz en el Siglo XXI. Centro de Estudios por la Paz.\" \/>\n<meta property=\"og:url\" content=\"https:\/\/www.gernikagogoratuz.org\/eu\/venues-victims-perpetrators\/\" \/>\n<meta property=\"og:site_name\" content=\"Gernika Gogoratuz\" \/>\n<meta property=\"article:publisher\" content=\"https:\/\/www.facebook.com\/GernikaGogoratuzFundacion\" \/>\n<meta property=\"article:modified_time\" content=\"2024-10-30T15:15:00+00:00\" \/>\n<meta name=\"twitter:card\" content=\"summary_large_image\" \/>\n<meta name=\"twitter:site\" content=\"@GGogoratuz\" \/>\n<meta name=\"twitter:label1\" content=\"Est. reading time\" \/>\n\t<meta name=\"twitter:data1\" content=\"3 minutes\" \/>\n<script type=\"application\/ld+json\" class=\"yoast-schema-graph\">{\"@context\":\"https:\\\/\\\/schema.org\",\"@graph\":[{\"@type\":\"WebPage\",\"@id\":\"https:\\\/\\\/www.gernikagogoratuz.org\\\/eu\\\/venues-victims-perpetrators\\\/\",\"url\":\"https:\\\/\\\/www.gernikagogoratuz.org\\\/eu\\\/venues-victims-perpetrators\\\/\",\"name\":\"Gernika Gogoratuz. Centro de Investigaci\u00f3n por la Paz\",\"isPartOf\":{\"@id\":\"https:\\\/\\\/www.gernikagogoratuz.org\\\/eu\\\/#website\"},\"datePublished\":\"2020-09-15T08:54:47+00:00\",\"dateModified\":\"2024-10-30T15:15:00+00:00\",\"description\":\"Investigaci\u00f3n, formaci\u00f3n y divulgaci\u00f3n de la Cultura de Paz. Gernika, Ciudad de la Paz en el Siglo XXI. Centro de Estudios por la Paz.\",\"breadcrumb\":{\"@id\":\"https:\\\/\\\/www.gernikagogoratuz.org\\\/eu\\\/venues-victims-perpetrators\\\/#breadcrumb\"},\"inLanguage\":\"eu-ES\",\"potentialAction\":[{\"@type\":\"ReadAction\",\"target\":[\"https:\\\/\\\/www.gernikagogoratuz.org\\\/eu\\\/venues-victims-perpetrators\\\/\"]}]},{\"@type\":\"BreadcrumbList\",\"@id\":\"https:\\\/\\\/www.gernikagogoratuz.org\\\/eu\\\/venues-victims-perpetrators\\\/#breadcrumb\",\"itemListElement\":[{\"@type\":\"ListItem\",\"position\":1,\"name\":\"Portada\",\"item\":\"https:\\\/\\\/www.gernikagogoratuz.org\\\/eu\\\/\"},{\"@type\":\"ListItem\",\"position\":2,\"name\":\"Venues of victims \\\/\\\/ Venues of perpetrators\"}]},{\"@type\":\"WebSite\",\"@id\":\"https:\\\/\\\/www.gernikagogoratuz.org\\\/eu\\\/#website\",\"url\":\"https:\\\/\\\/www.gernikagogoratuz.org\\\/eu\\\/\",\"name\":\"Gernika Gogoratuz\",\"description\":\"Centro de investigaci\u00f3n por la paz\",\"publisher\":{\"@id\":\"https:\\\/\\\/www.gernikagogoratuz.org\\\/eu\\\/#organization\"},\"potentialAction\":[{\"@type\":\"SearchAction\",\"target\":{\"@type\":\"EntryPoint\",\"urlTemplate\":\"https:\\\/\\\/www.gernikagogoratuz.org\\\/eu\\\/?s={search_term_string}\"},\"query-input\":{\"@type\":\"PropertyValueSpecification\",\"valueRequired\":true,\"valueName\":\"search_term_string\"}}],\"inLanguage\":\"eu-ES\"},{\"@type\":\"Organization\",\"@id\":\"https:\\\/\\\/www.gernikagogoratuz.org\\\/eu\\\/#organization\",\"name\":\"Gernika Gogoratuz. Centro de Investigaci\u00f3n por la Paz.\",\"url\":\"https:\\\/\\\/www.gernikagogoratuz.org\\\/eu\\\/\",\"logo\":{\"@type\":\"ImageObject\",\"inLanguage\":\"eu-ES\",\"@id\":\"https:\\\/\\\/www.gernikagogoratuz.org\\\/eu\\\/#\\\/schema\\\/logo\\\/image\\\/\",\"url\":\"https:\\\/\\\/www.gernikagogoratuz.org\\\/wp-content\\\/uploads\\\/2018\\\/10\\\/gernikagogoratuzogo_es.svg\",\"contentUrl\":\"https:\\\/\\\/www.gernikagogoratuz.org\\\/wp-content\\\/uploads\\\/2018\\\/10\\\/gernikagogoratuzogo_es.svg\",\"width\":1,\"height\":1,\"caption\":\"Gernika Gogoratuz. Centro de Investigaci\u00f3n por la Paz.\"},\"image\":{\"@id\":\"https:\\\/\\\/www.gernikagogoratuz.org\\\/eu\\\/#\\\/schema\\\/logo\\\/image\\\/\"},\"sameAs\":[\"https:\\\/\\\/www.facebook.com\\\/GernikaGogoratuzFundacion\",\"https:\\\/\\\/x.com\\\/GGogoratuz\",\"https:\\\/\\\/www.youtube.com\\\/user\\\/gernikagogoratuz\\\/videos\"]}]}<\/script>\n<!-- \/ Yoast SEO plugin. -->","yoast_head_json":{"title":"Gernika Gogoratuz. Centro de Investigaci\u00f3n por la Paz","description":"Investigaci\u00f3n, formaci\u00f3n y divulgaci\u00f3n de la Cultura de Paz. Gernika, Ciudad de la Paz en el Siglo XXI. Centro de Estudios por la Paz.","robots":{"index":"index","follow":"follow","max-snippet":"max-snippet:-1","max-image-preview":"max-image-preview:large","max-video-preview":"max-video-preview:-1"},"canonical":"https:\/\/www.gernikagogoratuz.org\/eu\/venues-victims-perpetrators\/","og_locale":"eu_ES","og_type":"article","og_title":"Gernika Gogoratuz. Centro de Investigaci\u00f3n por la Paz","og_description":"Investigaci\u00f3n, formaci\u00f3n y divulgaci\u00f3n de la Cultura de Paz. Gernika, Ciudad de la Paz en el Siglo XXI. Centro de Estudios por la Paz.","og_url":"https:\/\/www.gernikagogoratuz.org\/eu\/venues-victims-perpetrators\/","og_site_name":"Gernika Gogoratuz","article_publisher":"https:\/\/www.facebook.com\/GernikaGogoratuzFundacion","article_modified_time":"2024-10-30T15:15:00+00:00","twitter_card":"summary_large_image","twitter_site":"@GGogoratuz","twitter_misc":{"Est. reading time":"3 minutes"},"schema":{"@context":"https:\/\/schema.org","@graph":[{"@type":"WebPage","@id":"https:\/\/www.gernikagogoratuz.org\/eu\/venues-victims-perpetrators\/","url":"https:\/\/www.gernikagogoratuz.org\/eu\/venues-victims-perpetrators\/","name":"Gernika Gogoratuz. Centro de Investigaci\u00f3n por la Paz","isPartOf":{"@id":"https:\/\/www.gernikagogoratuz.org\/eu\/#website"},"datePublished":"2020-09-15T08:54:47+00:00","dateModified":"2024-10-30T15:15:00+00:00","description":"Investigaci\u00f3n, formaci\u00f3n y divulgaci\u00f3n de la Cultura de Paz. Gernika, Ciudad de la Paz en el Siglo XXI. Centro de Estudios por la Paz.","breadcrumb":{"@id":"https:\/\/www.gernikagogoratuz.org\/eu\/venues-victims-perpetrators\/#breadcrumb"},"inLanguage":"eu-ES","potentialAction":[{"@type":"ReadAction","target":["https:\/\/www.gernikagogoratuz.org\/eu\/venues-victims-perpetrators\/"]}]},{"@type":"BreadcrumbList","@id":"https:\/\/www.gernikagogoratuz.org\/eu\/venues-victims-perpetrators\/#breadcrumb","itemListElement":[{"@type":"ListItem","position":1,"name":"Portada","item":"https:\/\/www.gernikagogoratuz.org\/eu\/"},{"@type":"ListItem","position":2,"name":"Venues of victims \/\/ Venues of perpetrators"}]},{"@type":"WebSite","@id":"https:\/\/www.gernikagogoratuz.org\/eu\/#website","url":"https:\/\/www.gernikagogoratuz.org\/eu\/","name":"Gernika Gogoratuz","description":"Centro de investigaci\u00f3n por la paz","publisher":{"@id":"https:\/\/www.gernikagogoratuz.org\/eu\/#organization"},"potentialAction":[{"@type":"SearchAction","target":{"@type":"EntryPoint","urlTemplate":"https:\/\/www.gernikagogoratuz.org\/eu\/?s={search_term_string}"},"query-input":{"@type":"PropertyValueSpecification","valueRequired":true,"valueName":"search_term_string"}}],"inLanguage":"eu-ES"},{"@type":"Organization","@id":"https:\/\/www.gernikagogoratuz.org\/eu\/#organization","name":"Gernika Gogoratuz. Centro de Investigaci\u00f3n por la Paz.","url":"https:\/\/www.gernikagogoratuz.org\/eu\/","logo":{"@type":"ImageObject","inLanguage":"eu-ES","@id":"https:\/\/www.gernikagogoratuz.org\/eu\/#\/schema\/logo\/image\/","url":"https:\/\/www.gernikagogoratuz.org\/wp-content\/uploads\/2018\/10\/gernikagogoratuzogo_es.svg","contentUrl":"https:\/\/www.gernikagogoratuz.org\/wp-content\/uploads\/2018\/10\/gernikagogoratuzogo_es.svg","width":1,"height":1,"caption":"Gernika Gogoratuz. Centro de Investigaci\u00f3n por la Paz."},"image":{"@id":"https:\/\/www.gernikagogoratuz.org\/eu\/#\/schema\/logo\/image\/"},"sameAs":["https:\/\/www.facebook.com\/GernikaGogoratuzFundacion","https:\/\/x.com\/GGogoratuz","https:\/\/www.youtube.com\/user\/gernikagogoratuz\/videos"]}]}},"_links":{"self":[{"href":"https:\/\/www.gernikagogoratuz.org\/eu\/wp-json\/wp\/v2\/pages\/24149","targetHints":{"allow":["GET"]}}],"collection":[{"href":"https:\/\/www.gernikagogoratuz.org\/eu\/wp-json\/wp\/v2\/pages"}],"about":[{"href":"https:\/\/www.gernikagogoratuz.org\/eu\/wp-json\/wp\/v2\/types\/page"}],"author":[{"embeddable":true,"href":"https:\/\/www.gernikagogoratuz.org\/eu\/wp-json\/wp\/v2\/users\/5"}],"replies":[{"embeddable":true,"href":"https:\/\/www.gernikagogoratuz.org\/eu\/wp-json\/wp\/v2\/comments?post=24149"}],"version-history":[{"count":2,"href":"https:\/\/www.gernikagogoratuz.org\/eu\/wp-json\/wp\/v2\/pages\/24149\/revisions"}],"predecessor-version":[{"id":38361,"href":"https:\/\/www.gernikagogoratuz.org\/eu\/wp-json\/wp\/v2\/pages\/24149\/revisions\/38361"}],"wp:attachment":[{"href":"https:\/\/www.gernikagogoratuz.org\/eu\/wp-json\/wp\/v2\/media?parent=24149"}],"curies":[{"name":"wp","href":"https:\/\/api.w.org\/{rel}","templated":true}]}}