{"id":24160,"date":"2020-09-15T09:35:40","date_gmt":"2020-09-15T09:35:40","guid":{"rendered":"https:\/\/www.gernikagogoratuz.org\/?page_id=24160"},"modified":"2024-10-15T15:20:36","modified_gmt":"2024-10-15T14:20:36","slug":"gernika-bakearen-hiria-xxi-mendean","status":"publish","type":"page","link":"https:\/\/www.gernikagogoratuz.org\/eu\/gernika-bakearen-hiria-xxi-mendean\/","title":{"rendered":"Gernika. Bakearen hiria XXI. mendean"},"content":{"rendered":"<div class=\"wpb-content-wrapper\"><p>[vc_row][vc_column][vc_column_text]<em>\u201cGernika, Bakearen Hiria XXI. mendean\u201d<\/em> izeneko prestakuntza programa eskeintzen dugu, Euskadiko DBH, Batxilergo eta bestelako ikasketa ziklo batzuetako ikasleei zuzenduak (Lanbide Heziketa, Helduentzako Prestakuntza\u2026). Programa horren barruan hiribildutik egiteko ibilbide bat dago jasota, eta historiari eta elkartasunari buruzko tailer batekin bukatzen da, bakearen pedagogiarako tresna moduan.[\/vc_column_text][vc_empty_space][vc_column_text]<\/p>\n<h3><strong><span style=\"color: #7dab6a;\">HELBURUA<\/span><\/strong><\/h3>\n<hr \/>\n<p>Programaren helburua zera da: bakeari buruzko hausnarketa egitea, giza eskubideak maila globalean zein tokiko mailan kontuan hartuz. Oroitzapen historikoaren ekarpena aztertuko da, demokrazian sakontzeko elkarbizitzan izandako eraginaren arabera.<\/p>\n<h3><strong><span style=\"color: #7dab6a;\">EGITARAUA<\/span><\/strong><\/h3>\n<hr \/>\n<p>Egitarauak XXI. mendeko Bakearen agendari dagokionez hiru aspektu planteatzen ditu.<br \/>\n<b>Gernika, gogora ekarri, deitu eta eragin.<\/b><\/p>\n<ul>\n<li><strong>Gogora ekarri:<\/strong> Oroitzapen bat, Zergatik gaude hemen?<\/li>\n<li><strong>Deitu:<\/strong> Proposamen bat, Zertarako gaude hemen?<\/li>\n<li><strong>Eragin:<\/strong> Ekintzarako hausnarketa bat, Zer egin dezakegu?<\/li>\n<\/ul>\n<h3><strong><span style=\"color: #7dab6a;\">5 LERRO<\/span><\/strong><\/h3>\n<hr \/>\n<p><b>\u2022 Memoria eta Bakea<\/b><br \/>\nTailerra: <em>\u201cZertarako gogoratu?\u201d<\/em><br \/>\nGernika, 1937ko apirilaren 26a, Espainiako Gerra Zibilaren esparruan.<\/p>\n<p><b>\u2022 Gerra eta Bakea<\/b><br \/>\nTailerra: <em>\u201cGernika eta beste Gernikak\u201d.<\/em><br \/>\nGerra, indarkeria eta miseriaren ondorioz lekuz aldatu behar izatea.<\/p>\n<p><b>\u2022 Demokrazia eta Bakea<\/b><br \/>\nTailerra: <em>GizArte<\/em><br \/>\nDemokrazian eta askatasunetan sakontzeko eskubideak eta betebeharrak.<\/p>\n<p><b>\u2022 Artea eta Bakea<\/b><br \/>\nTailerra: Deskubritu dezagun berriz<em>\u201cGuernica\u201d<\/em>, gerra sasoian.<br \/>\nArtelana, bakearen pedagogiarako tresna gisa.<\/p>\n<p><b>\u2022 Gatazka eta Bakea<\/b><br \/>\nTailerra: <em>\u201cGatazkak eraldatzea, ekintza ez biolentoa eta sortzailea\u201d<\/em>.<br \/>\nGatazka eta indarkeria motak.<\/p>\n<h3><span style=\"color: #7dab6a;\">BISITAREN ORDUTEGIA ETA IBILBIDEA<\/span><\/h3>\n<hr \/>\n<p><b>9:00-11:00h.<\/b> Helduera eta ibilbidea. Gernikara iritsita, herriko gune historiko eta adierazgarriak bisitatuko dira (Juntetxea eta Gernikako Arbola, \u201cGuernica\u201d koadroaren erreplika\u2026)<br \/>\n<b>11:00-11:30h.<\/b> Atsedena<br \/>\n<b>11:30-14:00h.<\/b> Tailerra Astran, kultur sorkuntzarako fabrika sozialan.<br \/>\n<b>14:00h.<\/b> Irteera<\/p>\n<h3><strong><span style=\"color: #7dab6a;\">METODOLOGIA<\/span><\/strong><\/h3>\n<hr \/>\n<p>Tailerrak parte-hartzaileak izango dira eta taldean hausnartzera bideratutako baliabideak izango dituzte eskura.<\/p>\n<h3><strong><span style=\"color: #7dab6a;\">HIZKUNTZAK<\/span><\/strong><\/h3>\n<hr \/>\n<p>Euskera eta gaztelania.<\/p>\n<h3><strong><span style=\"color: #7dab6a;\">EGUTEGIA<\/span><\/strong><\/h3>\n<hr \/>\n<p>Prestakuntza plana <u><b>astearte eta ostegun goizetan <\/b><\/u>egingo da, goizez. Talde bakoitza <u><b>25 pertsonakoa<\/b><\/u> izango da, gehienez.<\/p>\n<h3><strong><span style=\"color: #7dab6a;\">ZENBATEKOA<\/span><\/strong><\/h3>\n<hr \/>\n<p>Prestakuntza programa <b>Eusko Jaurlaritzaren Giza Eskubide, Elkarbizitza eta Lankidetza saileko Idazkaritza Nagusiak<\/b>finantzatu du. Hori dela eta, garraioa salbu (ikastetxe bakoitzak ordainduko du hori), ez dauka kostu ekonomikorik.<\/p>\n<h3><strong><span style=\"color: #7dab6a;\">KONTAKTUA<\/span><\/strong><\/h3>\n<hr \/>\n<p><em><strong>Pandemiak gaur egun sortzen dituen zailtasunez jabetuta, ikastetxeak Gernikara bisita bat egiteko aukerak aztertzeko gurekin harremanetan jartzera animatu nahi ditugu. Lanean ari gara programa honen modalitate telematikoak ere eskaini ahal izateko.<\/strong><\/em><\/p>\n<p><strong>Andreas Sch\u00e4fter.<\/strong> Heziketa programen koordinatzailea. <a href=\"mailto:andreasschaefter@gernikagogoratuz.org\">andreasschaefter@gernikagogoratuz.org<\/a><br \/>\nGernika Gogoratuz. Bakearen ikerketarako zentroa. Gernika Gogoratuz Fundazioa. Artekalea 1-1\u00ba 48300 Gernika-Lumo (Bizkaia).<br \/>\nTelefonoa: 94 625 35 58.<br \/>\n<a href=\"http:\/\/www.museodelapaz.org\/\" target=\"_blank\" rel=\"noopener noreferrer\">Bakearen Museora<\/a> arratsaldez joatea gomendatzen dugu. Museoak bisita gidatuak eskaintzen ditu. Bisitaren iraupena 60 minutukoa da.<br \/>\nInformazio gehiago eta bisiten erreserbak: <a href=\"http:\/\/www.museodelapaz.org\/guiada.php\" target=\"_blank\" rel=\"noopener noreferrer\">http:\/\/www.museodelapaz.org\/guiada.php<\/a>, <a href=\"mailto:museoa@gernika-lumo.net\">museoa@gernika-lumo.net \u00a0<\/a> helbidera idatzita edo 94 627 02 13 telefonoan.<\/p>\n<h3><strong><span style=\"color: #7dab6a;\">BALIABIDE MATERIALAK<\/span><\/strong><\/h3>\n<hr \/>\n<ul class=\"general\">\n<li><em><a href=\"https:\/\/www.gernikagogoratuz.org\/eu\/portfolio-item\/giza-aztarna-bonbardaketa-gernika\/\" target=\"_blank\" rel=\"noopener noreferrer\">Giza aztarna. Gernikako Bonbardaketa.<\/a><\/em>, DVDa, 1998.<\/li>\n<li><em><a href=\"https:\/\/issuu.com\/gernikagogoratuz\/docs\/guia_para_el_dialogo_y_la_resolucio\" target=\"_blank\" rel=\"noopener noreferrer\">Elkarrizketarako eta Eguneroko Gatazkak konpontzeko Gida,<\/a><\/em>, komikia. Gernika Gogoratuz, Fomed, Geuz. GFA\/DFG, 2006.<\/li>\n<li><em><a href=\"https:\/\/vimeo.com\/3391176\" target=\"_blank\" rel=\"noopener noreferrer\">La Voz Visual: Una manera de ser sobreviviente del bombardeo<\/a><\/em>, Kuhlmann, Pia eta Deltell, Pedro. Oigovisiones, DVDa, 2008.<\/li>\n<li><em>Bizi naizen lekutik, desde el lugar en el que vivo<\/em>, Plaza, Oier eta Asua, Daniel, DVDa, 2008.<\/li>\n<li><em><a href=\"https:\/\/issuu.com\/gernikagogoratuz\/docs\/el_bombardeo_de_gernika._pedagog__a\" target=\"_blank\" rel=\"noopener noreferrer\">Pedagog\u00eda de paz a trav\u00e9s de la memoria y del arte<\/a><\/em>, Carrascosa, Alex eta Oianguren, Mar\u00eda. Ministerio de la Presidencia, 2009.<\/li>\n<li><em><a href=\"https:\/\/old.gernikagogoratuz.org\/es\/agenda\/show\/id\/2\" target=\"_blank\" rel=\"noopener noreferrer\">Patrimonio cultural y reconstrucci\u00f3n de identidades despu\u00e9s del conflicto<\/a><\/em>, CRIC Europa. Universidad de Cambridge eta Gernika Gogoratuz, 2012.<\/li>\n<li>Javier de Isusiren <em>Asylum.<\/em> <em>\u201cMemoria partekatuak: asilo-eskubidea, frankismoaren garaiko erbesterratze-esperientziak begietatik\u201d<\/em>ekimenean oinarrituta komikia. CEAR Euskadi eta Gernika Gogoratuz, 2015.<\/li>\n<li><em><a href=\"http:\/\/www.museodelapaz.org\/publi.php\" target=\"_blank\" rel=\"noopener noreferrer\">Bakeraikileak<\/a><\/em>, Mahai jolasa. DBH eta Batxilergoa. Gernikako Bakearen Museoa, 2016.<\/li>\n<li><em><a href=\"https:\/\/old.gernikagogoratuz.org\/es\/videos\" target=\"_blank\" rel=\"noopener noreferrer\">Gernika. Bakearen Hiria. Dieprand von Richthofen eta Karl Benedikt von Moreauren arteko elkarrizketak, Gernikako Bonbardaketaren 80. Urteurrenaren harira.<\/a><\/em>, DVDa, Gogora eta Gernika Gogoratuz, 2017.<\/li>\n<\/ul>\n<p>[\/vc_column_text][\/vc_column][\/vc_row][vc_row][vc_column][vc_empty_space][\/vc_column][\/vc_row][vc_row][vc_column width=&#8221;1\/2&#8243;]<a itemprop=\"url\" href=\"https:\/\/www.gernikagogoratuz.org\/wp-content\/uploads\/2024\/10\/Programa-formativo_Gernika-NUEVO-12EUS.pdf\" target=\"_blank\"  class=\"edgtf-btn edgtf-btn-medium edgtf-btn-solid\"  >\n\t<span class=\"edgtf-btn-text\">Egitaraua deskargatu<\/span>\n    <\/a>[vc_empty_space][\/vc_column][vc_column width=&#8221;1\/2&#8243;]<a itemprop=\"url\" href=\"https:\/\/forms.gle\/WmXNr24qnUhwc2M36\" target=\"_blank\"  class=\"edgtf-btn edgtf-btn-medium edgtf-btn-solid\"  >\n\t<span class=\"edgtf-btn-text\">Eskaera orri betegarria<\/span>\n    <\/a>[vc_empty_space][\/vc_column][\/vc_row]<\/p>\n<\/div>","protected":false},"excerpt":{"rendered":"<p>[vc_row][vc_column][vc_column_text]\u201cGernika, Bakearen Hiria XXI. mendean\u201d izeneko prestakuntza programa eskeintzen dugu, Euskadiko DBH, Batxilergo eta bestelako ikasketa ziklo batzuetako ikasleei zuzenduak (Lanbide Heziketa, Helduentzako Prestakuntza\u2026). Programa horren barruan hiribildutik egiteko ibilbide bat dago jasota, eta historiari eta elkartasunari buruzko tailer batekin bukatzen da, bakearen pedagogiarako tresna moduan.[\/vc_column_text][vc_empty_space][vc_column_text] HELBURUA Programaren helburua zera da: bakeari buruzko hausnarketa egitea,&#8230;<\/p>\n","protected":false},"author":5,"featured_media":0,"parent":0,"menu_order":0,"comment_status":"closed","ping_status":"closed","template":"","meta":{"inline_featured_image":false,"footnotes":""},"class_list":["post-24160","page","type-page","status-publish","hentry"],"yoast_head":"<!-- This site is optimized with the Yoast SEO plugin v27.4 - https:\/\/yoast.com\/product\/yoast-seo-wordpress\/ -->\n<title>Gernika Gogoratuz. Centro de Investigaci\u00f3n por la Paz<\/title>\n<meta name=\"description\" content=\"Investigaci\u00f3n, formaci\u00f3n y divulgaci\u00f3n de la Cultura de Paz. Gernika, Ciudad de la Paz en el Siglo XXI. Centro de Estudios por la Paz.\" \/>\n<meta name=\"robots\" content=\"index, follow, max-snippet:-1, max-image-preview:large, max-video-preview:-1\" \/>\n<link rel=\"canonical\" href=\"https:\/\/www.gernikagogoratuz.org\/eu\/gernika-bakearen-hiria-xxi-mendean\/\" \/>\n<meta property=\"og:locale\" content=\"eu_ES\" \/>\n<meta property=\"og:type\" content=\"article\" \/>\n<meta property=\"og:title\" content=\"Gernika Gogoratuz. Centro de Investigaci\u00f3n por la Paz\" \/>\n<meta property=\"og:description\" content=\"Investigaci\u00f3n, formaci\u00f3n y divulgaci\u00f3n de la Cultura de Paz. Gernika, Ciudad de la Paz en el Siglo XXI. Centro de Estudios por la Paz.\" \/>\n<meta property=\"og:url\" content=\"https:\/\/www.gernikagogoratuz.org\/eu\/gernika-bakearen-hiria-xxi-mendean\/\" \/>\n<meta property=\"og:site_name\" content=\"Gernika Gogoratuz\" \/>\n<meta property=\"article:publisher\" content=\"https:\/\/www.facebook.com\/GernikaGogoratuzFundacion\" \/>\n<meta property=\"article:modified_time\" content=\"2024-10-15T14:20:36+00:00\" \/>\n<meta name=\"twitter:card\" content=\"summary_large_image\" \/>\n<meta name=\"twitter:site\" content=\"@GGogoratuz\" \/>\n<meta name=\"twitter:label1\" content=\"Est. reading time\" \/>\n\t<meta name=\"twitter:data1\" content=\"3 minutes\" \/>\n<script type=\"application\/ld+json\" class=\"yoast-schema-graph\">{\"@context\":\"https:\\\/\\\/schema.org\",\"@graph\":[{\"@type\":\"WebPage\",\"@id\":\"https:\\\/\\\/www.gernikagogoratuz.org\\\/eu\\\/gernika-bakearen-hiria-xxi-mendean\\\/\",\"url\":\"https:\\\/\\\/www.gernikagogoratuz.org\\\/eu\\\/gernika-bakearen-hiria-xxi-mendean\\\/\",\"name\":\"Gernika Gogoratuz. Centro de Investigaci\u00f3n por la Paz\",\"isPartOf\":{\"@id\":\"https:\\\/\\\/www.gernikagogoratuz.org\\\/eu\\\/#website\"},\"datePublished\":\"2020-09-15T09:35:40+00:00\",\"dateModified\":\"2024-10-15T14:20:36+00:00\",\"description\":\"Investigaci\u00f3n, formaci\u00f3n y divulgaci\u00f3n de la Cultura de Paz. Gernika, Ciudad de la Paz en el Siglo XXI. Centro de Estudios por la Paz.\",\"breadcrumb\":{\"@id\":\"https:\\\/\\\/www.gernikagogoratuz.org\\\/eu\\\/gernika-bakearen-hiria-xxi-mendean\\\/#breadcrumb\"},\"inLanguage\":\"eu-ES\",\"potentialAction\":[{\"@type\":\"ReadAction\",\"target\":[\"https:\\\/\\\/www.gernikagogoratuz.org\\\/eu\\\/gernika-bakearen-hiria-xxi-mendean\\\/\"]}]},{\"@type\":\"BreadcrumbList\",\"@id\":\"https:\\\/\\\/www.gernikagogoratuz.org\\\/eu\\\/gernika-bakearen-hiria-xxi-mendean\\\/#breadcrumb\",\"itemListElement\":[{\"@type\":\"ListItem\",\"position\":1,\"name\":\"Portada\",\"item\":\"https:\\\/\\\/www.gernikagogoratuz.org\\\/eu\\\/\"},{\"@type\":\"ListItem\",\"position\":2,\"name\":\"Gernika. Bakearen hiria XXI. mendean\"}]},{\"@type\":\"WebSite\",\"@id\":\"https:\\\/\\\/www.gernikagogoratuz.org\\\/eu\\\/#website\",\"url\":\"https:\\\/\\\/www.gernikagogoratuz.org\\\/eu\\\/\",\"name\":\"Gernika Gogoratuz\",\"description\":\"Centro de investigaci\u00f3n por la paz\",\"publisher\":{\"@id\":\"https:\\\/\\\/www.gernikagogoratuz.org\\\/eu\\\/#organization\"},\"potentialAction\":[{\"@type\":\"SearchAction\",\"target\":{\"@type\":\"EntryPoint\",\"urlTemplate\":\"https:\\\/\\\/www.gernikagogoratuz.org\\\/eu\\\/?s={search_term_string}\"},\"query-input\":{\"@type\":\"PropertyValueSpecification\",\"valueRequired\":true,\"valueName\":\"search_term_string\"}}],\"inLanguage\":\"eu-ES\"},{\"@type\":\"Organization\",\"@id\":\"https:\\\/\\\/www.gernikagogoratuz.org\\\/eu\\\/#organization\",\"name\":\"Gernika Gogoratuz. Centro de Investigaci\u00f3n por la Paz.\",\"url\":\"https:\\\/\\\/www.gernikagogoratuz.org\\\/eu\\\/\",\"logo\":{\"@type\":\"ImageObject\",\"inLanguage\":\"eu-ES\",\"@id\":\"https:\\\/\\\/www.gernikagogoratuz.org\\\/eu\\\/#\\\/schema\\\/logo\\\/image\\\/\",\"url\":\"https:\\\/\\\/www.gernikagogoratuz.org\\\/wp-content\\\/uploads\\\/2018\\\/10\\\/gernikagogoratuzogo_es.svg\",\"contentUrl\":\"https:\\\/\\\/www.gernikagogoratuz.org\\\/wp-content\\\/uploads\\\/2018\\\/10\\\/gernikagogoratuzogo_es.svg\",\"width\":1,\"height\":1,\"caption\":\"Gernika Gogoratuz. Centro de Investigaci\u00f3n por la Paz.\"},\"image\":{\"@id\":\"https:\\\/\\\/www.gernikagogoratuz.org\\\/eu\\\/#\\\/schema\\\/logo\\\/image\\\/\"},\"sameAs\":[\"https:\\\/\\\/www.facebook.com\\\/GernikaGogoratuzFundacion\",\"https:\\\/\\\/x.com\\\/GGogoratuz\",\"https:\\\/\\\/www.youtube.com\\\/user\\\/gernikagogoratuz\\\/videos\"]}]}<\/script>\n<!-- \/ Yoast SEO plugin. -->","yoast_head_json":{"title":"Gernika Gogoratuz. Centro de Investigaci\u00f3n por la Paz","description":"Investigaci\u00f3n, formaci\u00f3n y divulgaci\u00f3n de la Cultura de Paz. Gernika, Ciudad de la Paz en el Siglo XXI. Centro de Estudios por la Paz.","robots":{"index":"index","follow":"follow","max-snippet":"max-snippet:-1","max-image-preview":"max-image-preview:large","max-video-preview":"max-video-preview:-1"},"canonical":"https:\/\/www.gernikagogoratuz.org\/eu\/gernika-bakearen-hiria-xxi-mendean\/","og_locale":"eu_ES","og_type":"article","og_title":"Gernika Gogoratuz. Centro de Investigaci\u00f3n por la Paz","og_description":"Investigaci\u00f3n, formaci\u00f3n y divulgaci\u00f3n de la Cultura de Paz. Gernika, Ciudad de la Paz en el Siglo XXI. Centro de Estudios por la Paz.","og_url":"https:\/\/www.gernikagogoratuz.org\/eu\/gernika-bakearen-hiria-xxi-mendean\/","og_site_name":"Gernika Gogoratuz","article_publisher":"https:\/\/www.facebook.com\/GernikaGogoratuzFundacion","article_modified_time":"2024-10-15T14:20:36+00:00","twitter_card":"summary_large_image","twitter_site":"@GGogoratuz","twitter_misc":{"Est. reading time":"3 minutes"},"schema":{"@context":"https:\/\/schema.org","@graph":[{"@type":"WebPage","@id":"https:\/\/www.gernikagogoratuz.org\/eu\/gernika-bakearen-hiria-xxi-mendean\/","url":"https:\/\/www.gernikagogoratuz.org\/eu\/gernika-bakearen-hiria-xxi-mendean\/","name":"Gernika Gogoratuz. Centro de Investigaci\u00f3n por la Paz","isPartOf":{"@id":"https:\/\/www.gernikagogoratuz.org\/eu\/#website"},"datePublished":"2020-09-15T09:35:40+00:00","dateModified":"2024-10-15T14:20:36+00:00","description":"Investigaci\u00f3n, formaci\u00f3n y divulgaci\u00f3n de la Cultura de Paz. Gernika, Ciudad de la Paz en el Siglo XXI. Centro de Estudios por la Paz.","breadcrumb":{"@id":"https:\/\/www.gernikagogoratuz.org\/eu\/gernika-bakearen-hiria-xxi-mendean\/#breadcrumb"},"inLanguage":"eu-ES","potentialAction":[{"@type":"ReadAction","target":["https:\/\/www.gernikagogoratuz.org\/eu\/gernika-bakearen-hiria-xxi-mendean\/"]}]},{"@type":"BreadcrumbList","@id":"https:\/\/www.gernikagogoratuz.org\/eu\/gernika-bakearen-hiria-xxi-mendean\/#breadcrumb","itemListElement":[{"@type":"ListItem","position":1,"name":"Portada","item":"https:\/\/www.gernikagogoratuz.org\/eu\/"},{"@type":"ListItem","position":2,"name":"Gernika. Bakearen hiria XXI. mendean"}]},{"@type":"WebSite","@id":"https:\/\/www.gernikagogoratuz.org\/eu\/#website","url":"https:\/\/www.gernikagogoratuz.org\/eu\/","name":"Gernika Gogoratuz","description":"Centro de investigaci\u00f3n por la paz","publisher":{"@id":"https:\/\/www.gernikagogoratuz.org\/eu\/#organization"},"potentialAction":[{"@type":"SearchAction","target":{"@type":"EntryPoint","urlTemplate":"https:\/\/www.gernikagogoratuz.org\/eu\/?s={search_term_string}"},"query-input":{"@type":"PropertyValueSpecification","valueRequired":true,"valueName":"search_term_string"}}],"inLanguage":"eu-ES"},{"@type":"Organization","@id":"https:\/\/www.gernikagogoratuz.org\/eu\/#organization","name":"Gernika Gogoratuz. Centro de Investigaci\u00f3n por la Paz.","url":"https:\/\/www.gernikagogoratuz.org\/eu\/","logo":{"@type":"ImageObject","inLanguage":"eu-ES","@id":"https:\/\/www.gernikagogoratuz.org\/eu\/#\/schema\/logo\/image\/","url":"https:\/\/www.gernikagogoratuz.org\/wp-content\/uploads\/2018\/10\/gernikagogoratuzogo_es.svg","contentUrl":"https:\/\/www.gernikagogoratuz.org\/wp-content\/uploads\/2018\/10\/gernikagogoratuzogo_es.svg","width":1,"height":1,"caption":"Gernika Gogoratuz. Centro de Investigaci\u00f3n por la Paz."},"image":{"@id":"https:\/\/www.gernikagogoratuz.org\/eu\/#\/schema\/logo\/image\/"},"sameAs":["https:\/\/www.facebook.com\/GernikaGogoratuzFundacion","https:\/\/x.com\/GGogoratuz","https:\/\/www.youtube.com\/user\/gernikagogoratuz\/videos"]}]}},"_links":{"self":[{"href":"https:\/\/www.gernikagogoratuz.org\/eu\/wp-json\/wp\/v2\/pages\/24160","targetHints":{"allow":["GET"]}}],"collection":[{"href":"https:\/\/www.gernikagogoratuz.org\/eu\/wp-json\/wp\/v2\/pages"}],"about":[{"href":"https:\/\/www.gernikagogoratuz.org\/eu\/wp-json\/wp\/v2\/types\/page"}],"author":[{"embeddable":true,"href":"https:\/\/www.gernikagogoratuz.org\/eu\/wp-json\/wp\/v2\/users\/5"}],"replies":[{"embeddable":true,"href":"https:\/\/www.gernikagogoratuz.org\/eu\/wp-json\/wp\/v2\/comments?post=24160"}],"version-history":[{"count":1,"href":"https:\/\/www.gernikagogoratuz.org\/eu\/wp-json\/wp\/v2\/pages\/24160\/revisions"}],"predecessor-version":[{"id":38222,"href":"https:\/\/www.gernikagogoratuz.org\/eu\/wp-json\/wp\/v2\/pages\/24160\/revisions\/38222"}],"wp:attachment":[{"href":"https:\/\/www.gernikagogoratuz.org\/eu\/wp-json\/wp\/v2\/media?parent=24160"}],"curies":[{"name":"wp","href":"https:\/\/api.w.org\/{rel}","templated":true}]}}