{"id":25329,"date":"2021-02-12T10:50:28","date_gmt":"2021-02-12T10:50:28","guid":{"rendered":"https:\/\/www.gernikagogoratuz.org\/?page_id=25329"},"modified":"2021-02-15T15:52:45","modified_gmt":"2021-02-15T15:52:45","slug":"cric-identitatea-eta-gatazka","status":"publish","type":"page","link":"https:\/\/www.gernikagogoratuz.org\/eu\/cric-identitatea-eta-gatazka\/","title":{"rendered":"CRIC. Identitatea eta gatazka."},"content":{"rendered":"<div class=\"wpb-content-wrapper\"><p>[vc_row][vc_column][vc_empty_space][vc_empty_space][\/vc_column][\/vc_row][vc_row][vc_column width=&#8221;1\/2&#8243;][vc_single_image image=&#8221;25305&#8243; img_size=&#8221;large&#8221; onclick=&#8221;custom_link&#8221; link=&#8221;https:\/\/www.gernikagogoratuz.org\/wp-content\/uploads\/2021\/02\/CRIC_Final_Report_Identity_Conflict.pdf&#8221;][vc_empty_space][\/vc_column][vc_column width=&#8221;1\/2&#8243;][vc_column_text]<\/p>\n<h4>Betetzeari buruzko laburpena<\/h4>\n<p>[\/vc_column_text][vc_empty_space][vc_column_text]CRIC proiektuaren oinarria da kultur ondareak ezinbesteko funtzioa daukala gatazketan eta gatazka osteko egoeretan, eta funtzio hori ez dela beti behar bezala ulertzen. Kultur ondarea, bere forma guztietan (arkitektura, arkeologia, paisaia eta museoak\u2026) kaltetu egiten da gatazka-garaietan, baita apropos bideratutako erasoen bidez ere, kalte psikologikoak eragiteko asmoz. Gertatu berri diren gatazka batzuek konexio horiek azaleratu dituzte, eta, horregatik, gatazka baten ostean kultur ondarea berreraikitzea kezka kultural, politiko eta sozioekonomiko garrantzitsua izaten da. CRIC proiektua lotura horiek hobeto ulertzeko azterketa baten beharrari erantzun dio. Azkenik, horiek ondo ulertuta, berreraikuntza praktika eta politikak formulatu behar direla pentsatzen da, betiere, etorkizunera begira.[\/vc_column_text][vc_empty_space][vc_column_text]<\/p>\n<h4>Proiektuaren deskribapena<\/h4>\n<p>[\/vc_column_text][vc_empty_space][vc_column_text]Ikerketa bi mailatan burutu zen: Batetik, ikerketa eta sintesi konparatiborako lan espezifikoak, eta, bestetik, landa-lana, datuen bilketa, analisia, argitalpena eta zabalkunderako jarduera forma desberdinak.<\/p>\n<p>CRIC proiektuak kasu-azterketak erabili zituen kultur ondarearen, gatazkaren, suntsiketa eta berreraikuntzaren arteko erlazioak aztertzeko, elementu horien arteko lotura konplexuak modu enpirikoan ulertzeko, ezagutza konparatiboak lortzeko eta gatazka osteko gizarteek bizi dituzten erronketarako erlazio horiek duten garrantzia ulertzeko.<\/p>\n<p>CRIC proiektuak Espainia, Frantzia, Alemania, Bosnia eta Zipreko gatazkak aztertu zituen, hainbat kasuren bidez. Kokapen geografikoak, aurrekari linguistikoak, egitura demografikoak anitzak izan dira, baita testuinguru historikoak eta denboraren aspektuak ere. Horrela izanik, proiektuari deskribapen zehatza ematen zaio, testuinguru konkretu batean.[\/vc_column_text][vc_empty_space][vc_column_text]<\/p>\n<p style=\"text-align: left;\">Lotura honetan, <strong>Azken Txostena<\/strong> deskargatu dezakezu. Bertan aurkituko dituzu proiektuaren inguruko xehetasun guztiak.<br \/>\n<strong>Hizkuntza<\/strong>: Ingelesa<br \/>\n<strong>PDF<\/strong> formatua<\/p>\n<p>[\/vc_column_text][\/vc_column][\/vc_row][vc_row][vc_column][vc_empty_space][\/vc_column][\/vc_row][vc_row][vc_column width=&#8221;1\/2&#8243;][vc_empty_space][\/vc_column][vc_column width=&#8221;1\/2&#8243;]<a itemprop=\"url\" href=\"https:\/\/www.gernikagogoratuz.org\/wp-content\/uploads\/2021\/02\/CRIC_Final_Report_Identity_Conflict.pdf\" target=\"_blank\"  class=\"edgtf-btn edgtf-btn-medium edgtf-btn-solid\"  >\n\t<span class=\"edgtf-btn-text\">Azken Txostena (ENG)<\/span>\n    <\/a>[vc_empty_space][vc_column_text]Kontsultatu ekimen hau jasotzen duen <strong><em>Historias de vida, lugares simb\u00f3licos y reconstrucci\u00f3n de identidades en la construcci\u00f3n de la paz. Memorias de las XIX Jornadas Internacionales de Cultura y Paz de Gernika<\/em><\/strong> argitalpena.<\/p>\n<p>Ahmadul Haque y\u00a0<a href=\"https:\/\/www.gernikagogoratuz.org\/eu\/aurkezpena\/maria-oianguren-idigoras\/\" target=\"_blank\" rel=\"noopener noreferrer\">Mar\u00eda Oianguren Idigoras<\/a> (coords.)[\/vc_column_text][vc_empty_space]<a itemprop=\"url\" href=\"https:\/\/www.gernikagogoratuz.org\/portfolio-item\/historias-de-vida-lugares-simbolicos-y-reconstruccion-de-identidades-en-la-construccion\/\" target=\"_blank\"  class=\"edgtf-btn edgtf-btn-medium edgtf-btn-solid\"  >\n\t<span class=\"edgtf-btn-text\">Kontsultatu ``Historias de vida``<\/span>\n    <\/a>[\/vc_column][\/vc_row][vc_row][vc_column][vc_empty_space][vc_empty_space][\/vc_column][\/vc_row]<\/p>\n<\/div>","protected":false},"excerpt":{"rendered":"<p>[vc_row][vc_column][vc_empty_space][vc_empty_space][\/vc_column][\/vc_row][vc_row][vc_column width=&#8221;1\/2&#8243;][vc_single_image image=&#8221;25305&#8243; img_size=&#8221;large&#8221; onclick=&#8221;custom_link&#8221; link=&#8221;https:\/\/www.gernikagogoratuz.org\/wp-content\/uploads\/2021\/02\/CRIC_Final_Report_Identity_Conflict.pdf&#8221;][vc_empty_space][\/vc_column][vc_column width=&#8221;1\/2&#8243;][vc_column_text] Betetzeari buruzko laburpena [\/vc_column_text][vc_empty_space][vc_column_text]CRIC proiektuaren oinarria da kultur ondareak ezinbesteko funtzioa daukala gatazketan eta gatazka osteko egoeretan, eta funtzio hori ez dela beti behar bezala ulertzen. Kultur ondarea, bere forma guztietan (arkitektura, arkeologia, paisaia eta museoak\u2026) kaltetu egiten da gatazka-garaietan, baita apropos bideratutako erasoen bidez ere, kalte psikologikoak&#8230;<\/p>\n","protected":false},"author":5,"featured_media":0,"parent":0,"menu_order":0,"comment_status":"closed","ping_status":"closed","template":"","meta":{"inline_featured_image":false,"footnotes":""},"class_list":["post-25329","page","type-page","status-publish","hentry"],"yoast_head":"<!-- This site is optimized with the Yoast SEO plugin v27.4 - https:\/\/yoast.com\/product\/yoast-seo-wordpress\/ -->\n<title>Gernika Gogoratuz. Centro de Investigaci\u00f3n por la Paz<\/title>\n<meta name=\"description\" content=\"Investigaci\u00f3n, formaci\u00f3n y divulgaci\u00f3n de la Cultura de Paz. Gernika, Ciudad de la Paz en el Siglo XXI. Centro de Estudios por la Paz.\" \/>\n<meta name=\"robots\" content=\"index, follow, max-snippet:-1, max-image-preview:large, max-video-preview:-1\" \/>\n<link rel=\"canonical\" href=\"https:\/\/www.gernikagogoratuz.org\/eu\/cric-identitatea-eta-gatazka\/\" \/>\n<meta property=\"og:locale\" content=\"eu_ES\" \/>\n<meta property=\"og:type\" content=\"article\" \/>\n<meta property=\"og:title\" content=\"Gernika Gogoratuz. Centro de Investigaci\u00f3n por la Paz\" \/>\n<meta property=\"og:description\" content=\"Investigaci\u00f3n, formaci\u00f3n y divulgaci\u00f3n de la Cultura de Paz. Gernika, Ciudad de la Paz en el Siglo XXI. Centro de Estudios por la Paz.\" \/>\n<meta property=\"og:url\" content=\"https:\/\/www.gernikagogoratuz.org\/eu\/cric-identitatea-eta-gatazka\/\" \/>\n<meta property=\"og:site_name\" content=\"Gernika Gogoratuz\" \/>\n<meta property=\"article:publisher\" content=\"https:\/\/www.facebook.com\/GernikaGogoratuzFundacion\" \/>\n<meta property=\"article:modified_time\" content=\"2021-02-15T15:52:45+00:00\" \/>\n<meta name=\"twitter:card\" content=\"summary_large_image\" \/>\n<meta name=\"twitter:site\" content=\"@GGogoratuz\" \/>\n<meta name=\"twitter:label1\" content=\"Est. reading time\" \/>\n\t<meta name=\"twitter:data1\" content=\"2 minutes\" \/>\n<script type=\"application\/ld+json\" class=\"yoast-schema-graph\">{\"@context\":\"https:\\\/\\\/schema.org\",\"@graph\":[{\"@type\":\"WebPage\",\"@id\":\"https:\\\/\\\/www.gernikagogoratuz.org\\\/eu\\\/cric-identitatea-eta-gatazka\\\/\",\"url\":\"https:\\\/\\\/www.gernikagogoratuz.org\\\/eu\\\/cric-identitatea-eta-gatazka\\\/\",\"name\":\"Gernika Gogoratuz. Centro de Investigaci\u00f3n por la Paz\",\"isPartOf\":{\"@id\":\"https:\\\/\\\/www.gernikagogoratuz.org\\\/eu\\\/#website\"},\"datePublished\":\"2021-02-12T10:50:28+00:00\",\"dateModified\":\"2021-02-15T15:52:45+00:00\",\"description\":\"Investigaci\u00f3n, formaci\u00f3n y divulgaci\u00f3n de la Cultura de Paz. Gernika, Ciudad de la Paz en el Siglo XXI. Centro de Estudios por la Paz.\",\"breadcrumb\":{\"@id\":\"https:\\\/\\\/www.gernikagogoratuz.org\\\/eu\\\/cric-identitatea-eta-gatazka\\\/#breadcrumb\"},\"inLanguage\":\"eu-ES\",\"potentialAction\":[{\"@type\":\"ReadAction\",\"target\":[\"https:\\\/\\\/www.gernikagogoratuz.org\\\/eu\\\/cric-identitatea-eta-gatazka\\\/\"]}]},{\"@type\":\"BreadcrumbList\",\"@id\":\"https:\\\/\\\/www.gernikagogoratuz.org\\\/eu\\\/cric-identitatea-eta-gatazka\\\/#breadcrumb\",\"itemListElement\":[{\"@type\":\"ListItem\",\"position\":1,\"name\":\"Portada\",\"item\":\"https:\\\/\\\/www.gernikagogoratuz.org\\\/eu\\\/\"},{\"@type\":\"ListItem\",\"position\":2,\"name\":\"CRIC. Identitatea eta gatazka.\"}]},{\"@type\":\"WebSite\",\"@id\":\"https:\\\/\\\/www.gernikagogoratuz.org\\\/eu\\\/#website\",\"url\":\"https:\\\/\\\/www.gernikagogoratuz.org\\\/eu\\\/\",\"name\":\"Gernika Gogoratuz\",\"description\":\"Centro de investigaci\u00f3n por la paz\",\"publisher\":{\"@id\":\"https:\\\/\\\/www.gernikagogoratuz.org\\\/eu\\\/#organization\"},\"potentialAction\":[{\"@type\":\"SearchAction\",\"target\":{\"@type\":\"EntryPoint\",\"urlTemplate\":\"https:\\\/\\\/www.gernikagogoratuz.org\\\/eu\\\/?s={search_term_string}\"},\"query-input\":{\"@type\":\"PropertyValueSpecification\",\"valueRequired\":true,\"valueName\":\"search_term_string\"}}],\"inLanguage\":\"eu-ES\"},{\"@type\":\"Organization\",\"@id\":\"https:\\\/\\\/www.gernikagogoratuz.org\\\/eu\\\/#organization\",\"name\":\"Gernika Gogoratuz. Centro de Investigaci\u00f3n por la Paz.\",\"url\":\"https:\\\/\\\/www.gernikagogoratuz.org\\\/eu\\\/\",\"logo\":{\"@type\":\"ImageObject\",\"inLanguage\":\"eu-ES\",\"@id\":\"https:\\\/\\\/www.gernikagogoratuz.org\\\/eu\\\/#\\\/schema\\\/logo\\\/image\\\/\",\"url\":\"https:\\\/\\\/www.gernikagogoratuz.org\\\/wp-content\\\/uploads\\\/2018\\\/10\\\/gernikagogoratuzogo_es.svg\",\"contentUrl\":\"https:\\\/\\\/www.gernikagogoratuz.org\\\/wp-content\\\/uploads\\\/2018\\\/10\\\/gernikagogoratuzogo_es.svg\",\"width\":1,\"height\":1,\"caption\":\"Gernika Gogoratuz. Centro de Investigaci\u00f3n por la Paz.\"},\"image\":{\"@id\":\"https:\\\/\\\/www.gernikagogoratuz.org\\\/eu\\\/#\\\/schema\\\/logo\\\/image\\\/\"},\"sameAs\":[\"https:\\\/\\\/www.facebook.com\\\/GernikaGogoratuzFundacion\",\"https:\\\/\\\/x.com\\\/GGogoratuz\",\"https:\\\/\\\/www.youtube.com\\\/user\\\/gernikagogoratuz\\\/videos\"]}]}<\/script>\n<!-- \/ Yoast SEO plugin. -->","yoast_head_json":{"title":"Gernika Gogoratuz. Centro de Investigaci\u00f3n por la Paz","description":"Investigaci\u00f3n, formaci\u00f3n y divulgaci\u00f3n de la Cultura de Paz. Gernika, Ciudad de la Paz en el Siglo XXI. Centro de Estudios por la Paz.","robots":{"index":"index","follow":"follow","max-snippet":"max-snippet:-1","max-image-preview":"max-image-preview:large","max-video-preview":"max-video-preview:-1"},"canonical":"https:\/\/www.gernikagogoratuz.org\/eu\/cric-identitatea-eta-gatazka\/","og_locale":"eu_ES","og_type":"article","og_title":"Gernika Gogoratuz. Centro de Investigaci\u00f3n por la Paz","og_description":"Investigaci\u00f3n, formaci\u00f3n y divulgaci\u00f3n de la Cultura de Paz. Gernika, Ciudad de la Paz en el Siglo XXI. Centro de Estudios por la Paz.","og_url":"https:\/\/www.gernikagogoratuz.org\/eu\/cric-identitatea-eta-gatazka\/","og_site_name":"Gernika Gogoratuz","article_publisher":"https:\/\/www.facebook.com\/GernikaGogoratuzFundacion","article_modified_time":"2021-02-15T15:52:45+00:00","twitter_card":"summary_large_image","twitter_site":"@GGogoratuz","twitter_misc":{"Est. reading time":"2 minutes"},"schema":{"@context":"https:\/\/schema.org","@graph":[{"@type":"WebPage","@id":"https:\/\/www.gernikagogoratuz.org\/eu\/cric-identitatea-eta-gatazka\/","url":"https:\/\/www.gernikagogoratuz.org\/eu\/cric-identitatea-eta-gatazka\/","name":"Gernika Gogoratuz. Centro de Investigaci\u00f3n por la Paz","isPartOf":{"@id":"https:\/\/www.gernikagogoratuz.org\/eu\/#website"},"datePublished":"2021-02-12T10:50:28+00:00","dateModified":"2021-02-15T15:52:45+00:00","description":"Investigaci\u00f3n, formaci\u00f3n y divulgaci\u00f3n de la Cultura de Paz. Gernika, Ciudad de la Paz en el Siglo XXI. Centro de Estudios por la Paz.","breadcrumb":{"@id":"https:\/\/www.gernikagogoratuz.org\/eu\/cric-identitatea-eta-gatazka\/#breadcrumb"},"inLanguage":"eu-ES","potentialAction":[{"@type":"ReadAction","target":["https:\/\/www.gernikagogoratuz.org\/eu\/cric-identitatea-eta-gatazka\/"]}]},{"@type":"BreadcrumbList","@id":"https:\/\/www.gernikagogoratuz.org\/eu\/cric-identitatea-eta-gatazka\/#breadcrumb","itemListElement":[{"@type":"ListItem","position":1,"name":"Portada","item":"https:\/\/www.gernikagogoratuz.org\/eu\/"},{"@type":"ListItem","position":2,"name":"CRIC. Identitatea eta gatazka."}]},{"@type":"WebSite","@id":"https:\/\/www.gernikagogoratuz.org\/eu\/#website","url":"https:\/\/www.gernikagogoratuz.org\/eu\/","name":"Gernika Gogoratuz","description":"Centro de investigaci\u00f3n por la paz","publisher":{"@id":"https:\/\/www.gernikagogoratuz.org\/eu\/#organization"},"potentialAction":[{"@type":"SearchAction","target":{"@type":"EntryPoint","urlTemplate":"https:\/\/www.gernikagogoratuz.org\/eu\/?s={search_term_string}"},"query-input":{"@type":"PropertyValueSpecification","valueRequired":true,"valueName":"search_term_string"}}],"inLanguage":"eu-ES"},{"@type":"Organization","@id":"https:\/\/www.gernikagogoratuz.org\/eu\/#organization","name":"Gernika Gogoratuz. Centro de Investigaci\u00f3n por la Paz.","url":"https:\/\/www.gernikagogoratuz.org\/eu\/","logo":{"@type":"ImageObject","inLanguage":"eu-ES","@id":"https:\/\/www.gernikagogoratuz.org\/eu\/#\/schema\/logo\/image\/","url":"https:\/\/www.gernikagogoratuz.org\/wp-content\/uploads\/2018\/10\/gernikagogoratuzogo_es.svg","contentUrl":"https:\/\/www.gernikagogoratuz.org\/wp-content\/uploads\/2018\/10\/gernikagogoratuzogo_es.svg","width":1,"height":1,"caption":"Gernika Gogoratuz. Centro de Investigaci\u00f3n por la Paz."},"image":{"@id":"https:\/\/www.gernikagogoratuz.org\/eu\/#\/schema\/logo\/image\/"},"sameAs":["https:\/\/www.facebook.com\/GernikaGogoratuzFundacion","https:\/\/x.com\/GGogoratuz","https:\/\/www.youtube.com\/user\/gernikagogoratuz\/videos"]}]}},"_links":{"self":[{"href":"https:\/\/www.gernikagogoratuz.org\/eu\/wp-json\/wp\/v2\/pages\/25329","targetHints":{"allow":["GET"]}}],"collection":[{"href":"https:\/\/www.gernikagogoratuz.org\/eu\/wp-json\/wp\/v2\/pages"}],"about":[{"href":"https:\/\/www.gernikagogoratuz.org\/eu\/wp-json\/wp\/v2\/types\/page"}],"author":[{"embeddable":true,"href":"https:\/\/www.gernikagogoratuz.org\/eu\/wp-json\/wp\/v2\/users\/5"}],"replies":[{"embeddable":true,"href":"https:\/\/www.gernikagogoratuz.org\/eu\/wp-json\/wp\/v2\/comments?post=25329"}],"version-history":[{"count":0,"href":"https:\/\/www.gernikagogoratuz.org\/eu\/wp-json\/wp\/v2\/pages\/25329\/revisions"}],"wp:attachment":[{"href":"https:\/\/www.gernikagogoratuz.org\/eu\/wp-json\/wp\/v2\/media?parent=25329"}],"curies":[{"name":"wp","href":"https:\/\/api.w.org\/{rel}","templated":true}]}}