{"id":26468,"date":"2021-08-09T07:58:03","date_gmt":"2021-08-09T06:58:03","guid":{"rendered":"https:\/\/www.gernikagogoratuz.org\/?page_id=26468"},"modified":"2024-10-30T13:50:13","modified_gmt":"2024-10-30T12:50:13","slug":"artea-bakea","status":"publish","type":"page","link":"https:\/\/www.gernikagogoratuz.org\/eu\/artea-bakea\/","title":{"rendered":"Artea eta bakea"},"content":{"rendered":"<div class=\"wpb-content-wrapper\"><p>[vc_row anchor=&#8221;educacion&#8221; css=&#8221;.vc_custom_1550001976495{margin-top: 30px !important;}&#8221;][vc_column][vc_row_inner][vc_column_inner][vc_empty_space height=&#8221;25px&#8221;][vc_single_image image=&#8221;26172&#8243; img_size=&#8221;full&#8221; alignment=&#8221;center&#8221; el_class=&#8221;hacemos-logo&#8221;][vc_empty_space height=&#8221;25px&#8221;][vc_column_text]<\/p>\n<h2 style=\"text-align: center;\"><strong>Artea eta Bakea<br \/>\n<\/strong><\/h2>\n<p>[\/vc_column_text][\/vc_column_inner][\/vc_row_inner][vc_empty_space][vc_column_text]<\/p>\n<p style=\"text-align: center;\">Arteak forma edo adierazpen zehatzagoa hartzen du arrazoi batekin elkartuta. Arrazoi hori bakea baldin bada, artearen funtzioa bakearen inguruko esanahi, kontakizun, irudikapen, gailu, espazio sinboliko eta subjektibotasun berriak sortzea izango da. (<a href=\"https:\/\/www.gernikagogoratuz.org\/eu\/aurkezpena\/alex-carrascosa\/\" target=\"_blank\" rel=\"noopener noreferrer\">Alex Carrascosa<\/a>, 2021)<\/p>\n<p>[\/vc_column_text][vc_row_inner css=&#8221;.vc_custom_1542982198398{margin-top: 30px !important;}&#8221;][vc_column_inner el_class=&#8221;.home-hacemos&#8221; width=&#8221;1\/2&#8243;][vc_empty_space][vc_column_text css=&#8221;.vc_custom_1627634218180{padding-right: 60px !important;padding-left: 60px !important;}&#8221;]<\/p>\n<p style=\"text-align: center;\"><strong><span id=\"translation_box\" class=\"form-control-text textarea\" role=\"textbox\">Topaketak, erakusketak eta hitzaldiak<\/span><\/strong><\/p>\n<p>[\/vc_column_text][vc_empty_space][vc_column_text]<\/p>\n<p style=\"text-align: left;\">\u00b7 \u201c<a href=\"https:\/\/territoriolab.org\/eu\/erakusketa-artistikoa-astran\/\" target=\"_blank\" rel=\"noopener noreferrer\"><strong>Gatazka egoeran dauden Lurraldeak\u201d arte-erakusketa<\/strong><\/a>. Ekainaren 21etik uztailaren 5era, Astra Gernika-Kultur Sorkuntzako Gizarte Lantegian<br \/>\n\u00b7 Alex Carrascosaren infografiak, <span id=\"translation_box\" class=\"form-control-text textarea\" role=\"textbox\">2020ko urriaren 28an<\/span> <a href=\"https:\/\/www.gernikagogoratuz.org\/eu\/event\/iv-laborategia-bakearen-ekonomia-euskal-enpresa-eta-giza-eskubideak\/\" target=\"_blank\" rel=\"noopener noreferrer\"><strong> IV. Bake Ekonomiako Laborategiaren<\/strong><\/a> emaitzei buruz.<br \/>\n\u00b7 <a href=\"https:\/\/www.gernikagogoratuz.org\/eu\/bakea-eta-elkarbizitza-kolorez-jantzita-florencian-caqueta-kolonbia\/\" target=\"_blank\" rel=\"noopener noreferrer\"><strong>Bakea eta elkarbizitza, kolorez jantzita Florencian<\/strong><\/a> (Caquet\u00e1, Kolonbia). <span id=\"translation_box\" class=\"form-control-text textarea\" role=\"textbox\">2020ko abenduaren 1etik 29ra<\/span>.<br \/>\n\u00b7 \u201c<strong><a href=\"https:\/\/www.gernikagogoratuz.org\/eu\/can-art-stop-a-bullet-william-kellys-big-picture-dokumentalaren-online-aurkezpena\/\" target=\"_blank\" rel=\"noopener noreferrer\">Can art stop a bullet? William Kelly\u2019s big picture<\/a><\/strong>\u201d dokumentalaren aurkezpena. 2020ko urriaren 29an.<br \/>\n\u00b7 <a href=\"https:\/\/www.gernikagogoratuz.org\/eu\/himmelstausch-zeru-trukaketa-berlineko-zeruak-gernikako-zerutik-hegan\/\" target=\"_blank\" rel=\"noopener noreferrer\"><strong>Himmelstausch \u2013 Intercambio de cielos<\/strong><\/a>. Berlineko zeruak Gernikako zerutik hegan. 2019ko irailaren 21a.<br \/>\n<span id=\"translation_box\" class=\"form-control-text textarea\" role=\"textbox\"><\/span>\u00b7 V<a href=\"https:\/\/www.gernikagogoratuz.org\/eu\/event\/memoria-espazioa-hiriko-artean\/\" target=\"_blank\" rel=\"noopener noreferrer\"><strong>II Arte eta bakearen topaketak<\/strong><\/a>. Memoria eta espazioa hiriko artean. 2017ko urriaren 27a eta 28a.<br \/>\n<span id=\"translation_box\" class=\"form-control-text textarea\" role=\"textbox\"><\/span>\u00b7 AgroArte kolektiboaren \u201c<a href=\"https:\/\/www.gernikagogoratuz.org\/wp-content\/uploads\/2021\/07\/CUERPOS_GRAMATICALES._A5_web.pdf\" target=\"_blank\" rel=\"noopener noreferrer\"><strong>Gorputz Gramatikalak<\/strong><\/a>\u201d topaketa (Kolonbia). 2017ko urriaren 28a.<br \/>\n<span id=\"translation_box\" class=\"form-control-text textarea\" role=\"textbox\"><\/span>\u00b7 <a href=\"https:\/\/www.gernikagogoratuz.org\/wp-content\/uploads\/2021\/07\/T_O.2018_-programa.pdf\" target=\"_blank\" rel=\"noopener noreferrer\"><strong>&#8220;Teatro del Oprimido<\/strong>\u201d<\/a> Harrobia eta Gernikako Bakearen Museoa Fundazioarekin lankidetzan. <span id=\"translation_box\" class=\"form-control-text textarea\" role=\"textbox\">2017ko urriaren 26tik 2018ko urriaren 7ra.<\/span><\/p>\n<p style=\"text-align: left;\"><span id=\"translation_box\" class=\"form-control-text textarea\" role=\"textbox\"> <\/span><span id=\"translation_box\" class=\"form-control-text textarea\" role=\"textbox\"><strong>\u00b7 Programa de actividades<\/strong>: La embarcada artivista. 2016<br \/>\n\u00b7 <strong>VI Encuentro Internacional de Arte y Paz de Gernika<\/strong>: <a href=\"https:\/\/www.gernikagogoratuz.org\/wp-content\/uploads\/2023\/11\/VI-Arte-y-paz-2014.pdf\" target=\"_blank\" rel=\"noopener\">&#8220;Educaci\u00f3n para la paz: La letra con arte entra&#8221;<\/a>. 2014.<br \/>\n\u00b7 <strong>I Congreso Internacional de Arte, Memoria y Democracia<\/strong>: <a href=\"https:\/\/www.gernikagogoratuz.org\/wp-content\/uploads\/2024\/01\/arte-memoria-2012.pdf\" target=\"_blank\" rel=\"noopener\">&#8220;Del Guernica de Picasso a la actualidad&#8221;<\/a>. 2012.<br \/>\n\u00b7 <strong>V Encuentro Internacional de Arte y Paz de Gernika<\/strong>: <a href=\"https:\/\/www.gernikagogoratuz.org\/wp-content\/uploads\/2023\/11\/kids-guernica-2012.pdf\" target=\"_blank\" rel=\"noopener\">&#8220;Kids&#8217; Guernica.Un proyecto de arte por la paz<\/a>&#8220;. 2012.<br \/>\n\u00b7 <strong>III Conferencia Internacional Arte y Justicia Social<\/strong> &#8220;Artes, crisis y transformaci\u00f3n social&#8221;. 2012.<br \/>\n\u00b7 <strong>Exposici\u00f3n temporal e itinerante<\/strong> &#8220;Di\u00e1logo entre civilizaciones&#8221;. 2012.<br \/>\n\u00b7 <strong>IV Encuentro Internacional de Arte y Paz de Gernika<\/strong>: <a href=\"https:\/\/www.gernikagogoratuz.org\/wp-content\/uploads\/2023\/11\/IV-encuentro-internacional-2009.pdf\" target=\"_blank\" rel=\"noopener\">&#8220;Arte en medio del conflicto&#8221;<\/a>. 2009.<br \/>\n\u00b7 <strong>Exposici\u00f3n temporal e itinerante<\/strong> &#8220;Arte y derechos Humanos&#8221;. 2008.<br \/>\n\u00b7 <strong>III Encuentro Internacional de Arte y Paz de Gernika<\/strong>: &#8220;<a href=\"https:\/\/www.gernikagogoratuz.org\/wp-content\/uploads\/2023\/11\/IIIencuentro-arte-paz-2007.pdf\" target=\"_blank\" rel=\"noopener\">La participaci\u00f3n ciudadana a trav\u00e9s del arte en la construcci\u00f3n de la paz<\/a>&#8220;. 2007. <a href=\"https:\/\/www.gernikagogoratuz.org\/wp-content\/uploads\/2024\/05\/20240514111502234.pdf\">Programa completo<\/a><br \/>\n\u00b7 <strong>II Encuentro Internacional de Arte y Paz de Gernika<\/strong> en el marco del V Congreso Internacional de Museos por la Paz 2005.<br \/>\n\u00b7 <strong>Figuras espirituales<\/strong>: Pasajes de Paz en la Plaza del fuego y la Luz. 2005.<br \/>\n\u00b7 <strong>Exposici\u00f3n<\/strong> &#8220;Arte Humanista: Lugares Simb\u00f3licos&#8221; de Willian Kelly. 2005.<br \/>\n\u00b7 <a href=\"https:\/\/vimeo.com\/58793976\" target=\"_blank\" rel=\"noopener\"><strong>Bombardeo de poemas sobre Gernika<\/strong><\/a>\u00a0 por el Colectivo Casagrande de Chile. 2004.<br \/>\n\u00b7 <strong>Proyecto internacional. <\/strong><a href=\"https:\/\/www.gernikagogoratuz.org\/wp-content\/uploads\/2023\/11\/kids-guernica-2003.pdf\" target=\"_blank\" rel=\"noopener\">&#8220;Kids Guernica&#8221;<\/a>. 2003.<br \/>\n\u00b7 <strong>I Encuentro Internacional de Arte y Paz de Gernika<\/strong>:<a href=\"https:\/\/www.gernikagogoratuz.org\/wp-content\/uploads\/2023\/11\/del-gernika-a-guernica-2003.pdf\" target=\"_blank\" rel=\"noopener\"> &#8220;Del Guernica al Gernika&#8221;<\/a>. 2003.<br \/>\n\u00b7 <strong>Instalaci\u00f3n<\/strong> &#8220;Plaza del Fuego y de la Luz: lugar de los pacificadores. 2001.<br \/>\n\u00b7 <strong>Cat\u00e1logo y exposici\u00f3n internacional<\/strong> &#8220;Arte hacia la Reconciliaci\u00f3n&#8221;. 1999-2000.<\/span><\/p>\n<p>[\/vc_column_text][\/vc_column_inner][vc_column_inner width=&#8221;1\/2&#8243;][vc_empty_space][vc_column_text css=&#8221;.vc_custom_1627634390954{padding-right: 60px !important;padding-left: 60px !important;}&#8221;]<\/p>\n<p style=\"text-align: center;\"><strong><span id=\"translation_box\" class=\"form-control-text textarea\" role=\"textbox\">Argitalpenak<\/span><\/strong><\/p>\n<p>[\/vc_column_text][vc_empty_space][vc_column_text]<\/p>\n<p style=\"text-align: left;\"><strong>\u00b7 <a href=\"https:\/\/www.gernikagogoratuz.org\/eu\/portfolio-item\/itsasoratze-artibista-artearapia-eta-artibismoa\/\" target=\"_blank\" rel=\"noopener noreferrer\">Itsasoratze artibista<\/a><\/strong>. Artearapia eta artibismoa. Alex Carrascosa, Iratxe Momoitio eta Maria Oianguren. 2018<br \/>\n<strong>\u00b7 <a href=\"https:\/\/www.gernikagogoratuz.org\/eu\/portfolio-item\/asanblada-artibista-alex-carrascosa-bakearen-alde-32-zk-icip\/\" target=\"_blank\" rel=\"noopener noreferrer\">Asanblada artibista<\/a><\/strong>. Alex Carrascosa. \u201cBakearen alde\u201d 32 zk. ICIP. 2017<br \/>\n<strong>\u00b7 <a href=\"https:\/\/www.gernikagogoratuz.org\/eu\/portfolio-item\/la-construccion-del-organismo-social-como-una-obra-de-arte-repeating-beuys-alex-carrascosa-ausart-4-bol-2-zk\/\" target=\"_blank\" rel=\"noopener noreferrer\">La construcci\u00f3n del organismo social como una obra de arte<\/a><\/strong> (repeating Beuys). Alex Carrascosa. AusArt. 4. Bol., 2. Zk. 2016<br \/>\n<strong>\u00b7 <a href=\"https:\/\/www.gernikagogoratuz.org\/eu\/portfolio-item\/dia-tekhne-dialogo-a-traves-del-arte\/\" target=\"_blank\" rel=\"noopener noreferrer\">Dia Tekhn\u00e9<\/a><\/strong>. Di\u00e1logo a trav\u00e9s del arte. Alex Carrascosa. 2009<br \/>\n<strong>\u00b7 <a href=\"https:\/\/www.gernikagogoratuz.org\/portfolio-item\/pedagogia-de-la-memoria\/\" target=\"_blank\" rel=\"noopener noreferrer\">Pedagog\u00eda de la Memoria. El Bombardeo de Gernika. Pedagog\u00eda de Paz a trav\u00e9s de la memoria y el arte<\/a><\/strong>. Mar\u00eda Oianguren y Alex Carrascosa (coords.) 2008<\/p>\n<p>[\/vc_column_text][\/vc_column_inner][\/vc_row_inner][vc_empty_space][\/vc_column][\/vc_row]<\/p>\n<\/div>","protected":false},"excerpt":{"rendered":"<p>[vc_row anchor=&#8221;educacion&#8221; css=&#8221;.vc_custom_1550001976495{margin-top: 30px !important;}&#8221;][vc_column][vc_row_inner][vc_column_inner][vc_empty_space height=&#8221;25px&#8221;][vc_single_image image=&#8221;26172&#8243; img_size=&#8221;full&#8221; alignment=&#8221;center&#8221; el_class=&#8221;hacemos-logo&#8221;][vc_empty_space height=&#8221;25px&#8221;][vc_column_text] Artea eta Bakea [\/vc_column_text][\/vc_column_inner][\/vc_row_inner][vc_empty_space][vc_column_text] Arteak forma edo adierazpen zehatzagoa hartzen du arrazoi batekin elkartuta. Arrazoi hori bakea baldin bada, artearen funtzioa bakearen inguruko esanahi, kontakizun, irudikapen, gailu, espazio sinboliko eta subjektibotasun berriak sortzea izango da. (Alex Carrascosa, 2021) [\/vc_column_text][vc_row_inner css=&#8221;.vc_custom_1542982198398{margin-top: 30px !important;}&#8221;][vc_column_inner el_class=&#8221;.home-hacemos&#8221; width=&#8221;1\/2&#8243;][vc_empty_space][vc_column_text&#8230;<\/p>\n","protected":false},"author":5,"featured_media":0,"parent":0,"menu_order":0,"comment_status":"closed","ping_status":"closed","template":"","meta":{"inline_featured_image":false,"footnotes":""},"class_list":["post-26468","page","type-page","status-publish","hentry"],"yoast_head":"<!-- This site is optimized with the Yoast SEO plugin v27.4 - https:\/\/yoast.com\/product\/yoast-seo-wordpress\/ -->\n<title>Gernika Gogoratuz. Artea eta Bakea<\/title>\n<meta name=\"description\" content=\"Artistekin eta artearen munduarekin esperientziak partekatzen ditugu, memoria-, salaketa- eta erresistentzia-ekimenekin laguntzeko.\" \/>\n<meta name=\"robots\" content=\"index, follow, max-snippet:-1, max-image-preview:large, max-video-preview:-1\" \/>\n<link rel=\"canonical\" href=\"https:\/\/www.gernikagogoratuz.org\/eu\/artea-bakea\/\" \/>\n<meta property=\"og:locale\" content=\"eu_ES\" \/>\n<meta property=\"og:type\" content=\"article\" \/>\n<meta property=\"og:title\" content=\"Gernika Gogoratuz. Artea eta Bakea\" \/>\n<meta property=\"og:description\" content=\"Artistekin eta artearen munduarekin esperientziak partekatzen ditugu, memoria-, salaketa- eta erresistentzia-ekimenekin laguntzeko.\" \/>\n<meta property=\"og:url\" content=\"https:\/\/www.gernikagogoratuz.org\/eu\/artea-bakea\/\" \/>\n<meta property=\"og:site_name\" content=\"Gernika Gogoratuz\" \/>\n<meta property=\"article:publisher\" content=\"https:\/\/www.facebook.com\/GernikaGogoratuzFundacion\" \/>\n<meta property=\"article:modified_time\" content=\"2024-10-30T12:50:13+00:00\" \/>\n<meta name=\"twitter:card\" content=\"summary_large_image\" \/>\n<meta name=\"twitter:site\" content=\"@GGogoratuz\" \/>\n<meta name=\"twitter:label1\" content=\"Est. reading time\" \/>\n\t<meta name=\"twitter:data1\" content=\"3 minutes\" \/>\n<script type=\"application\/ld+json\" class=\"yoast-schema-graph\">{\"@context\":\"https:\\\/\\\/schema.org\",\"@graph\":[{\"@type\":\"WebPage\",\"@id\":\"https:\\\/\\\/www.gernikagogoratuz.org\\\/eu\\\/artea-bakea\\\/\",\"url\":\"https:\\\/\\\/www.gernikagogoratuz.org\\\/eu\\\/artea-bakea\\\/\",\"name\":\"Gernika Gogoratuz. Artea eta Bakea\",\"isPartOf\":{\"@id\":\"https:\\\/\\\/www.gernikagogoratuz.org\\\/eu\\\/#website\"},\"datePublished\":\"2021-08-09T06:58:03+00:00\",\"dateModified\":\"2024-10-30T12:50:13+00:00\",\"description\":\"Artistekin eta artearen munduarekin esperientziak partekatzen ditugu, memoria-, salaketa- eta erresistentzia-ekimenekin laguntzeko.\",\"breadcrumb\":{\"@id\":\"https:\\\/\\\/www.gernikagogoratuz.org\\\/eu\\\/artea-bakea\\\/#breadcrumb\"},\"inLanguage\":\"eu-ES\",\"potentialAction\":[{\"@type\":\"ReadAction\",\"target\":[\"https:\\\/\\\/www.gernikagogoratuz.org\\\/eu\\\/artea-bakea\\\/\"]}]},{\"@type\":\"BreadcrumbList\",\"@id\":\"https:\\\/\\\/www.gernikagogoratuz.org\\\/eu\\\/artea-bakea\\\/#breadcrumb\",\"itemListElement\":[{\"@type\":\"ListItem\",\"position\":1,\"name\":\"Portada\",\"item\":\"https:\\\/\\\/www.gernikagogoratuz.org\\\/eu\\\/\"},{\"@type\":\"ListItem\",\"position\":2,\"name\":\"Artea eta bakea\"}]},{\"@type\":\"WebSite\",\"@id\":\"https:\\\/\\\/www.gernikagogoratuz.org\\\/eu\\\/#website\",\"url\":\"https:\\\/\\\/www.gernikagogoratuz.org\\\/eu\\\/\",\"name\":\"Gernika Gogoratuz\",\"description\":\"Centro de investigaci\u00f3n por la paz\",\"publisher\":{\"@id\":\"https:\\\/\\\/www.gernikagogoratuz.org\\\/eu\\\/#organization\"},\"potentialAction\":[{\"@type\":\"SearchAction\",\"target\":{\"@type\":\"EntryPoint\",\"urlTemplate\":\"https:\\\/\\\/www.gernikagogoratuz.org\\\/eu\\\/?s={search_term_string}\"},\"query-input\":{\"@type\":\"PropertyValueSpecification\",\"valueRequired\":true,\"valueName\":\"search_term_string\"}}],\"inLanguage\":\"eu-ES\"},{\"@type\":\"Organization\",\"@id\":\"https:\\\/\\\/www.gernikagogoratuz.org\\\/eu\\\/#organization\",\"name\":\"Gernika Gogoratuz. Centro de Investigaci\u00f3n por la Paz.\",\"url\":\"https:\\\/\\\/www.gernikagogoratuz.org\\\/eu\\\/\",\"logo\":{\"@type\":\"ImageObject\",\"inLanguage\":\"eu-ES\",\"@id\":\"https:\\\/\\\/www.gernikagogoratuz.org\\\/eu\\\/#\\\/schema\\\/logo\\\/image\\\/\",\"url\":\"https:\\\/\\\/www.gernikagogoratuz.org\\\/wp-content\\\/uploads\\\/2018\\\/10\\\/gernikagogoratuzogo_es.svg\",\"contentUrl\":\"https:\\\/\\\/www.gernikagogoratuz.org\\\/wp-content\\\/uploads\\\/2018\\\/10\\\/gernikagogoratuzogo_es.svg\",\"width\":1,\"height\":1,\"caption\":\"Gernika Gogoratuz. Centro de Investigaci\u00f3n por la Paz.\"},\"image\":{\"@id\":\"https:\\\/\\\/www.gernikagogoratuz.org\\\/eu\\\/#\\\/schema\\\/logo\\\/image\\\/\"},\"sameAs\":[\"https:\\\/\\\/www.facebook.com\\\/GernikaGogoratuzFundacion\",\"https:\\\/\\\/x.com\\\/GGogoratuz\",\"https:\\\/\\\/www.youtube.com\\\/user\\\/gernikagogoratuz\\\/videos\"]}]}<\/script>\n<!-- \/ Yoast SEO plugin. -->","yoast_head_json":{"title":"Gernika Gogoratuz. Artea eta Bakea","description":"Artistekin eta artearen munduarekin esperientziak partekatzen ditugu, memoria-, salaketa- eta erresistentzia-ekimenekin laguntzeko.","robots":{"index":"index","follow":"follow","max-snippet":"max-snippet:-1","max-image-preview":"max-image-preview:large","max-video-preview":"max-video-preview:-1"},"canonical":"https:\/\/www.gernikagogoratuz.org\/eu\/artea-bakea\/","og_locale":"eu_ES","og_type":"article","og_title":"Gernika Gogoratuz. Artea eta Bakea","og_description":"Artistekin eta artearen munduarekin esperientziak partekatzen ditugu, memoria-, salaketa- eta erresistentzia-ekimenekin laguntzeko.","og_url":"https:\/\/www.gernikagogoratuz.org\/eu\/artea-bakea\/","og_site_name":"Gernika Gogoratuz","article_publisher":"https:\/\/www.facebook.com\/GernikaGogoratuzFundacion","article_modified_time":"2024-10-30T12:50:13+00:00","twitter_card":"summary_large_image","twitter_site":"@GGogoratuz","twitter_misc":{"Est. reading time":"3 minutes"},"schema":{"@context":"https:\/\/schema.org","@graph":[{"@type":"WebPage","@id":"https:\/\/www.gernikagogoratuz.org\/eu\/artea-bakea\/","url":"https:\/\/www.gernikagogoratuz.org\/eu\/artea-bakea\/","name":"Gernika Gogoratuz. Artea eta Bakea","isPartOf":{"@id":"https:\/\/www.gernikagogoratuz.org\/eu\/#website"},"datePublished":"2021-08-09T06:58:03+00:00","dateModified":"2024-10-30T12:50:13+00:00","description":"Artistekin eta artearen munduarekin esperientziak partekatzen ditugu, memoria-, salaketa- eta erresistentzia-ekimenekin laguntzeko.","breadcrumb":{"@id":"https:\/\/www.gernikagogoratuz.org\/eu\/artea-bakea\/#breadcrumb"},"inLanguage":"eu-ES","potentialAction":[{"@type":"ReadAction","target":["https:\/\/www.gernikagogoratuz.org\/eu\/artea-bakea\/"]}]},{"@type":"BreadcrumbList","@id":"https:\/\/www.gernikagogoratuz.org\/eu\/artea-bakea\/#breadcrumb","itemListElement":[{"@type":"ListItem","position":1,"name":"Portada","item":"https:\/\/www.gernikagogoratuz.org\/eu\/"},{"@type":"ListItem","position":2,"name":"Artea eta bakea"}]},{"@type":"WebSite","@id":"https:\/\/www.gernikagogoratuz.org\/eu\/#website","url":"https:\/\/www.gernikagogoratuz.org\/eu\/","name":"Gernika Gogoratuz","description":"Centro de investigaci\u00f3n por la paz","publisher":{"@id":"https:\/\/www.gernikagogoratuz.org\/eu\/#organization"},"potentialAction":[{"@type":"SearchAction","target":{"@type":"EntryPoint","urlTemplate":"https:\/\/www.gernikagogoratuz.org\/eu\/?s={search_term_string}"},"query-input":{"@type":"PropertyValueSpecification","valueRequired":true,"valueName":"search_term_string"}}],"inLanguage":"eu-ES"},{"@type":"Organization","@id":"https:\/\/www.gernikagogoratuz.org\/eu\/#organization","name":"Gernika Gogoratuz. Centro de Investigaci\u00f3n por la Paz.","url":"https:\/\/www.gernikagogoratuz.org\/eu\/","logo":{"@type":"ImageObject","inLanguage":"eu-ES","@id":"https:\/\/www.gernikagogoratuz.org\/eu\/#\/schema\/logo\/image\/","url":"https:\/\/www.gernikagogoratuz.org\/wp-content\/uploads\/2018\/10\/gernikagogoratuzogo_es.svg","contentUrl":"https:\/\/www.gernikagogoratuz.org\/wp-content\/uploads\/2018\/10\/gernikagogoratuzogo_es.svg","width":1,"height":1,"caption":"Gernika Gogoratuz. Centro de Investigaci\u00f3n por la Paz."},"image":{"@id":"https:\/\/www.gernikagogoratuz.org\/eu\/#\/schema\/logo\/image\/"},"sameAs":["https:\/\/www.facebook.com\/GernikaGogoratuzFundacion","https:\/\/x.com\/GGogoratuz","https:\/\/www.youtube.com\/user\/gernikagogoratuz\/videos"]}]}},"_links":{"self":[{"href":"https:\/\/www.gernikagogoratuz.org\/eu\/wp-json\/wp\/v2\/pages\/26468","targetHints":{"allow":["GET"]}}],"collection":[{"href":"https:\/\/www.gernikagogoratuz.org\/eu\/wp-json\/wp\/v2\/pages"}],"about":[{"href":"https:\/\/www.gernikagogoratuz.org\/eu\/wp-json\/wp\/v2\/types\/page"}],"author":[{"embeddable":true,"href":"https:\/\/www.gernikagogoratuz.org\/eu\/wp-json\/wp\/v2\/users\/5"}],"replies":[{"embeddable":true,"href":"https:\/\/www.gernikagogoratuz.org\/eu\/wp-json\/wp\/v2\/comments?post=26468"}],"version-history":[{"count":3,"href":"https:\/\/www.gernikagogoratuz.org\/eu\/wp-json\/wp\/v2\/pages\/26468\/revisions"}],"predecessor-version":[{"id":38340,"href":"https:\/\/www.gernikagogoratuz.org\/eu\/wp-json\/wp\/v2\/pages\/26468\/revisions\/38340"}],"wp:attachment":[{"href":"https:\/\/www.gernikagogoratuz.org\/eu\/wp-json\/wp\/v2\/media?parent=26468"}],"curies":[{"name":"wp","href":"https:\/\/api.w.org\/{rel}","templated":true}]}}