{"id":38742,"date":"2025-01-24T09:59:27","date_gmt":"2025-01-24T08:59:27","guid":{"rendered":"https:\/\/www.gernikagogoratuz.org\/?page_id=38742"},"modified":"2025-09-03T11:48:52","modified_gmt":"2025-09-03T10:48:52","slug":"gaitasunak-harilkatzen","status":"publish","type":"page","link":"https:\/\/www.gernikagogoratuz.org\/eu\/gaitasunak-harilkatzen\/","title":{"rendered":"Gaitasunak harilkatzen"},"content":{"rendered":"<div class=\"wpb-content-wrapper\"><p>[vc_row][vc_column][vc_single_image image=&#8221;38627&#8243; img_size=&#8221;medium&#8221; alignment=&#8221;center&#8221;][\/vc_column][\/vc_row][vc_row][vc_column][vc_empty_space][vc_column_text]<\/p>\n<h2 style=\"font-size: 18px;\">Emakume indigenen eta nekazarien ahalduntzea Caldas departamenduan (Kolonbia), eskubideak aldarrikatzeko eta gauzatzeko.<\/h2>\n<p>[\/vc_column_text][vc_empty_space][vc_row_inner][vc_column_inner][vc_column_text]\u00ab<strong>Gaitasunak harilkatzen<\/strong>\u00bb proiektuaren helburua Caldas departamentuko Kolonbiako kafe-egile ardatza osatzen duten emakume nekazarien eta indigenen gaitasunak indartzea da. Beren komunitateetan genero-arrakalak murrizteko, bizi-baldintzak hobetzeko eta giza eskubideak bermatzeko; hori guztia ezinbesteko baldintza baita lurralde-bakea sendotzeko.[\/vc_column_text][\/vc_column_inner][\/vc_row_inner][vc_empty_space][vc_empty_space][\/vc_column][\/vc_row][vc_row][vc_column][vc_empty_space][vc_column_text]<\/p>\n<h3><strong><span style=\"color: #7dab6a;\">AURREKARIAK<\/span><\/strong><\/h3>\n<hr \/>\n<p>[\/vc_column_text][vc_empty_space][\/vc_column][\/vc_row][vc_row][vc_column width=&#8221;1\/3&#8243;][vc_column_text]<\/p>\n<div class=\"page\" title=\"Page 9\">\n<div class=\"section\">\n<div class=\"layoutArea\">\n<div class=\"column\">\n<p>Mamia Manizalesko Unibertsitate Autonomoaren esperientzian oinarritzen da, Kolonbia Zientifikoa \u2013 Trantsizioetarako Gaitasun Politikoak Harilkatuz programarekin. Prozesu horretan parte hartu zuten proiektu honetan lan egiten duten emakume nekazarien eta indigenen erakundeek.<\/p>\n<\/div>\n<\/div>\n<\/div>\n<\/div>\n<p>[\/vc_column_text][vc_empty_space][\/vc_column][vc_column width=&#8221;1\/3&#8243;][vc_column_text]<\/p>\n<div class=\"page\" title=\"Page 9\">\n<div class=\"section\">\n<div class=\"layoutArea\">\n<div class=\"column\">\n<p>Proiektuaren lehen fasearen helburua, 5 urtetan garatua, lurraldeetan trantsizioko gaitasun politikoak sortzea izan zen; gatazka sozialen bitartekaritza demokratikoan oinarrituta, adiskidetzera eta bake egonkor eta iraunkorra eraikitzera bideratuta.<\/p>\n<\/div>\n<\/div>\n<\/div>\n<\/div>\n<p>[\/vc_column_text][vc_empty_space][\/vc_column][vc_column width=&#8221;1\/3&#8243;][vc_column_text]Fase horretan teknika eta metodo parte-hartzaileen bidez parte hartu zuten emakume gazte liderrek ibilbide-orri bat ezarri zuten, identifikatutako egiturazko oztopoak gainditzeko lanean jarraitzeko aukera ematen duena.[\/vc_column_text][vc_empty_space][\/vc_column][\/vc_row][vc_row][vc_column][vc_empty_space][vc_column_text]<\/p>\n<h3><strong><span style=\"color: #7dab6a;\">GAITASUNAK HARILKATZEN (2024)<br \/>\n<\/span><\/strong><\/h3>\n<hr \/>\n<p>[\/vc_column_text][vc_empty_space][vc_column_text]Proiektu hau <strong>Samana<\/strong> eta <strong>Riosucio<\/strong> udalerrietan aurretik lagundutako prozesuetatik eratorritako bi emakume-erakunderen lanean eta indartzean oinarritzen da bereziki.[\/vc_column_text][vc_empty_space][\/vc_column][\/vc_row][vc_row][vc_column width=&#8221;1\/2&#8243;][vc_empty_space][vc_column_text]<\/p>\n<h3><strong><span style=\"color: #7dab6a;\">SAMAN\u00c1<br \/>\n<\/span><\/strong><\/h3>\n<hr \/>\n<p>[\/vc_column_text][vc_empty_space][vc_single_image image=&#8221;38641&#8243; img_size=&#8221;MEDIUM&#8221; alignment=&#8221;center&#8221;][vc_empty_space][vc_column_text]<\/p>\n<div class=\"page\" title=\"Page 9\">\n<div class=\"section\">\n<div class=\"layoutArea\">\n<div class=\"column\">\n<p><strong>Eco-Heliconias Nekazarien Erakundea Corregimiento Encimadas<\/strong>-en bizi diren emakumeek osatzen dute, Samana udalerrian, Caldas ekialdean. Erakunde honek biomaterialekin egiten du lan produktuak merkaturatzeko.<\/p>\n<\/div>\n<\/div>\n<\/div>\n<\/div>\n<p>[\/vc_column_text][vc_empty_space][\/vc_column][vc_column width=&#8221;1\/2&#8243;][vc_empty_space][vc_column_text]<\/p>\n<h3><strong><span style=\"color: #7dab6a;\">RIOSUCIO<br \/>\n<\/span><\/strong><\/h3>\n<hr \/>\n<p>[\/vc_column_text][vc_empty_space][vc_single_image image=&#8221;38638&#8243; img_size=&#8221;MEDIUM&#8221; alignment=&#8221;center&#8221;][vc_empty_space][vc_column_text]<\/p>\n<div class=\"page\" title=\"Page 9\">\n<div class=\"section\">\n<div class=\"layoutArea\">\n<div class=\"column\">\n<p><strong>Ca\u00f1amomo Lomaprieta Babes Indigenako Emakumeen Elkartea<\/strong>k, Riosucio udalerriko (Caldas) emakumeek osatutakoak, politikan, antolaketan, lidergoan eta ahalduntzean parte-hartze handiagoa lortu nahi du.<\/p>\n<\/div>\n<\/div>\n<\/div>\n<\/div>\n<p>[\/vc_column_text][vc_empty_space][\/vc_column][\/vc_row][vc_row][vc_column][vc_empty_space][vc_column_text]<\/p>\n<h3><strong><span style=\"color: #7dab6a;\">BERRIAK<\/span><\/strong><\/h3>\n<hr \/>\n<p>[\/vc_column_text][vc_empty_space][\/vc_column][\/vc_row][vc_row][vc_column width=&#8221;1\/3&#8243;][vc_column_text]<\/p>\n<h5><strong><span style=\"color: #7dab6a;\">SAMAN\u00c1<\/span><\/strong><\/h5>\n<p>[\/vc_column_text][vc_empty_space][vc_gallery interval=&#8221;3&#8243; images=&#8221;39350,39347,39344,39341,39338&#8243; img_size=&#8221;full&#8221; css=&#8221;&#8221;][vc_empty_space][vc_column_text css=&#8221;&#8221;]<\/p>\n<h6>Idazketa sortzaile kolektiboa eta ideagintza tailerrak<\/h6>\n<p>[\/vc_column_text][vc_column_text css=&#8221;&#8221;]2025ko Otsaila[\/vc_column_text][vc_empty_space][\/vc_column][vc_column width=&#8221;1\/3&#8243;][vc_column_text]<\/p>\n<h5><strong><span style=\"color: #7dab6a;\">SAMAN\u00c1<\/span><\/strong><\/h5>\n<p>[\/vc_column_text][vc_empty_space][vc_gallery interval=&#8221;3&#8243; images=&#8221;38648,38651,38654,38657,38660,38663,38666,38669,38672&#8243; img_size=&#8221;full&#8221;][vc_empty_space][vc_column_text]<\/p>\n<h6>Indarkeriak diagnostikatzeko tailerra<\/h6>\n<p>[\/vc_column_text][vc_column_text]2024ko iraila-abendua[\/vc_column_text][vc_empty_space][\/vc_column][vc_column width=&#8221;1\/3&#8243;][vc_column_text]<\/p>\n<h6><strong><span style=\"color: #7dab6a;\">RIOSUCIO<\/span><\/strong><\/h6>\n<p>[\/vc_column_text][vc_empty_space][vc_gallery interval=&#8221;3&#8243; images=&#8221;38675,38678,38681,38684,38687,38690,38693,38696,38699&#8243; img_size=&#8221;full&#8221;][vc_empty_space][vc_column_text]<\/p>\n<h6>Indarkeriak diagnostikatzeko tailerra<\/h6>\n<p>[\/vc_column_text][vc_column_text]2024ko iraila-abendua[\/vc_column_text][vc_empty_space][\/vc_column][\/vc_row][vc_row][vc_column width=&#8221;1\/4&#8243;][vc_column_text css=&#8221;&#8221;]<\/p>\n<h5><strong><span style=\"color: #7dab6a;\">GERNIKA GOGORATUZEN BISITA (2025EKO IRAILA)<\/span><\/strong><\/h5>\n<p>[\/vc_column_text][vc_empty_space][vc_video link=&#8221;https:\/\/youtube.com\/shorts\/bjO1RjTpaQ0&#8243; css=&#8221;&#8221;][vc_empty_space][vc_column_text css=&#8221;&#8221;]<\/p>\n<h6>Bakearen aldeko emakumeen tulpa<\/h6>\n<p>Emakume indigena eta nekazariekin topaketa Riosucion, Caldas.[\/vc_column_text][vc_empty_space][\/vc_column][vc_column width=&#8221;1\/4&#8243;][vc_empty_space][\/vc_column][vc_column width=&#8221;1\/4&#8243;][vc_empty_space][\/vc_column][vc_column width=&#8221;1\/4&#8243;][vc_empty_space][\/vc_column][\/vc_row][vc_row][vc_column width=&#8221;1\/4&#8243;][vc_column_text css=&#8221;&#8221;]<\/p>\n<h5><strong><span style=\"color: #7dab6a;\">GERNIKA GOGORATUZEN BISITA (2025EKO URTARRILA)<\/span><\/strong><\/h5>\n<p>[\/vc_column_text][vc_empty_space][vc_gallery interval=&#8221;3&#8243; images=&#8221;39405,39402,39399,39396&#8243; img_size=&#8221;full&#8221; css=&#8221;&#8221;][vc_empty_space][vc_column_text css=&#8221;&#8221;]<\/p>\n<h6>Manizaleseko Unibertsitate Autonomoan (UAM)<\/h6>\n<p>Carlos Eduardo Jaramillo Sanint errektorearekin eta errektore-taldeko kide batzuekin bilera[\/vc_column_text][vc_empty_space][\/vc_column][vc_column width=&#8221;1\/4&#8243;][vc_empty_space height=&#8221;48px&#8221;][vc_gallery interval=&#8221;3&#8243; images=&#8221;39408&#8243; img_size=&#8221;full&#8221; onclick=&#8221;custom_link&#8221; custom_links_target=&#8221;_blank&#8221; css=&#8221;&#8221; custom_links=&#8221;#E-8_aHR0cHMlM0ElMkYlMkZ5b3V0dS5iZSUyRnl3enlMNjhUalFjJTNGc2klM0QtMnVfZFl2MFpUWTdWWUtl&#8221;][vc_empty_space][vc_column_text css=&#8221;&#8221;]<\/p>\n<h6>Proiektuaren aurkezpena<\/h6>\n<p>Maria Oianguren, zuzendaria eta Liliana Zambrano, Gernika Gogoratuzeko ikertzailea[\/vc_column_text][vc_empty_space][\/vc_column][vc_column width=&#8221;1\/4&#8243;][vc_empty_space height=&#8221;48px&#8221;][vc_gallery interval=&#8221;3&#8243; images=&#8221;39414&#8243; img_size=&#8221;full&#8221; onclick=&#8221;custom_link&#8221; custom_links_target=&#8221;_blank&#8221; css=&#8221;&#8221; custom_links=&#8221;#E-8_aHR0cHMlM0ElMkYlMkZ3d3cubGFwYXRyaWEuY29tJTJGY2FsZGFzJTJGZnVuZGFjaW9uLWdlcm5pa2EtZ29nb3JhdHV6LXktdWFtLXVuLWVuZm9xdWUtaW5ub3ZhZG9yLWVuLXByb3llY3Rvcy1kZS1wYXotZW4tY2FsZGFz&#8221;][vc_empty_space][vc_column_text css=&#8221;&#8221;]<\/p>\n<h6>La Patria egunkaria<\/h6>\n<p>Maria Oianguren Gernika Gogoratuzeko zuzendariari egindako elkarrizketa[\/vc_column_text][vc_empty_space][\/vc_column][vc_column width=&#8221;1\/4&#8243;][vc_empty_space height=&#8221;48px&#8221;][vc_gallery interval=&#8221;3&#8243; images=&#8221;39435,40345,40342,40339,40336&#8243; img_size=&#8221;full&#8221; css=&#8221;&#8221;][vc_empty_space][vc_column_text css=&#8221;&#8221;]<\/p>\n<h6>Topaketa<\/h6>\n<p>Riosucio (Caldas) udalerrira bisita eta Ca\u00f1amomo Lomaprieta indigenen komunitateko bi emakume liderrekin topaketa[\/vc_column_text][vc_empty_space][\/vc_column][\/vc_row][vc_row][vc_column][vc_empty_space][vc_column_text css=&#8221;&#8221;]<\/p>\n<h3><span style=\"color: #7dab6a;\">BALIABIDEAK<\/span><\/h3>\n<hr \/>\n<p>[\/vc_column_text][vc_empty_space][\/vc_column][\/vc_row][vc_row][vc_column width=&#8221;1\/4&#8243;][vc_column_text css=&#8221;&#8221;]<\/p>\n<h5><strong><span style=\"color: #7dab6a;\">SAMAN\u00c1<\/span><\/strong><\/h5>\n<p>[\/vc_column_text][vc_empty_space][vc_gallery interval=&#8221;3&#8243; images=&#8221;39422&#8243; img_size=&#8221;full&#8221; onclick=&#8221;custom_link&#8221; custom_links_target=&#8221;_blank&#8221; css=&#8221;&#8221; custom_links=&#8221;#E-8_aHR0cHMlM0ElMkYlMkZ3d3cuYXV0b25vbWEuZWR1LmNvJTJGYmxvZyUyRm5vdGljaWFzJTJGcGFydGljaXBhY2lvbi1wb2xpdGljYS15LWNvbm9jaW1pZW50by1lbi1wb2xpdGljYXMtZGUtZ2VuZXJvLWVuLXNhbWFuYQ==&#8221;][vc_column_text css=&#8221;&#8221;]<\/p>\n<h6>Parte-hartze politikoa eta genero-politiken ezagutza Samanan<\/h6>\n<p>[\/vc_column_text][vc_empty_space][\/vc_column][vc_column width=&#8221;1\/4&#8243;][vc_column_text css=&#8221;&#8221;]<\/p>\n<h5><strong><span style=\"color: #7dab6a;\">SAMAN\u00c1<\/span><\/strong><\/h5>\n<p>[\/vc_column_text][vc_empty_space][vc_gallery interval=&#8221;3&#8243; images=&#8221;40102&#8243; img_size=&#8221;full&#8221; onclick=&#8221;custom_link&#8221; custom_links_target=&#8221;_blank&#8221; css=&#8221;&#8221; custom_links=&#8221;#E-8_aHR0cHMlM0ElMkYlMkZ5b3V0dS5iZSUyRlVLcXl4dHdtQzhN&#8221;][vc_column_text css=&#8221;&#8221;]<\/p>\n<h6>Corregimiento de Encimadas.<\/h6>\n<p>Bost protagonistek genero-indarkeriari, aukerak eskuratzeko modu desorekatuari eta ahalduntze-prozesuari buruzko hausnarketa aurkezten dute. Lan honek gogoeta kritikoa sustatu, kontzientziatu eta eskubideen aldarrikapena indartzea bilatzen duen tresna hezitzaile gisa funtzionatzen du.[\/vc_column_text][vc_empty_space][\/vc_column][vc_column width=&#8221;1\/4&#8243;][\/vc_column][vc_column width=&#8221;1\/4&#8243;][\/vc_column][\/vc_row][vc_row][vc_column width=&#8221;1\/2&#8243;][vc_empty_space][vc_column_text]<\/p>\n<h3><strong><span style=\"color: #7dab6a;\">ALIANTZAK<\/span><\/strong><\/h3>\n<hr \/>\n<p>[\/vc_column_text][vc_empty_space][vc_row_inner][vc_column_inner width=&#8221;1\/4&#8243;][vc_single_image image=&#8221;37579&#8243; img_size=&#8221;full&#8221;][vc_empty_space][\/vc_column_inner][vc_column_inner width=&#8221;1\/4&#8243;][vc_single_image image=&#8221;38708&#8243; img_size=&#8221;full&#8221;][vc_empty_space][\/vc_column_inner][vc_column_inner width=&#8221;1\/4&#8243;][vc_empty_space][\/vc_column_inner][vc_column_inner width=&#8221;1\/4&#8243;][vc_empty_space][\/vc_column_inner][\/vc_row_inner][\/vc_column][vc_column width=&#8221;1\/2&#8243;][vc_empty_space][vc_row_inner][vc_column_inner][vc_column_text]<\/p>\n<h3><strong><span style=\"color: #7dab6a;\">BABESLEAK<\/span><\/strong><\/h3>\n<hr \/>\n<p>[\/vc_column_text][\/vc_column_inner][\/vc_row_inner][vc_empty_space][vc_row_inner][vc_column_inner width=&#8221;1\/3&#8243;][vc_single_image image=&#8221;37160&#8243; img_size=&#8221;full&#8221;][\/vc_column_inner][vc_column_inner width=&#8221;1\/3&#8243;][\/vc_column_inner][vc_column_inner width=&#8221;1\/3&#8243;][\/vc_column_inner][\/vc_row_inner][vc_empty_space][\/vc_column][\/vc_row]<\/p>\n<\/div>","protected":false},"excerpt":{"rendered":"<p>[vc_row][vc_column][vc_single_image image=&#8221;38627&#8243; img_size=&#8221;medium&#8221; alignment=&#8221;center&#8221;][\/vc_column][\/vc_row][vc_row][vc_column][vc_empty_space][vc_column_text] Emakume indigenen eta nekazarien ahalduntzea Caldas departamenduan (Kolonbia), eskubideak aldarrikatzeko eta gauzatzeko. [\/vc_column_text][vc_empty_space][vc_row_inner][vc_column_inner][vc_column_text]\u00abGaitasunak harilkatzen\u00bb proiektuaren helburua Caldas departamentuko Kolonbiako kafe-egile ardatza osatzen duten emakume nekazarien eta indigenen gaitasunak indartzea da. Beren komunitateetan genero-arrakalak murrizteko, bizi-baldintzak hobetzeko eta giza eskubideak bermatzeko; hori guztia ezinbesteko baldintza baita lurralde-bakea sendotzeko.[\/vc_column_text][\/vc_column_inner][\/vc_row_inner][vc_empty_space][vc_empty_space][\/vc_column][\/vc_row][vc_row][vc_column][vc_empty_space][vc_column_text] AURREKARIAK [\/vc_column_text][vc_empty_space][\/vc_column][\/vc_row][vc_row][vc_column width=&#8221;1\/3&#8243;][vc_column_text] Mamia&#8230;<\/p>\n","protected":false},"author":5,"featured_media":0,"parent":0,"menu_order":0,"comment_status":"closed","ping_status":"closed","template":"","meta":{"inline_featured_image":false,"footnotes":""},"class_list":["post-38742","page","type-page","status-publish","hentry"],"yoast_head":"<!-- This site is optimized with the Yoast SEO plugin v27.3 - https:\/\/yoast.com\/product\/yoast-seo-wordpress\/ -->\n<title>Gernika Gogoratuz. Centro de Investigaci\u00f3n por la Paz<\/title>\n<meta name=\"description\" content=\"Investigaci\u00f3n, formaci\u00f3n y divulgaci\u00f3n de la Cultura de Paz. Gernika, Ciudad de la Paz en el Siglo XXI. Centro de Estudios por la Paz.\" \/>\n<meta name=\"robots\" content=\"index, follow, max-snippet:-1, max-image-preview:large, max-video-preview:-1\" \/>\n<link rel=\"canonical\" href=\"https:\/\/www.gernikagogoratuz.org\/eu\/gaitasunak-harilkatzen\/\" \/>\n<meta property=\"og:locale\" content=\"eu_ES\" \/>\n<meta property=\"og:type\" content=\"article\" \/>\n<meta property=\"og:title\" content=\"Gernika Gogoratuz. Centro de Investigaci\u00f3n por la Paz\" \/>\n<meta property=\"og:description\" content=\"Investigaci\u00f3n, formaci\u00f3n y divulgaci\u00f3n de la Cultura de Paz. Gernika, Ciudad de la Paz en el Siglo XXI. Centro de Estudios por la Paz.\" \/>\n<meta property=\"og:url\" content=\"https:\/\/www.gernikagogoratuz.org\/eu\/gaitasunak-harilkatzen\/\" \/>\n<meta property=\"og:site_name\" content=\"Gernika Gogoratuz\" \/>\n<meta property=\"article:publisher\" content=\"https:\/\/www.facebook.com\/GernikaGogoratuzFundacion\" \/>\n<meta property=\"article:modified_time\" content=\"2025-09-03T10:48:52+00:00\" \/>\n<meta name=\"twitter:card\" content=\"summary_large_image\" \/>\n<meta name=\"twitter:site\" content=\"@GGogoratuz\" \/>\n<meta name=\"twitter:label1\" content=\"Est. reading time\" \/>\n\t<meta name=\"twitter:data1\" content=\"3 minutes\" \/>\n<script type=\"application\/ld+json\" class=\"yoast-schema-graph\">{\"@context\":\"https:\\\/\\\/schema.org\",\"@graph\":[{\"@type\":\"WebPage\",\"@id\":\"https:\\\/\\\/www.gernikagogoratuz.org\\\/eu\\\/gaitasunak-harilkatzen\\\/\",\"url\":\"https:\\\/\\\/www.gernikagogoratuz.org\\\/eu\\\/gaitasunak-harilkatzen\\\/\",\"name\":\"Gernika Gogoratuz. Centro de Investigaci\u00f3n por la Paz\",\"isPartOf\":{\"@id\":\"https:\\\/\\\/www.gernikagogoratuz.org\\\/eu\\\/#website\"},\"datePublished\":\"2025-01-24T08:59:27+00:00\",\"dateModified\":\"2025-09-03T10:48:52+00:00\",\"description\":\"Investigaci\u00f3n, formaci\u00f3n y divulgaci\u00f3n de la Cultura de Paz. Gernika, Ciudad de la Paz en el Siglo XXI. Centro de Estudios por la Paz.\",\"breadcrumb\":{\"@id\":\"https:\\\/\\\/www.gernikagogoratuz.org\\\/eu\\\/gaitasunak-harilkatzen\\\/#breadcrumb\"},\"inLanguage\":\"eu-ES\",\"potentialAction\":[{\"@type\":\"ReadAction\",\"target\":[\"https:\\\/\\\/www.gernikagogoratuz.org\\\/eu\\\/gaitasunak-harilkatzen\\\/\"]}]},{\"@type\":\"BreadcrumbList\",\"@id\":\"https:\\\/\\\/www.gernikagogoratuz.org\\\/eu\\\/gaitasunak-harilkatzen\\\/#breadcrumb\",\"itemListElement\":[{\"@type\":\"ListItem\",\"position\":1,\"name\":\"Portada\",\"item\":\"https:\\\/\\\/www.gernikagogoratuz.org\\\/eu\\\/\"},{\"@type\":\"ListItem\",\"position\":2,\"name\":\"Gaitasunak harilkatzen\"}]},{\"@type\":\"WebSite\",\"@id\":\"https:\\\/\\\/www.gernikagogoratuz.org\\\/eu\\\/#website\",\"url\":\"https:\\\/\\\/www.gernikagogoratuz.org\\\/eu\\\/\",\"name\":\"Gernika Gogoratuz\",\"description\":\"Centro de investigaci\u00f3n por la paz\",\"publisher\":{\"@id\":\"https:\\\/\\\/www.gernikagogoratuz.org\\\/eu\\\/#organization\"},\"potentialAction\":[{\"@type\":\"SearchAction\",\"target\":{\"@type\":\"EntryPoint\",\"urlTemplate\":\"https:\\\/\\\/www.gernikagogoratuz.org\\\/eu\\\/?s={search_term_string}\"},\"query-input\":{\"@type\":\"PropertyValueSpecification\",\"valueRequired\":true,\"valueName\":\"search_term_string\"}}],\"inLanguage\":\"eu-ES\"},{\"@type\":\"Organization\",\"@id\":\"https:\\\/\\\/www.gernikagogoratuz.org\\\/eu\\\/#organization\",\"name\":\"Gernika Gogoratuz. Centro de Investigaci\u00f3n por la Paz.\",\"url\":\"https:\\\/\\\/www.gernikagogoratuz.org\\\/eu\\\/\",\"logo\":{\"@type\":\"ImageObject\",\"inLanguage\":\"eu-ES\",\"@id\":\"https:\\\/\\\/www.gernikagogoratuz.org\\\/eu\\\/#\\\/schema\\\/logo\\\/image\\\/\",\"url\":\"https:\\\/\\\/www.gernikagogoratuz.org\\\/wp-content\\\/uploads\\\/2018\\\/10\\\/gernikagogoratuzogo_es.svg\",\"contentUrl\":\"https:\\\/\\\/www.gernikagogoratuz.org\\\/wp-content\\\/uploads\\\/2018\\\/10\\\/gernikagogoratuzogo_es.svg\",\"width\":1,\"height\":1,\"caption\":\"Gernika Gogoratuz. Centro de Investigaci\u00f3n por la Paz.\"},\"image\":{\"@id\":\"https:\\\/\\\/www.gernikagogoratuz.org\\\/eu\\\/#\\\/schema\\\/logo\\\/image\\\/\"},\"sameAs\":[\"https:\\\/\\\/www.facebook.com\\\/GernikaGogoratuzFundacion\",\"https:\\\/\\\/x.com\\\/GGogoratuz\",\"https:\\\/\\\/www.youtube.com\\\/user\\\/gernikagogoratuz\\\/videos\"]}]}<\/script>\n<!-- \/ Yoast SEO plugin. -->","yoast_head_json":{"title":"Gernika Gogoratuz. Centro de Investigaci\u00f3n por la Paz","description":"Investigaci\u00f3n, formaci\u00f3n y divulgaci\u00f3n de la Cultura de Paz. Gernika, Ciudad de la Paz en el Siglo XXI. Centro de Estudios por la Paz.","robots":{"index":"index","follow":"follow","max-snippet":"max-snippet:-1","max-image-preview":"max-image-preview:large","max-video-preview":"max-video-preview:-1"},"canonical":"https:\/\/www.gernikagogoratuz.org\/eu\/gaitasunak-harilkatzen\/","og_locale":"eu_ES","og_type":"article","og_title":"Gernika Gogoratuz. Centro de Investigaci\u00f3n por la Paz","og_description":"Investigaci\u00f3n, formaci\u00f3n y divulgaci\u00f3n de la Cultura de Paz. Gernika, Ciudad de la Paz en el Siglo XXI. Centro de Estudios por la Paz.","og_url":"https:\/\/www.gernikagogoratuz.org\/eu\/gaitasunak-harilkatzen\/","og_site_name":"Gernika Gogoratuz","article_publisher":"https:\/\/www.facebook.com\/GernikaGogoratuzFundacion","article_modified_time":"2025-09-03T10:48:52+00:00","twitter_card":"summary_large_image","twitter_site":"@GGogoratuz","twitter_misc":{"Est. reading time":"3 minutes"},"schema":{"@context":"https:\/\/schema.org","@graph":[{"@type":"WebPage","@id":"https:\/\/www.gernikagogoratuz.org\/eu\/gaitasunak-harilkatzen\/","url":"https:\/\/www.gernikagogoratuz.org\/eu\/gaitasunak-harilkatzen\/","name":"Gernika Gogoratuz. Centro de Investigaci\u00f3n por la Paz","isPartOf":{"@id":"https:\/\/www.gernikagogoratuz.org\/eu\/#website"},"datePublished":"2025-01-24T08:59:27+00:00","dateModified":"2025-09-03T10:48:52+00:00","description":"Investigaci\u00f3n, formaci\u00f3n y divulgaci\u00f3n de la Cultura de Paz. Gernika, Ciudad de la Paz en el Siglo XXI. Centro de Estudios por la Paz.","breadcrumb":{"@id":"https:\/\/www.gernikagogoratuz.org\/eu\/gaitasunak-harilkatzen\/#breadcrumb"},"inLanguage":"eu-ES","potentialAction":[{"@type":"ReadAction","target":["https:\/\/www.gernikagogoratuz.org\/eu\/gaitasunak-harilkatzen\/"]}]},{"@type":"BreadcrumbList","@id":"https:\/\/www.gernikagogoratuz.org\/eu\/gaitasunak-harilkatzen\/#breadcrumb","itemListElement":[{"@type":"ListItem","position":1,"name":"Portada","item":"https:\/\/www.gernikagogoratuz.org\/eu\/"},{"@type":"ListItem","position":2,"name":"Gaitasunak harilkatzen"}]},{"@type":"WebSite","@id":"https:\/\/www.gernikagogoratuz.org\/eu\/#website","url":"https:\/\/www.gernikagogoratuz.org\/eu\/","name":"Gernika Gogoratuz","description":"Centro de investigaci\u00f3n por la paz","publisher":{"@id":"https:\/\/www.gernikagogoratuz.org\/eu\/#organization"},"potentialAction":[{"@type":"SearchAction","target":{"@type":"EntryPoint","urlTemplate":"https:\/\/www.gernikagogoratuz.org\/eu\/?s={search_term_string}"},"query-input":{"@type":"PropertyValueSpecification","valueRequired":true,"valueName":"search_term_string"}}],"inLanguage":"eu-ES"},{"@type":"Organization","@id":"https:\/\/www.gernikagogoratuz.org\/eu\/#organization","name":"Gernika Gogoratuz. Centro de Investigaci\u00f3n por la Paz.","url":"https:\/\/www.gernikagogoratuz.org\/eu\/","logo":{"@type":"ImageObject","inLanguage":"eu-ES","@id":"https:\/\/www.gernikagogoratuz.org\/eu\/#\/schema\/logo\/image\/","url":"https:\/\/www.gernikagogoratuz.org\/wp-content\/uploads\/2018\/10\/gernikagogoratuzogo_es.svg","contentUrl":"https:\/\/www.gernikagogoratuz.org\/wp-content\/uploads\/2018\/10\/gernikagogoratuzogo_es.svg","width":1,"height":1,"caption":"Gernika Gogoratuz. Centro de Investigaci\u00f3n por la Paz."},"image":{"@id":"https:\/\/www.gernikagogoratuz.org\/eu\/#\/schema\/logo\/image\/"},"sameAs":["https:\/\/www.facebook.com\/GernikaGogoratuzFundacion","https:\/\/x.com\/GGogoratuz","https:\/\/www.youtube.com\/user\/gernikagogoratuz\/videos"]}]}},"_links":{"self":[{"href":"https:\/\/www.gernikagogoratuz.org\/eu\/wp-json\/wp\/v2\/pages\/38742","targetHints":{"allow":["GET"]}}],"collection":[{"href":"https:\/\/www.gernikagogoratuz.org\/eu\/wp-json\/wp\/v2\/pages"}],"about":[{"href":"https:\/\/www.gernikagogoratuz.org\/eu\/wp-json\/wp\/v2\/types\/page"}],"author":[{"embeddable":true,"href":"https:\/\/www.gernikagogoratuz.org\/eu\/wp-json\/wp\/v2\/users\/5"}],"replies":[{"embeddable":true,"href":"https:\/\/www.gernikagogoratuz.org\/eu\/wp-json\/wp\/v2\/comments?post=38742"}],"version-history":[{"count":15,"href":"https:\/\/www.gernikagogoratuz.org\/eu\/wp-json\/wp\/v2\/pages\/38742\/revisions"}],"predecessor-version":[{"id":40633,"href":"https:\/\/www.gernikagogoratuz.org\/eu\/wp-json\/wp\/v2\/pages\/38742\/revisions\/40633"}],"wp:attachment":[{"href":"https:\/\/www.gernikagogoratuz.org\/eu\/wp-json\/wp\/v2\/media?parent=38742"}],"curies":[{"name":"wp","href":"https:\/\/api.w.org\/{rel}","templated":true}]}}